{"id":108,"date":"2020-08-16T16:11:31","date_gmt":"2020-08-16T14:11:31","guid":{"rendered":"http:\/\/127.0.0.1:10080\/wordpress\/?page_id=108"},"modified":"2025-08-22T15:43:45","modified_gmt":"2025-08-22T13:43:45","slug":"enfants-jeunes","status":"publish","type":"page","link":"https:\/\/paroissespentecotesaintpaul.ovh\/index.php\/vie-chretienne\/formation\/enfants-jeunes\/","title":{"rendered":"ENFANTS ET JEUNES"},"content":{"rendered":"\n<p>De l&rsquo;\u00e9veil \u00e0 la foi aux aum\u00f4neries, vos enfants et jeunes peuvent suivre une formation chr\u00e9tienne adapt\u00e9e \u00e0 leur \u00e2ge.<\/p>\n\n\n\n<ul>\n<li>De 3 \u00e0 6 ans : <a href=\"https:\/\/paroissespentecotesaintpaul.ovh\/index.php\/vie-chretienne\/formation\/enfants-jeunes\/eveil-a-la-foi\/\">\u00c9veil \u00e0 la foi<\/a><\/li>\n\n\n\n<li>De 7 \u00e0 11 ans : <a href=\"https:\/\/paroissespentecotesaintpaul.ovh\/index.php\/vie-chretienne\/formation\/enfants-jeunes\/catechese-7-11-ans\/\">Cat\u00e9ch\u00e8se primaire<\/a> <\/li>\n\n\n\n<li>De 12 \u00e0 18 ans : <a href=\"https:\/\/paroissespentecotesaintpaul.ovh\/index.php\/vie-chretienne\/formation\/enfants-jeunes\/temps-forts-collegiens-et-profession-de-foi\/\">Les Aum\u00f4neries<\/a> <\/li>\n<\/ul>\n\n\n\n<p>Vous pouvez venir inscrire votre enfant et\/ou jeune lors du <strong>forum d&rsquo;inscription<\/strong> le <strong>samedi 20 septembre, de 10h00 \u00e0 12h00<\/strong> \u00e0 la maison paroissiale de Saint-Andr\u00e9 (28 rue du bas Landreau, Rez\u00e9).<\/p>\n","protected":false},"excerpt":{"rendered":"<p>De l&rsquo;\u00e9veil \u00e0 la foi aux aum\u00f4neries, vos enfants et jeunes peuvent suivre une formation chr\u00e9tienne adapt\u00e9e \u00e0 leur \u00e2ge. Vous pouvez venir inscrire votre [&hellip;] <span class=\"read-more-link\"><a class=\"read-more\" href=\"https:\/\/paroissespentecotesaintpaul.ovh\/index.php\/vie-chretienne\/formation\/enfants-jeunes\/\">Read More<\/a><\/span><\/p>\n","protected":false},"author":1,"featured_media":0,"parent":2724,"menu_order":0,"comment_status":"closed","ping_status":"closed","template":"","meta":{"_monsterinsights_skip_tracking":false,"_monsterinsights_sitenote_active":false,"_monsterinsights_sitenote_note":"","_monsterinsights_sitenote_category":0,"footnotes":""},"yoast_head":"<!-- This site is optimized with the Yoast SEO plugin v23.5 - https:\/\/yoast.com\/wordpress\/plugins\/seo\/ -->\n<title>ENFANTS ET JEUNES - Paroisses de la Pentec\u00f4te et de Saint-Paul Notre-Dame du Rosaire<\/title>\n<meta name=\"robots\" content=\"index, follow, max-snippet:-1, max-image-preview:large, max-video-preview:-1\" \/>\n<link rel=\"canonical\" href=\"https:\/\/paroissespentecotesaintpaul.ovh\/index.php\/vie-chretienne\/formation\/enfants-jeunes\/\" \/>\n<meta property=\"og:locale\" content=\"fr_FR\" \/>\n<meta property=\"og:type\" content=\"article\" \/>\n<meta property=\"og:title\" content=\"ENFANTS ET JEUNES - Paroisses de la Pentec\u00f4te et de Saint-Paul Notre-Dame du Rosaire\" \/>\n<meta property=\"og:description\" content=\"De l&rsquo;\u00e9veil \u00e0 la foi aux aum\u00f4neries, vos enfants et jeunes peuvent suivre une formation chr\u00e9tienne adapt\u00e9e \u00e0 leur \u00e2ge. Vous pouvez venir inscrire votre [&hellip;] Read More\" \/>\n<meta property=\"og:url\" content=\"https:\/\/paroissespentecotesaintpaul.ovh\/index.php\/vie-chretienne\/formation\/enfants-jeunes\/\" \/>\n<meta property=\"og:site_name\" content=\"Paroisses de la Pentec\u00f4te et de Saint-Paul Notre-Dame du Rosaire\" \/>\n<meta property=\"article:modified_time\" content=\"2025-08-22T13:43:45+00:00\" \/>\n<meta name=\"twitter:card\" content=\"summary_large_image\" \/>\n<meta name=\"twitter:label1\" content=\"Dur\u00e9e de lecture estim\u00e9e\" \/>\n\t<meta name=\"twitter:data1\" content=\"1 minute\" \/>\n<script type=\"application\/ld+json\" class=\"yoast-schema-graph\">{\"@context\":\"https:\/\/schema.org\",\"@graph\":[{\"@type\":\"WebPage\",\"@id\":\"https:\/\/paroissespentecotesaintpaul.ovh\/index.php\/vie-chretienne\/formation\/enfants-jeunes\/\",\"url\":\"https:\/\/paroissespentecotesaintpaul.ovh\/index.php\/vie-chretienne\/formation\/enfants-jeunes\/\",\"name\":\"ENFANTS ET JEUNES - Paroisses de la Pentec\u00f4te et de Saint-Paul Notre-Dame du Rosaire\",\"isPartOf\":{\"@id\":\"https:\/\/paroissespentecotesaintpaul.ovh\/#website\"},\"datePublished\":\"2020-08-16T14:11:31+00:00\",\"dateModified\":\"2025-08-22T13:43:45+00:00\",\"breadcrumb\":{\"@id\":\"https:\/\/paroissespentecotesaintpaul.ovh\/index.php\/vie-chretienne\/formation\/enfants-jeunes\/#breadcrumb\"},\"inLanguage\":\"fr-FR\",\"potentialAction\":[{\"@type\":\"ReadAction\",\"target\":[\"https:\/\/paroissespentecotesaintpaul.ovh\/index.php\/vie-chretienne\/formation\/enfants-jeunes\/\"]}]},{\"@type\":\"BreadcrumbList\",\"@id\":\"https:\/\/paroissespentecotesaintpaul.ovh\/index.php\/vie-chretienne\/formation\/enfants-jeunes\/#breadcrumb\",\"itemListElement\":[{\"@type\":\"ListItem\",\"position\":1,\"name\":\"Home\",\"item\":\"https:\/\/paroissespentecotesaintpaul.ovh\/\"},{\"@type\":\"ListItem\",\"position\":2,\"name\":\"VIE CHRETIENNE\",\"item\":\"https:\/\/paroissespentecotesaintpaul.ovh\/index.php\/vie-chretienne\/\"},{\"@type\":\"ListItem\",\"position\":3,\"name\":\"FORMATION CHRETIENNE\",\"item\":\"https:\/\/paroissespentecotesaintpaul.ovh\/index.php\/vie-chretienne\/formation\/\"},{\"@type\":\"ListItem\",\"position\":4,\"name\":\"ENFANTS ET JEUNES\"}]},{\"@type\":\"WebSite\",\"@id\":\"https:\/\/paroissespentecotesaintpaul.ovh\/#website\",\"url\":\"https:\/\/paroissespentecotesaintpaul.ovh\/\",\"name\":\"Paroisses de la Pentec\u00f4te et de Saint-Paul Notre-Dame du Rosaire\",\"description\":\"Saint-Pierre -  Saint-Paul - Saint-Andr\u00e9 -  Notre-Dame des Ap\u00f4tres - Notre-Dame du Rosaire \",\"publisher\":{\"@id\":\"https:\/\/paroissespentecotesaintpaul.ovh\/#organization\"},\"potentialAction\":[{\"@type\":\"SearchAction\",\"target\":{\"@type\":\"EntryPoint\",\"urlTemplate\":\"https:\/\/paroissespentecotesaintpaul.ovh\/?s={search_term_string}\"},\"query-input\":{\"@type\":\"PropertyValueSpecification\",\"valueRequired\":true,\"valueName\":\"search_term_string\"}}],\"inLanguage\":\"fr-FR\"},{\"@type\":\"Organization\",\"@id\":\"https:\/\/paroissespentecotesaintpaul.ovh\/#organization\",\"name\":\"Paroisses de la Pentecote Saint-Paul Notre-Dame du Rosaire\",\"url\":\"https:\/\/paroissespentecotesaintpaul.ovh\/\",\"logo\":{\"@type\":\"ImageObject\",\"inLanguage\":\"fr-FR\",\"@id\":\"https:\/\/paroissespentecotesaintpaul.ovh\/#\/schema\/logo\/image\/\",\"url\":\"http:\/\/paroissespentecotesaintpaul.ovh\/wp-content\/uploads\/2020\/09\/logo-commun.png\",\"contentUrl\":\"http:\/\/paroissespentecotesaintpaul.ovh\/wp-content\/uploads\/2020\/09\/logo-commun.png\",\"width\":453,\"height\":235,\"caption\":\"Paroisses de la Pentecote Saint-Paul Notre-Dame du Rosaire\"},\"image\":{\"@id\":\"https:\/\/paroissespentecotesaintpaul.ovh\/#\/schema\/logo\/image\/\"}}]}<\/script>\n<!-- \/ Yoast SEO plugin. -->","yoast_head_json":{"title":"ENFANTS ET JEUNES - Paroisses de la Pentec\u00f4te et de Saint-Paul Notre-Dame du Rosaire","robots":{"index":"index","follow":"follow","max-snippet":"max-snippet:-1","max-image-preview":"max-image-preview:large","max-video-preview":"max-video-preview:-1"},"canonical":"https:\/\/paroissespentecotesaintpaul.ovh\/index.php\/vie-chretienne\/formation\/enfants-jeunes\/","og_locale":"fr_FR","og_type":"article","og_title":"ENFANTS ET JEUNES - Paroisses de la Pentec\u00f4te et de Saint-Paul Notre-Dame du Rosaire","og_description":"De l&rsquo;\u00e9veil \u00e0 la foi aux aum\u00f4neries, vos enfants et jeunes peuvent suivre une formation chr\u00e9tienne adapt\u00e9e \u00e0 leur \u00e2ge. Vous pouvez venir inscrire votre [&hellip;] Read More","og_url":"https:\/\/paroissespentecotesaintpaul.ovh\/index.php\/vie-chretienne\/formation\/enfants-jeunes\/","og_site_name":"Paroisses de la Pentec\u00f4te et de Saint-Paul Notre-Dame du Rosaire","article_modified_time":"2025-08-22T13:43:45+00:00","twitter_card":"summary_large_image","twitter_misc":{"Dur\u00e9e de lecture estim\u00e9e":"1 minute"},"schema":{"@context":"https:\/\/schema.org","@graph":[{"@type":"WebPage","@id":"https:\/\/paroissespentecotesaintpaul.ovh\/index.php\/vie-chretienne\/formation\/enfants-jeunes\/","url":"https:\/\/paroissespentecotesaintpaul.ovh\/index.php\/vie-chretienne\/formation\/enfants-jeunes\/","name":"ENFANTS ET JEUNES - Paroisses de la Pentec\u00f4te et de Saint-Paul Notre-Dame du Rosaire","isPartOf":{"@id":"https:\/\/paroissespentecotesaintpaul.ovh\/#website"},"datePublished":"2020-08-16T14:11:31+00:00","dateModified":"2025-08-22T13:43:45+00:00","breadcrumb":{"@id":"https:\/\/paroissespentecotesaintpaul.ovh\/index.php\/vie-chretienne\/formation\/enfants-jeunes\/#breadcrumb"},"inLanguage":"fr-FR","potentialAction":[{"@type":"ReadAction","target":["https:\/\/paroissespentecotesaintpaul.ovh\/index.php\/vie-chretienne\/formation\/enfants-jeunes\/"]}]},{"@type":"BreadcrumbList","@id":"https:\/\/paroissespentecotesaintpaul.ovh\/index.php\/vie-chretienne\/formation\/enfants-jeunes\/#breadcrumb","itemListElement":[{"@type":"ListItem","position":1,"name":"Home","item":"https:\/\/paroissespentecotesaintpaul.ovh\/"},{"@type":"ListItem","position":2,"name":"VIE CHRETIENNE","item":"https:\/\/paroissespentecotesaintpaul.ovh\/index.php\/vie-chretienne\/"},{"@type":"ListItem","position":3,"name":"FORMATION CHRETIENNE","item":"https:\/\/paroissespentecotesaintpaul.ovh\/index.php\/vie-chretienne\/formation\/"},{"@type":"ListItem","position":4,"name":"ENFANTS ET JEUNES"}]},{"@type":"WebSite","@id":"https:\/\/paroissespentecotesaintpaul.ovh\/#website","url":"https:\/\/paroissespentecotesaintpaul.ovh\/","name":"Paroisses de la Pentec\u00f4te et de Saint-Paul Notre-Dame du Rosaire","description":"Saint-Pierre -  Saint-Paul - Saint-Andr\u00e9 -  Notre-Dame des Ap\u00f4tres - Notre-Dame du Rosaire ","publisher":{"@id":"https:\/\/paroissespentecotesaintpaul.ovh\/#organization"},"potentialAction":[{"@type":"SearchAction","target":{"@type":"EntryPoint","urlTemplate":"https:\/\/paroissespentecotesaintpaul.ovh\/?s={search_term_string}"},"query-input":{"@type":"PropertyValueSpecification","valueRequired":true,"valueName":"search_term_string"}}],"inLanguage":"fr-FR"},{"@type":"Organization","@id":"https:\/\/paroissespentecotesaintpaul.ovh\/#organization","name":"Paroisses de la Pentecote Saint-Paul Notre-Dame du Rosaire","url":"https:\/\/paroissespentecotesaintpaul.ovh\/","logo":{"@type":"ImageObject","inLanguage":"fr-FR","@id":"https:\/\/paroissespentecotesaintpaul.ovh\/#\/schema\/logo\/image\/","url":"http:\/\/paroissespentecotesaintpaul.ovh\/wp-content\/uploads\/2020\/09\/logo-commun.png","contentUrl":"http:\/\/paroissespentecotesaintpaul.ovh\/wp-content\/uploads\/2020\/09\/logo-commun.png","width":453,"height":235,"caption":"Paroisses de la Pentecote Saint-Paul Notre-Dame du Rosaire"},"image":{"@id":"https:\/\/paroissespentecotesaintpaul.ovh\/#\/schema\/logo\/image\/"}}]}},"_links":{"self":[{"href":"https:\/\/paroissespentecotesaintpaul.ovh\/index.php\/wp-json\/wp\/v2\/pages\/108"}],"collection":[{"href":"https:\/\/paroissespentecotesaintpaul.ovh\/index.php\/wp-json\/wp\/v2\/pages"}],"about":[{"href":"https:\/\/paroissespentecotesaintpaul.ovh\/index.php\/wp-json\/wp\/v2\/types\/page"}],"author":[{"embeddable":true,"href":"https:\/\/paroissespentecotesaintpaul.ovh\/index.php\/wp-json\/wp\/v2\/users\/1"}],"replies":[{"embeddable":true,"href":"https:\/\/paroissespentecotesaintpaul.ovh\/index.php\/wp-json\/wp\/v2\/comments?post=108"}],"version-history":[{"count":10,"href":"https:\/\/paroissespentecotesaintpaul.ovh\/index.php\/wp-json\/wp\/v2\/pages\/108\/revisions"}],"predecessor-version":[{"id":4442,"href":"https:\/\/paroissespentecotesaintpaul.ovh\/index.php\/wp-json\/wp\/v2\/pages\/108\/revisions\/4442"}],"up":[{"embeddable":true,"href":"https:\/\/paroissespentecotesaintpaul.ovh\/index.php\/wp-json\/wp\/v2\/pages\/2724"}],"wp:attachment":[{"href":"https:\/\/paroissespentecotesaintpaul.ovh\/index.php\/wp-json\/wp\/v2\/media?parent=108"}],"curies":[{"name":"wp","href":"https:\/\/api.w.org\/{rel}","templated":true}]}}