{"id":2470,"date":"2020-08-16T16:17:49","date_gmt":"2020-08-16T14:17:49","guid":{"rendered":"https:\/\/ndvitre.wordpress.com\/?page_id=2470"},"modified":"2025-08-22T15:41:58","modified_gmt":"2025-08-22T13:41:58","slug":"premiere-communion-7-11-ans","status":"publish","type":"page","link":"https:\/\/paroissespentecotesaintpaul.ovh\/index.php\/vie-chretienne\/sacrements\/premiere-communion-7-11-ans\/","title":{"rendered":"PREMIERE COMMUNION"},"content":{"rendered":"\n<div class=\"wp-block-buttons is-layout-flex wp-block-buttons-is-layout-flex\"><\/div>\n\n\n\n<div class=\"wp-block-columns is-layout-flex wp-container-core-columns-layout-1 wp-block-columns-is-layout-flex\">\n<div class=\"wp-block-column is-layout-flow wp-block-column-is-layout-flow\" style=\"flex-basis:50%\">\n<p class=\"has-text-align-center\"><strong>La&nbsp;premi\u00e8re des communions d\u00e9signe la premi\u00e8re fois qu&rsquo;une personne&nbsp;baptis\u00e9e communie au cours de la c\u00e9l\u00e9bration de la &nbsp;messe.<\/strong><\/p>\n\n\n\n<h5 class=\"wp-block-heading\">POUR LES ENFANTS (PRIMAIRE)<\/h5>\n\n\n\n<p class=\"has-text-align-left\">Lors de la troisi\u00e8me ann\u00e9e de <a href=\"https:\/\/paroissespentecotesaintpaul.ovh\/index.php\/vie-chretienne\/formation\/enfants-jeunes\/catechese-7-11-ans\/\">cat\u00e9ch\u00e8se<\/a>, s&rsquo;il en a le d\u00e9sir, votre enfant peut commencer un parcours de pr\u00e9paration \u00e0 la premi\u00e8re communion. <\/p>\n\n\n\n<p>Ce parcours se vit en parall\u00e8le de la cat\u00e9ch\u00e8se et ne vient pas la remplacer.<\/p>\n\n\n\n<p class=\"has-text-align-left\">Il est accompagn\u00e9 tout au long de son parcours par un a\u00een\u00e9 dans la foi, un membre de la communaut\u00e9 paroissiale.<\/p>\n<\/div>\n\n\n\n<div class=\"wp-block-column is-vertically-aligned-center is-layout-flow wp-block-column-is-layout-flow\" style=\"flex-basis:50%\"><div class=\"wp-block-image is-style-rounded\">\n<figure class=\"aligncenter size-large is-resized\"><img loading=\"lazy\" decoding=\"async\" width=\"1024\" height=\"724\" src=\"https:\/\/paroissespentecotesaintpaul.ovh\/wp-content\/uploads\/2024\/10\/Premiere-communion-1024x724.png\" alt=\"Premi\u00e8re communion\" class=\"wp-image-4228\" style=\"width:376px;height:auto\" srcset=\"https:\/\/paroissespentecotesaintpaul.ovh\/wp-content\/uploads\/2024\/10\/Premiere-communion-1024x724.png 1024w, https:\/\/paroissespentecotesaintpaul.ovh\/wp-content\/uploads\/2024\/10\/Premiere-communion-300x212.png 300w, https:\/\/paroissespentecotesaintpaul.ovh\/wp-content\/uploads\/2024\/10\/Premiere-communion-768x543.png 768w, https:\/\/paroissespentecotesaintpaul.ovh\/wp-content\/uploads\/2024\/10\/Premiere-communion-1536x1086.png 1536w, https:\/\/paroissespentecotesaintpaul.ovh\/wp-content\/uploads\/2024\/10\/Premiere-communion.png 2000w\" sizes=\"(max-width: 1024px) 100vw, 1024px\" \/><\/figure><\/div><\/div>\n<\/div>\n\n\n\n<p class=\"has-text-align-center\">Avec le parcours \u00ab\u00a0Vivre avec Dieu\u00a0\u00bb votre enfant pourra se pr\u00e9parer librement \u00e0 vivre sa premi\u00e8re communion.<\/p>\n\n\n\n<p class=\"has-text-align-center\">Dani PERNOT &#8211; danipernot1@gmail.com<\/p>\n\n\n\n<h5 class=\"wp-block-heading\">POUR LES JEUNES (COLL\u00c9GIENS ET LYC\u00c9ENS)<\/h5>\n\n\n\n<p>La pr\u00e9paration au sacrement de la premi\u00e8re communion peut s&rsquo;effectuer en <a href=\"https:\/\/paroissespentecotesaintpaul.ovh\/index.php\/vie-chretienne\/formation\/enfants-jeunes\/temps-forts-collegiens-et-profession-de-foi\/\">Aum\u00f4nerie<\/a>.<\/p>\n","protected":false},"excerpt":{"rendered":"<p>La&nbsp;premi\u00e8re des communions d\u00e9signe la premi\u00e8re fois qu&rsquo;une personne&nbsp;baptis\u00e9e communie au cours de la c\u00e9l\u00e9bration de la &nbsp;messe. POUR LES ENFANTS (PRIMAIRE) Lors de la [&hellip;] <span class=\"read-more-link\"><a class=\"read-more\" href=\"https:\/\/paroissespentecotesaintpaul.ovh\/index.php\/vie-chretienne\/sacrements\/premiere-communion-7-11-ans\/\">Read More<\/a><\/span><\/p>\n","protected":false},"author":1,"featured_media":4222,"parent":2683,"menu_order":1,"comment_status":"closed","ping_status":"closed","template":"","meta":{"_monsterinsights_skip_tracking":false,"_monsterinsights_sitenote_active":false,"_monsterinsights_sitenote_note":"","_monsterinsights_sitenote_category":0,"footnotes":""},"yoast_head":"<!-- This site is optimized with the Yoast SEO plugin v23.5 - https:\/\/yoast.com\/wordpress\/plugins\/seo\/ -->\n<title>PREMIERE COMMUNION - Paroisses de la Pentec\u00f4te et de Saint-Paul Notre-Dame du Rosaire<\/title>\n<meta name=\"description\" content=\"Votre enfant est invit\u00e9 \u00e0 pr\u00e9parer sa premi\u00e8re communion s&#039;il le souhaite lors de sa troisi\u00e8me ann\u00e9e de cat\u00e9ch\u00e8se\" \/>\n<meta name=\"robots\" content=\"index, follow, max-snippet:-1, max-image-preview:large, max-video-preview:-1\" \/>\n<link rel=\"canonical\" href=\"https:\/\/paroissespentecotesaintpaul.ovh\/index.php\/vie-chretienne\/sacrements\/premiere-communion-7-11-ans\/\" \/>\n<meta property=\"og:locale\" content=\"fr_FR\" \/>\n<meta property=\"og:type\" content=\"article\" \/>\n<meta property=\"og:title\" content=\"PREMIERE COMMUNION - Paroisses de la Pentec\u00f4te et de Saint-Paul Notre-Dame du Rosaire\" \/>\n<meta property=\"og:description\" content=\"Votre enfant est invit\u00e9 \u00e0 pr\u00e9parer sa premi\u00e8re communion s&#039;il le souhaite lors de sa troisi\u00e8me ann\u00e9e de cat\u00e9ch\u00e8se\" \/>\n<meta property=\"og:url\" content=\"https:\/\/paroissespentecotesaintpaul.ovh\/index.php\/vie-chretienne\/sacrements\/premiere-communion-7-11-ans\/\" \/>\n<meta property=\"og:site_name\" content=\"Paroisses de la Pentec\u00f4te et de Saint-Paul Notre-Dame du Rosaire\" \/>\n<meta property=\"article:modified_time\" content=\"2025-08-22T13:41:58+00:00\" \/>\n<meta property=\"og:image\" content=\"https:\/\/paroissespentecotesaintpaul.ovh\/wp-content\/uploads\/2024\/10\/3-2-1-724x1024.png\" \/>\n\t<meta property=\"og:image:width\" content=\"724\" \/>\n\t<meta property=\"og:image:height\" content=\"1024\" \/>\n\t<meta property=\"og:image:type\" content=\"image\/png\" \/>\n<meta name=\"twitter:card\" content=\"summary_large_image\" \/>\n<meta name=\"twitter:label1\" content=\"Dur\u00e9e de lecture estim\u00e9e\" \/>\n\t<meta name=\"twitter:data1\" content=\"2 minutes\" \/>\n<script type=\"application\/ld+json\" class=\"yoast-schema-graph\">{\"@context\":\"https:\/\/schema.org\",\"@graph\":[{\"@type\":\"Article\",\"@id\":\"https:\/\/paroissespentecotesaintpaul.ovh\/index.php\/vie-chretienne\/sacrements\/premiere-communion-7-11-ans\/#article\",\"isPartOf\":{\"@id\":\"https:\/\/paroissespentecotesaintpaul.ovh\/index.php\/vie-chretienne\/sacrements\/premiere-communion-7-11-ans\/\"},\"author\":{\"name\":\"admin9493\",\"@id\":\"https:\/\/paroissespentecotesaintpaul.ovh\/#\/schema\/person\/40d6261e73db3d0db9cdb67a5dd3b8c7\"},\"headline\":\"PREMIERE COMMUNION\",\"datePublished\":\"2020-08-16T14:17:49+00:00\",\"dateModified\":\"2025-08-22T13:41:58+00:00\",\"mainEntityOfPage\":{\"@id\":\"https:\/\/paroissespentecotesaintpaul.ovh\/index.php\/vie-chretienne\/sacrements\/premiere-communion-7-11-ans\/\"},\"wordCount\":155,\"publisher\":{\"@id\":\"https:\/\/paroissespentecotesaintpaul.ovh\/#organization\"},\"image\":{\"@id\":\"https:\/\/paroissespentecotesaintpaul.ovh\/index.php\/vie-chretienne\/sacrements\/premiere-communion-7-11-ans\/#primaryimage\"},\"thumbnailUrl\":\"https:\/\/paroissespentecotesaintpaul.ovh\/wp-content\/uploads\/2024\/10\/3-2-1.png\",\"inLanguage\":\"fr-FR\"},{\"@type\":\"WebPage\",\"@id\":\"https:\/\/paroissespentecotesaintpaul.ovh\/index.php\/vie-chretienne\/sacrements\/premiere-communion-7-11-ans\/\",\"url\":\"https:\/\/paroissespentecotesaintpaul.ovh\/index.php\/vie-chretienne\/sacrements\/premiere-communion-7-11-ans\/\",\"name\":\"PREMIERE COMMUNION - Paroisses de la Pentec\u00f4te et de Saint-Paul Notre-Dame du Rosaire\",\"isPartOf\":{\"@id\":\"https:\/\/paroissespentecotesaintpaul.ovh\/#website\"},\"primaryImageOfPage\":{\"@id\":\"https:\/\/paroissespentecotesaintpaul.ovh\/index.php\/vie-chretienne\/sacrements\/premiere-communion-7-11-ans\/#primaryimage\"},\"image\":{\"@id\":\"https:\/\/paroissespentecotesaintpaul.ovh\/index.php\/vie-chretienne\/sacrements\/premiere-communion-7-11-ans\/#primaryimage\"},\"thumbnailUrl\":\"https:\/\/paroissespentecotesaintpaul.ovh\/wp-content\/uploads\/2024\/10\/3-2-1.png\",\"datePublished\":\"2020-08-16T14:17:49+00:00\",\"dateModified\":\"2025-08-22T13:41:58+00:00\",\"description\":\"Votre enfant est invit\u00e9 \u00e0 pr\u00e9parer sa premi\u00e8re communion s'il le souhaite lors de sa troisi\u00e8me ann\u00e9e de cat\u00e9ch\u00e8se\",\"breadcrumb\":{\"@id\":\"https:\/\/paroissespentecotesaintpaul.ovh\/index.php\/vie-chretienne\/sacrements\/premiere-communion-7-11-ans\/#breadcrumb\"},\"inLanguage\":\"fr-FR\",\"potentialAction\":[{\"@type\":\"ReadAction\",\"target\":[\"https:\/\/paroissespentecotesaintpaul.ovh\/index.php\/vie-chretienne\/sacrements\/premiere-communion-7-11-ans\/\"]}]},{\"@type\":\"ImageObject\",\"inLanguage\":\"fr-FR\",\"@id\":\"https:\/\/paroissespentecotesaintpaul.ovh\/index.php\/vie-chretienne\/sacrements\/premiere-communion-7-11-ans\/#primaryimage\",\"url\":\"https:\/\/paroissespentecotesaintpaul.ovh\/wp-content\/uploads\/2024\/10\/3-2-1.png\",\"contentUrl\":\"https:\/\/paroissespentecotesaintpaul.ovh\/wp-content\/uploads\/2024\/10\/3-2-1.png\",\"width\":1414,\"height\":2000},{\"@type\":\"BreadcrumbList\",\"@id\":\"https:\/\/paroissespentecotesaintpaul.ovh\/index.php\/vie-chretienne\/sacrements\/premiere-communion-7-11-ans\/#breadcrumb\",\"itemListElement\":[{\"@type\":\"ListItem\",\"position\":1,\"name\":\"Home\",\"item\":\"https:\/\/paroissespentecotesaintpaul.ovh\/\"},{\"@type\":\"ListItem\",\"position\":2,\"name\":\"VIE CHRETIENNE\",\"item\":\"https:\/\/paroissespentecotesaintpaul.ovh\/index.php\/vie-chretienne\/\"},{\"@type\":\"ListItem\",\"position\":3,\"name\":\"SACREMENTS\",\"item\":\"https:\/\/paroissespentecotesaintpaul.ovh\/index.php\/vie-chretienne\/sacrements\/\"},{\"@type\":\"ListItem\",\"position\":4,\"name\":\"PREMIERE COMMUNION\"}]},{\"@type\":\"WebSite\",\"@id\":\"https:\/\/paroissespentecotesaintpaul.ovh\/#website\",\"url\":\"https:\/\/paroissespentecotesaintpaul.ovh\/\",\"name\":\"Paroisses de la Pentec\u00f4te et de Saint-Paul Notre-Dame du Rosaire\",\"description\":\"Saint-Pierre -  Saint-Paul - Saint-Andr\u00e9 -  Notre-Dame des Ap\u00f4tres - Notre-Dame du Rosaire \",\"publisher\":{\"@id\":\"https:\/\/paroissespentecotesaintpaul.ovh\/#organization\"},\"potentialAction\":[{\"@type\":\"SearchAction\",\"target\":{\"@type\":\"EntryPoint\",\"urlTemplate\":\"https:\/\/paroissespentecotesaintpaul.ovh\/?s={search_term_string}\"},\"query-input\":{\"@type\":\"PropertyValueSpecification\",\"valueRequired\":true,\"valueName\":\"search_term_string\"}}],\"inLanguage\":\"fr-FR\"},{\"@type\":\"Organization\",\"@id\":\"https:\/\/paroissespentecotesaintpaul.ovh\/#organization\",\"name\":\"Paroisses de la Pentecote Saint-Paul Notre-Dame du Rosaire\",\"url\":\"https:\/\/paroissespentecotesaintpaul.ovh\/\",\"logo\":{\"@type\":\"ImageObject\",\"inLanguage\":\"fr-FR\",\"@id\":\"https:\/\/paroissespentecotesaintpaul.ovh\/#\/schema\/logo\/image\/\",\"url\":\"http:\/\/paroissespentecotesaintpaul.ovh\/wp-content\/uploads\/2020\/09\/logo-commun.png\",\"contentUrl\":\"http:\/\/paroissespentecotesaintpaul.ovh\/wp-content\/uploads\/2020\/09\/logo-commun.png\",\"width\":453,\"height\":235,\"caption\":\"Paroisses de la Pentecote Saint-Paul Notre-Dame du Rosaire\"},\"image\":{\"@id\":\"https:\/\/paroissespentecotesaintpaul.ovh\/#\/schema\/logo\/image\/\"}},{\"@type\":\"Person\",\"@id\":\"https:\/\/paroissespentecotesaintpaul.ovh\/#\/schema\/person\/40d6261e73db3d0db9cdb67a5dd3b8c7\",\"name\":\"admin9493\",\"image\":{\"@type\":\"ImageObject\",\"inLanguage\":\"fr-FR\",\"@id\":\"https:\/\/paroissespentecotesaintpaul.ovh\/#\/schema\/person\/image\/\",\"url\":\"https:\/\/secure.gravatar.com\/avatar\/d1cbec27d1dd90b59e920506b275737a?s=96&d=mm&r=g\",\"contentUrl\":\"https:\/\/secure.gravatar.com\/avatar\/d1cbec27d1dd90b59e920506b275737a?s=96&d=mm&r=g\",\"caption\":\"admin9493\"},\"url\":\"https:\/\/paroissespentecotesaintpaul.ovh\/index.php\/author\/admin9493\/\"}]}<\/script>\n<!-- \/ Yoast SEO plugin. -->","yoast_head_json":{"title":"PREMIERE COMMUNION - Paroisses de la Pentec\u00f4te et de Saint-Paul Notre-Dame du Rosaire","description":"Votre enfant est invit\u00e9 \u00e0 pr\u00e9parer sa premi\u00e8re communion s'il le souhaite lors de sa troisi\u00e8me ann\u00e9e de cat\u00e9ch\u00e8se","robots":{"index":"index","follow":"follow","max-snippet":"max-snippet:-1","max-image-preview":"max-image-preview:large","max-video-preview":"max-video-preview:-1"},"canonical":"https:\/\/paroissespentecotesaintpaul.ovh\/index.php\/vie-chretienne\/sacrements\/premiere-communion-7-11-ans\/","og_locale":"fr_FR","og_type":"article","og_title":"PREMIERE COMMUNION - Paroisses de la Pentec\u00f4te et de Saint-Paul Notre-Dame du Rosaire","og_description":"Votre enfant est invit\u00e9 \u00e0 pr\u00e9parer sa premi\u00e8re communion s'il le souhaite lors de sa troisi\u00e8me ann\u00e9e de cat\u00e9ch\u00e8se","og_url":"https:\/\/paroissespentecotesaintpaul.ovh\/index.php\/vie-chretienne\/sacrements\/premiere-communion-7-11-ans\/","og_site_name":"Paroisses de la Pentec\u00f4te et de Saint-Paul Notre-Dame du Rosaire","article_modified_time":"2025-08-22T13:41:58+00:00","og_image":[{"width":724,"height":1024,"url":"https:\/\/paroissespentecotesaintpaul.ovh\/wp-content\/uploads\/2024\/10\/3-2-1-724x1024.png","type":"image\/png"}],"twitter_card":"summary_large_image","twitter_misc":{"Dur\u00e9e de lecture estim\u00e9e":"2 minutes"},"schema":{"@context":"https:\/\/schema.org","@graph":[{"@type":"Article","@id":"https:\/\/paroissespentecotesaintpaul.ovh\/index.php\/vie-chretienne\/sacrements\/premiere-communion-7-11-ans\/#article","isPartOf":{"@id":"https:\/\/paroissespentecotesaintpaul.ovh\/index.php\/vie-chretienne\/sacrements\/premiere-communion-7-11-ans\/"},"author":{"name":"admin9493","@id":"https:\/\/paroissespentecotesaintpaul.ovh\/#\/schema\/person\/40d6261e73db3d0db9cdb67a5dd3b8c7"},"headline":"PREMIERE COMMUNION","datePublished":"2020-08-16T14:17:49+00:00","dateModified":"2025-08-22T13:41:58+00:00","mainEntityOfPage":{"@id":"https:\/\/paroissespentecotesaintpaul.ovh\/index.php\/vie-chretienne\/sacrements\/premiere-communion-7-11-ans\/"},"wordCount":155,"publisher":{"@id":"https:\/\/paroissespentecotesaintpaul.ovh\/#organization"},"image":{"@id":"https:\/\/paroissespentecotesaintpaul.ovh\/index.php\/vie-chretienne\/sacrements\/premiere-communion-7-11-ans\/#primaryimage"},"thumbnailUrl":"https:\/\/paroissespentecotesaintpaul.ovh\/wp-content\/uploads\/2024\/10\/3-2-1.png","inLanguage":"fr-FR"},{"@type":"WebPage","@id":"https:\/\/paroissespentecotesaintpaul.ovh\/index.php\/vie-chretienne\/sacrements\/premiere-communion-7-11-ans\/","url":"https:\/\/paroissespentecotesaintpaul.ovh\/index.php\/vie-chretienne\/sacrements\/premiere-communion-7-11-ans\/","name":"PREMIERE COMMUNION - Paroisses de la Pentec\u00f4te et de Saint-Paul Notre-Dame du Rosaire","isPartOf":{"@id":"https:\/\/paroissespentecotesaintpaul.ovh\/#website"},"primaryImageOfPage":{"@id":"https:\/\/paroissespentecotesaintpaul.ovh\/index.php\/vie-chretienne\/sacrements\/premiere-communion-7-11-ans\/#primaryimage"},"image":{"@id":"https:\/\/paroissespentecotesaintpaul.ovh\/index.php\/vie-chretienne\/sacrements\/premiere-communion-7-11-ans\/#primaryimage"},"thumbnailUrl":"https:\/\/paroissespentecotesaintpaul.ovh\/wp-content\/uploads\/2024\/10\/3-2-1.png","datePublished":"2020-08-16T14:17:49+00:00","dateModified":"2025-08-22T13:41:58+00:00","description":"Votre enfant est invit\u00e9 \u00e0 pr\u00e9parer sa premi\u00e8re communion s'il le souhaite lors de sa troisi\u00e8me ann\u00e9e de cat\u00e9ch\u00e8se","breadcrumb":{"@id":"https:\/\/paroissespentecotesaintpaul.ovh\/index.php\/vie-chretienne\/sacrements\/premiere-communion-7-11-ans\/#breadcrumb"},"inLanguage":"fr-FR","potentialAction":[{"@type":"ReadAction","target":["https:\/\/paroissespentecotesaintpaul.ovh\/index.php\/vie-chretienne\/sacrements\/premiere-communion-7-11-ans\/"]}]},{"@type":"ImageObject","inLanguage":"fr-FR","@id":"https:\/\/paroissespentecotesaintpaul.ovh\/index.php\/vie-chretienne\/sacrements\/premiere-communion-7-11-ans\/#primaryimage","url":"https:\/\/paroissespentecotesaintpaul.ovh\/wp-content\/uploads\/2024\/10\/3-2-1.png","contentUrl":"https:\/\/paroissespentecotesaintpaul.ovh\/wp-content\/uploads\/2024\/10\/3-2-1.png","width":1414,"height":2000},{"@type":"BreadcrumbList","@id":"https:\/\/paroissespentecotesaintpaul.ovh\/index.php\/vie-chretienne\/sacrements\/premiere-communion-7-11-ans\/#breadcrumb","itemListElement":[{"@type":"ListItem","position":1,"name":"Home","item":"https:\/\/paroissespentecotesaintpaul.ovh\/"},{"@type":"ListItem","position":2,"name":"VIE CHRETIENNE","item":"https:\/\/paroissespentecotesaintpaul.ovh\/index.php\/vie-chretienne\/"},{"@type":"ListItem","position":3,"name":"SACREMENTS","item":"https:\/\/paroissespentecotesaintpaul.ovh\/index.php\/vie-chretienne\/sacrements\/"},{"@type":"ListItem","position":4,"name":"PREMIERE COMMUNION"}]},{"@type":"WebSite","@id":"https:\/\/paroissespentecotesaintpaul.ovh\/#website","url":"https:\/\/paroissespentecotesaintpaul.ovh\/","name":"Paroisses de la Pentec\u00f4te et de Saint-Paul Notre-Dame du Rosaire","description":"Saint-Pierre -  Saint-Paul - Saint-Andr\u00e9 -  Notre-Dame des Ap\u00f4tres - Notre-Dame du Rosaire ","publisher":{"@id":"https:\/\/paroissespentecotesaintpaul.ovh\/#organization"},"potentialAction":[{"@type":"SearchAction","target":{"@type":"EntryPoint","urlTemplate":"https:\/\/paroissespentecotesaintpaul.ovh\/?s={search_term_string}"},"query-input":{"@type":"PropertyValueSpecification","valueRequired":true,"valueName":"search_term_string"}}],"inLanguage":"fr-FR"},{"@type":"Organization","@id":"https:\/\/paroissespentecotesaintpaul.ovh\/#organization","name":"Paroisses de la Pentecote Saint-Paul Notre-Dame du Rosaire","url":"https:\/\/paroissespentecotesaintpaul.ovh\/","logo":{"@type":"ImageObject","inLanguage":"fr-FR","@id":"https:\/\/paroissespentecotesaintpaul.ovh\/#\/schema\/logo\/image\/","url":"http:\/\/paroissespentecotesaintpaul.ovh\/wp-content\/uploads\/2020\/09\/logo-commun.png","contentUrl":"http:\/\/paroissespentecotesaintpaul.ovh\/wp-content\/uploads\/2020\/09\/logo-commun.png","width":453,"height":235,"caption":"Paroisses de la Pentecote Saint-Paul Notre-Dame du Rosaire"},"image":{"@id":"https:\/\/paroissespentecotesaintpaul.ovh\/#\/schema\/logo\/image\/"}},{"@type":"Person","@id":"https:\/\/paroissespentecotesaintpaul.ovh\/#\/schema\/person\/40d6261e73db3d0db9cdb67a5dd3b8c7","name":"admin9493","image":{"@type":"ImageObject","inLanguage":"fr-FR","@id":"https:\/\/paroissespentecotesaintpaul.ovh\/#\/schema\/person\/image\/","url":"https:\/\/secure.gravatar.com\/avatar\/d1cbec27d1dd90b59e920506b275737a?s=96&d=mm&r=g","contentUrl":"https:\/\/secure.gravatar.com\/avatar\/d1cbec27d1dd90b59e920506b275737a?s=96&d=mm&r=g","caption":"admin9493"},"url":"https:\/\/paroissespentecotesaintpaul.ovh\/index.php\/author\/admin9493\/"}]}},"_links":{"self":[{"href":"https:\/\/paroissespentecotesaintpaul.ovh\/index.php\/wp-json\/wp\/v2\/pages\/2470"}],"collection":[{"href":"https:\/\/paroissespentecotesaintpaul.ovh\/index.php\/wp-json\/wp\/v2\/pages"}],"about":[{"href":"https:\/\/paroissespentecotesaintpaul.ovh\/index.php\/wp-json\/wp\/v2\/types\/page"}],"author":[{"embeddable":true,"href":"https:\/\/paroissespentecotesaintpaul.ovh\/index.php\/wp-json\/wp\/v2\/users\/1"}],"replies":[{"embeddable":true,"href":"https:\/\/paroissespentecotesaintpaul.ovh\/index.php\/wp-json\/wp\/v2\/comments?post=2470"}],"version-history":[{"count":17,"href":"https:\/\/paroissespentecotesaintpaul.ovh\/index.php\/wp-json\/wp\/v2\/pages\/2470\/revisions"}],"predecessor-version":[{"id":4441,"href":"https:\/\/paroissespentecotesaintpaul.ovh\/index.php\/wp-json\/wp\/v2\/pages\/2470\/revisions\/4441"}],"up":[{"embeddable":true,"href":"https:\/\/paroissespentecotesaintpaul.ovh\/index.php\/wp-json\/wp\/v2\/pages\/2683"}],"wp:featuredmedia":[{"embeddable":true,"href":"https:\/\/paroissespentecotesaintpaul.ovh\/index.php\/wp-json\/wp\/v2\/media\/4222"}],"wp:attachment":[{"href":"https:\/\/paroissespentecotesaintpaul.ovh\/index.php\/wp-json\/wp\/v2\/media?parent=2470"}],"curies":[{"name":"wp","href":"https:\/\/api.w.org\/{rel}","templated":true}]}}