{"id":2483,"date":"2020-08-16T16:35:13","date_gmt":"2020-08-16T14:35:13","guid":{"rendered":"https:\/\/ndvitre.wordpress.com\/?page_id=2483"},"modified":"2020-09-26T14:59:16","modified_gmt":"2020-09-26T12:59:16","slug":"le-sacrement-de-confirmation","status":"publish","type":"page","link":"https:\/\/paroissespentecotesaintpaul.ovh\/index.php\/vie-chretienne\/sacrements\/le-sacrement-de-confirmation\/","title":{"rendered":"LE SACREMENT DE CONFIRMATION"},"content":{"rendered":"\n<div class=\"wp-block-group\"><div class=\"wp-block-group__inner-container is-layout-flow wp-block-group-is-layout-flow\">\n<div class=\"wp-block-group\"><div class=\"wp-block-group__inner-container is-layout-flow wp-block-group-is-layout-flow\">\n<p class=\"has-drop-cap has-text-align-justify has-text-color has-background\" style=\"background-color:#87d7cd;color:#0c00a3\">La confirmation est le sacrement consistant \u00e0 oindre d&rsquo;huile sainte&nbsp;une personne baptis\u00e9e afin qu&rsquo;elle re\u00e7oive le don du&nbsp;Saint-Esprit. Alors que, par le bapt\u00eame, le baptis\u00e9 meurt et ressuscite avec le Christ, le confirm\u00e9 est empli du Saint-Esprit comme l&rsquo;ont \u00e9t\u00e9 les&nbsp;Ap\u00f4tres&nbsp;le jour de la&nbsp;Pentec\u00f4te&nbsp;avec&nbsp;Marie.<\/p>\n<\/div><\/div>\n\n\n\n<p class=\"has-text-align-justify has-black-color has-white-background-color has-text-color has-background\"> En tant que telle, la confirmation confirme l&rsquo;appartenance du baptis\u00e9 \u00e0 l&rsquo;\u00c9glise comme communion dans le m\u00eame Saint-Esprit. Le bapt\u00eame et la confirmation sont intimement li\u00e9s&nbsp;: la confirmation est en quelque sorte l&rsquo;ach\u00e8vement du bapt\u00eame.<\/p>\n<\/div><\/div>\n\n\n\n<h3 class=\"wp-block-heading\">La confirmation des jeunes<\/h3>\n\n\n\n<div class=\"wp-block-media-text alignwide is-stacked-on-mobile\" style=\"grid-template-columns:37% auto\"><figure class=\"wp-block-media-text__media\"><img loading=\"lazy\" decoding=\"async\" width=\"344\" height=\"199\" src=\"https:\/\/paroissespentecotesaintpaul.ovh\/wp-content\/uploads\/2020\/08\/confirmation-1.jpg\" alt=\"\" class=\"wp-image-2643\" srcset=\"https:\/\/paroissespentecotesaintpaul.ovh\/wp-content\/uploads\/2020\/08\/confirmation-1.jpg 344w, https:\/\/paroissespentecotesaintpaul.ovh\/wp-content\/uploads\/2020\/08\/confirmation-1-300x174.jpg 300w\" sizes=\"(max-width: 344px) 100vw, 344px\" \/><\/figure><div class=\"wp-block-media-text__content\">\n<p>A partir de 14\/15 ans, (l\u2019entr\u00e9e en 3\u00e8me), les jeunes sont invit\u00e9s \u00e0 prendre en compte personnellement leur bapt\u00eame en se pr\u00e9parant \u00e0 recevoir le sacrement de la confirmation.<\/p>\n\n\n\n<p>La c\u00e9r\u00e9monie de la confirmation a lieu au terme d\u2019un cheminement propos\u00e9 dans le cadre de l\u2019inter paroisse. Il dure une ann\u00e9e.<\/p>\n<\/div><\/div>\n\n\n\n<h3 class=\"wp-block-heading\">La confirmation des adultes<\/h3>\n\n\n\n<p>Comme pour le bapt\u00eame et la communion, ce sacrement peut \u00eatre re\u00e7u plus tard. Il se pr\u00e9pare en \u00e9quipe de cat\u00e9chum\u00e9nat (comme pour le bapt\u00eame et la premi\u00e8re communion). La dur\u00e9e est fonction de la cat\u00e9ch\u00e8se que l\u2019on a re\u00e7ue ou pas.<\/p>\n","protected":false},"excerpt":{"rendered":"<p>La confirmation est le sacrement consistant \u00e0 oindre d&rsquo;huile sainte&nbsp;une personne baptis\u00e9e afin qu&rsquo;elle re\u00e7oive le don du&nbsp;Saint-Esprit. Alors que, par le bapt\u00eame, le baptis\u00e9 [&hellip;] <span class=\"read-more-link\"><a class=\"read-more\" href=\"https:\/\/paroissespentecotesaintpaul.ovh\/index.php\/vie-chretienne\/sacrements\/le-sacrement-de-confirmation\/\">Read More<\/a><\/span><\/p>\n","protected":false},"author":1,"featured_media":0,"parent":2683,"menu_order":2,"comment_status":"closed","ping_status":"closed","template":"","meta":{"_monsterinsights_skip_tracking":false,"_monsterinsights_sitenote_active":false,"_monsterinsights_sitenote_note":"","_monsterinsights_sitenote_category":0,"footnotes":""},"yoast_head":"<!-- This site is optimized with the Yoast SEO plugin v23.5 - https:\/\/yoast.com\/wordpress\/plugins\/seo\/ -->\n<title>LE SACREMENT DE CONFIRMATION - Paroisses de la Pentec\u00f4te et de Saint-Paul Notre-Dame du Rosaire<\/title>\n<meta name=\"robots\" content=\"index, follow, max-snippet:-1, max-image-preview:large, max-video-preview:-1\" \/>\n<link rel=\"canonical\" href=\"https:\/\/paroissespentecotesaintpaul.ovh\/index.php\/vie-chretienne\/sacrements\/le-sacrement-de-confirmation\/\" \/>\n<meta property=\"og:locale\" content=\"fr_FR\" \/>\n<meta property=\"og:type\" content=\"article\" \/>\n<meta property=\"og:title\" content=\"LE SACREMENT DE CONFIRMATION - Paroisses de la Pentec\u00f4te et de Saint-Paul Notre-Dame du Rosaire\" \/>\n<meta property=\"og:description\" content=\"La confirmation est le sacrement consistant \u00e0 oindre d&rsquo;huile sainte&nbsp;une personne baptis\u00e9e afin qu&rsquo;elle re\u00e7oive le don du&nbsp;Saint-Esprit. Alors que, par le bapt\u00eame, le baptis\u00e9 [&hellip;] Read More\" \/>\n<meta property=\"og:url\" content=\"https:\/\/paroissespentecotesaintpaul.ovh\/index.php\/vie-chretienne\/sacrements\/le-sacrement-de-confirmation\/\" \/>\n<meta property=\"og:site_name\" content=\"Paroisses de la Pentec\u00f4te et de Saint-Paul Notre-Dame du Rosaire\" \/>\n<meta property=\"article:modified_time\" content=\"2020-09-26T12:59:16+00:00\" \/>\n<meta property=\"og:image\" content=\"http:\/\/paroissespentecotesaintpaul.ovh\/wp-content\/uploads\/2020\/08\/confirmation-1.jpg\" \/>\n<meta name=\"twitter:card\" content=\"summary_large_image\" \/>\n<meta name=\"twitter:label1\" content=\"Dur\u00e9e de lecture estim\u00e9e\" \/>\n\t<meta name=\"twitter:data1\" content=\"1 minute\" \/>\n<script type=\"application\/ld+json\" class=\"yoast-schema-graph\">{\"@context\":\"https:\/\/schema.org\",\"@graph\":[{\"@type\":\"WebPage\",\"@id\":\"https:\/\/paroissespentecotesaintpaul.ovh\/index.php\/vie-chretienne\/sacrements\/le-sacrement-de-confirmation\/\",\"url\":\"https:\/\/paroissespentecotesaintpaul.ovh\/index.php\/vie-chretienne\/sacrements\/le-sacrement-de-confirmation\/\",\"name\":\"LE SACREMENT DE CONFIRMATION - Paroisses de la Pentec\u00f4te et de Saint-Paul Notre-Dame du Rosaire\",\"isPartOf\":{\"@id\":\"https:\/\/paroissespentecotesaintpaul.ovh\/#website\"},\"primaryImageOfPage\":{\"@id\":\"https:\/\/paroissespentecotesaintpaul.ovh\/index.php\/vie-chretienne\/sacrements\/le-sacrement-de-confirmation\/#primaryimage\"},\"image\":{\"@id\":\"https:\/\/paroissespentecotesaintpaul.ovh\/index.php\/vie-chretienne\/sacrements\/le-sacrement-de-confirmation\/#primaryimage\"},\"thumbnailUrl\":\"http:\/\/paroissespentecotesaintpaul.ovh\/wp-content\/uploads\/2020\/08\/confirmation-1.jpg\",\"datePublished\":\"2020-08-16T14:35:13+00:00\",\"dateModified\":\"2020-09-26T12:59:16+00:00\",\"breadcrumb\":{\"@id\":\"https:\/\/paroissespentecotesaintpaul.ovh\/index.php\/vie-chretienne\/sacrements\/le-sacrement-de-confirmation\/#breadcrumb\"},\"inLanguage\":\"fr-FR\",\"potentialAction\":[{\"@type\":\"ReadAction\",\"target\":[\"https:\/\/paroissespentecotesaintpaul.ovh\/index.php\/vie-chretienne\/sacrements\/le-sacrement-de-confirmation\/\"]}]},{\"@type\":\"ImageObject\",\"inLanguage\":\"fr-FR\",\"@id\":\"https:\/\/paroissespentecotesaintpaul.ovh\/index.php\/vie-chretienne\/sacrements\/le-sacrement-de-confirmation\/#primaryimage\",\"url\":\"https:\/\/paroissespentecotesaintpaul.ovh\/wp-content\/uploads\/2020\/08\/confirmation-1.jpg\",\"contentUrl\":\"https:\/\/paroissespentecotesaintpaul.ovh\/wp-content\/uploads\/2020\/08\/confirmation-1.jpg\",\"width\":344,\"height\":199},{\"@type\":\"BreadcrumbList\",\"@id\":\"https:\/\/paroissespentecotesaintpaul.ovh\/index.php\/vie-chretienne\/sacrements\/le-sacrement-de-confirmation\/#breadcrumb\",\"itemListElement\":[{\"@type\":\"ListItem\",\"position\":1,\"name\":\"Home\",\"item\":\"https:\/\/paroissespentecotesaintpaul.ovh\/\"},{\"@type\":\"ListItem\",\"position\":2,\"name\":\"VIE CHRETIENNE\",\"item\":\"https:\/\/paroissespentecotesaintpaul.ovh\/index.php\/vie-chretienne\/\"},{\"@type\":\"ListItem\",\"position\":3,\"name\":\"SACREMENTS\",\"item\":\"https:\/\/paroissespentecotesaintpaul.ovh\/index.php\/vie-chretienne\/sacrements\/\"},{\"@type\":\"ListItem\",\"position\":4,\"name\":\"LE SACREMENT DE CONFIRMATION\"}]},{\"@type\":\"WebSite\",\"@id\":\"https:\/\/paroissespentecotesaintpaul.ovh\/#website\",\"url\":\"https:\/\/paroissespentecotesaintpaul.ovh\/\",\"name\":\"Paroisses de la Pentec\u00f4te et de Saint-Paul Notre-Dame du Rosaire\",\"description\":\"Saint-Pierre -  Saint-Paul - Saint-Andr\u00e9 -  Notre-Dame des Ap\u00f4tres - Notre-Dame du Rosaire \",\"publisher\":{\"@id\":\"https:\/\/paroissespentecotesaintpaul.ovh\/#organization\"},\"potentialAction\":[{\"@type\":\"SearchAction\",\"target\":{\"@type\":\"EntryPoint\",\"urlTemplate\":\"https:\/\/paroissespentecotesaintpaul.ovh\/?s={search_term_string}\"},\"query-input\":{\"@type\":\"PropertyValueSpecification\",\"valueRequired\":true,\"valueName\":\"search_term_string\"}}],\"inLanguage\":\"fr-FR\"},{\"@type\":\"Organization\",\"@id\":\"https:\/\/paroissespentecotesaintpaul.ovh\/#organization\",\"name\":\"Paroisses de la Pentecote Saint-Paul Notre-Dame du Rosaire\",\"url\":\"https:\/\/paroissespentecotesaintpaul.ovh\/\",\"logo\":{\"@type\":\"ImageObject\",\"inLanguage\":\"fr-FR\",\"@id\":\"https:\/\/paroissespentecotesaintpaul.ovh\/#\/schema\/logo\/image\/\",\"url\":\"http:\/\/paroissespentecotesaintpaul.ovh\/wp-content\/uploads\/2020\/09\/logo-commun.png\",\"contentUrl\":\"http:\/\/paroissespentecotesaintpaul.ovh\/wp-content\/uploads\/2020\/09\/logo-commun.png\",\"width\":453,\"height\":235,\"caption\":\"Paroisses de la Pentecote Saint-Paul Notre-Dame du Rosaire\"},\"image\":{\"@id\":\"https:\/\/paroissespentecotesaintpaul.ovh\/#\/schema\/logo\/image\/\"}}]}<\/script>\n<!-- \/ Yoast SEO plugin. -->","yoast_head_json":{"title":"LE SACREMENT DE CONFIRMATION - Paroisses de la Pentec\u00f4te et de Saint-Paul Notre-Dame du Rosaire","robots":{"index":"index","follow":"follow","max-snippet":"max-snippet:-1","max-image-preview":"max-image-preview:large","max-video-preview":"max-video-preview:-1"},"canonical":"https:\/\/paroissespentecotesaintpaul.ovh\/index.php\/vie-chretienne\/sacrements\/le-sacrement-de-confirmation\/","og_locale":"fr_FR","og_type":"article","og_title":"LE SACREMENT DE CONFIRMATION - Paroisses de la Pentec\u00f4te et de Saint-Paul Notre-Dame du Rosaire","og_description":"La confirmation est le sacrement consistant \u00e0 oindre d&rsquo;huile sainte&nbsp;une personne baptis\u00e9e afin qu&rsquo;elle re\u00e7oive le don du&nbsp;Saint-Esprit. Alors que, par le bapt\u00eame, le baptis\u00e9 [&hellip;] Read More","og_url":"https:\/\/paroissespentecotesaintpaul.ovh\/index.php\/vie-chretienne\/sacrements\/le-sacrement-de-confirmation\/","og_site_name":"Paroisses de la Pentec\u00f4te et de Saint-Paul Notre-Dame du Rosaire","article_modified_time":"2020-09-26T12:59:16+00:00","og_image":[{"url":"http:\/\/paroissespentecotesaintpaul.ovh\/wp-content\/uploads\/2020\/08\/confirmation-1.jpg"}],"twitter_card":"summary_large_image","twitter_misc":{"Dur\u00e9e de lecture estim\u00e9e":"1 minute"},"schema":{"@context":"https:\/\/schema.org","@graph":[{"@type":"WebPage","@id":"https:\/\/paroissespentecotesaintpaul.ovh\/index.php\/vie-chretienne\/sacrements\/le-sacrement-de-confirmation\/","url":"https:\/\/paroissespentecotesaintpaul.ovh\/index.php\/vie-chretienne\/sacrements\/le-sacrement-de-confirmation\/","name":"LE SACREMENT DE CONFIRMATION - Paroisses de la Pentec\u00f4te et de Saint-Paul Notre-Dame du Rosaire","isPartOf":{"@id":"https:\/\/paroissespentecotesaintpaul.ovh\/#website"},"primaryImageOfPage":{"@id":"https:\/\/paroissespentecotesaintpaul.ovh\/index.php\/vie-chretienne\/sacrements\/le-sacrement-de-confirmation\/#primaryimage"},"image":{"@id":"https:\/\/paroissespentecotesaintpaul.ovh\/index.php\/vie-chretienne\/sacrements\/le-sacrement-de-confirmation\/#primaryimage"},"thumbnailUrl":"http:\/\/paroissespentecotesaintpaul.ovh\/wp-content\/uploads\/2020\/08\/confirmation-1.jpg","datePublished":"2020-08-16T14:35:13+00:00","dateModified":"2020-09-26T12:59:16+00:00","breadcrumb":{"@id":"https:\/\/paroissespentecotesaintpaul.ovh\/index.php\/vie-chretienne\/sacrements\/le-sacrement-de-confirmation\/#breadcrumb"},"inLanguage":"fr-FR","potentialAction":[{"@type":"ReadAction","target":["https:\/\/paroissespentecotesaintpaul.ovh\/index.php\/vie-chretienne\/sacrements\/le-sacrement-de-confirmation\/"]}]},{"@type":"ImageObject","inLanguage":"fr-FR","@id":"https:\/\/paroissespentecotesaintpaul.ovh\/index.php\/vie-chretienne\/sacrements\/le-sacrement-de-confirmation\/#primaryimage","url":"https:\/\/paroissespentecotesaintpaul.ovh\/wp-content\/uploads\/2020\/08\/confirmation-1.jpg","contentUrl":"https:\/\/paroissespentecotesaintpaul.ovh\/wp-content\/uploads\/2020\/08\/confirmation-1.jpg","width":344,"height":199},{"@type":"BreadcrumbList","@id":"https:\/\/paroissespentecotesaintpaul.ovh\/index.php\/vie-chretienne\/sacrements\/le-sacrement-de-confirmation\/#breadcrumb","itemListElement":[{"@type":"ListItem","position":1,"name":"Home","item":"https:\/\/paroissespentecotesaintpaul.ovh\/"},{"@type":"ListItem","position":2,"name":"VIE CHRETIENNE","item":"https:\/\/paroissespentecotesaintpaul.ovh\/index.php\/vie-chretienne\/"},{"@type":"ListItem","position":3,"name":"SACREMENTS","item":"https:\/\/paroissespentecotesaintpaul.ovh\/index.php\/vie-chretienne\/sacrements\/"},{"@type":"ListItem","position":4,"name":"LE SACREMENT DE CONFIRMATION"}]},{"@type":"WebSite","@id":"https:\/\/paroissespentecotesaintpaul.ovh\/#website","url":"https:\/\/paroissespentecotesaintpaul.ovh\/","name":"Paroisses de la Pentec\u00f4te et de Saint-Paul Notre-Dame du Rosaire","description":"Saint-Pierre -  Saint-Paul - Saint-Andr\u00e9 -  Notre-Dame des Ap\u00f4tres - Notre-Dame du Rosaire ","publisher":{"@id":"https:\/\/paroissespentecotesaintpaul.ovh\/#organization"},"potentialAction":[{"@type":"SearchAction","target":{"@type":"EntryPoint","urlTemplate":"https:\/\/paroissespentecotesaintpaul.ovh\/?s={search_term_string}"},"query-input":{"@type":"PropertyValueSpecification","valueRequired":true,"valueName":"search_term_string"}}],"inLanguage":"fr-FR"},{"@type":"Organization","@id":"https:\/\/paroissespentecotesaintpaul.ovh\/#organization","name":"Paroisses de la Pentecote Saint-Paul Notre-Dame du Rosaire","url":"https:\/\/paroissespentecotesaintpaul.ovh\/","logo":{"@type":"ImageObject","inLanguage":"fr-FR","@id":"https:\/\/paroissespentecotesaintpaul.ovh\/#\/schema\/logo\/image\/","url":"http:\/\/paroissespentecotesaintpaul.ovh\/wp-content\/uploads\/2020\/09\/logo-commun.png","contentUrl":"http:\/\/paroissespentecotesaintpaul.ovh\/wp-content\/uploads\/2020\/09\/logo-commun.png","width":453,"height":235,"caption":"Paroisses de la Pentecote Saint-Paul Notre-Dame du Rosaire"},"image":{"@id":"https:\/\/paroissespentecotesaintpaul.ovh\/#\/schema\/logo\/image\/"}}]}},"_links":{"self":[{"href":"https:\/\/paroissespentecotesaintpaul.ovh\/index.php\/wp-json\/wp\/v2\/pages\/2483"}],"collection":[{"href":"https:\/\/paroissespentecotesaintpaul.ovh\/index.php\/wp-json\/wp\/v2\/pages"}],"about":[{"href":"https:\/\/paroissespentecotesaintpaul.ovh\/index.php\/wp-json\/wp\/v2\/types\/page"}],"author":[{"embeddable":true,"href":"https:\/\/paroissespentecotesaintpaul.ovh\/index.php\/wp-json\/wp\/v2\/users\/1"}],"replies":[{"embeddable":true,"href":"https:\/\/paroissespentecotesaintpaul.ovh\/index.php\/wp-json\/wp\/v2\/comments?post=2483"}],"version-history":[{"count":4,"href":"https:\/\/paroissespentecotesaintpaul.ovh\/index.php\/wp-json\/wp\/v2\/pages\/2483\/revisions"}],"predecessor-version":[{"id":3168,"href":"https:\/\/paroissespentecotesaintpaul.ovh\/index.php\/wp-json\/wp\/v2\/pages\/2483\/revisions\/3168"}],"up":[{"embeddable":true,"href":"https:\/\/paroissespentecotesaintpaul.ovh\/index.php\/wp-json\/wp\/v2\/pages\/2683"}],"wp:attachment":[{"href":"https:\/\/paroissespentecotesaintpaul.ovh\/index.php\/wp-json\/wp\/v2\/media?parent=2483"}],"curies":[{"name":"wp","href":"https:\/\/api.w.org\/{rel}","templated":true}]}}