{"id":2487,"date":"2020-08-16T15:54:00","date_gmt":"2020-08-16T13:54:00","guid":{"rendered":"http:\/\/127.0.0.1:10080\/wordpress\/?page_id=99"},"modified":"2021-10-01T14:42:23","modified_gmt":"2021-10-01T12:42:23","slug":"les-eglises-2","status":"publish","type":"page","link":"https:\/\/paroissespentecotesaintpaul.ovh\/index.php\/paroisse-saint-paul-notre-dame-du-rosaire\/les-eglises-2\/","title":{"rendered":"LES EGLISES"},"content":{"rendered":"\n<div class=\"wp-block-image\"><figure class=\"aligncenter size-large\"><img loading=\"lazy\" decoding=\"async\" width=\"600\" height=\"450\" src=\"https:\/\/paroissespentecotesaintpaul.ovh\/wp-content\/uploads\/2020\/08\/dscn5044.jpg\" alt=\"Eglise Saint Paul\" class=\"wp-image-2600\" srcset=\"https:\/\/paroissespentecotesaintpaul.ovh\/wp-content\/uploads\/2020\/08\/dscn5044.jpg 600w, https:\/\/paroissespentecotesaintpaul.ovh\/wp-content\/uploads\/2020\/08\/dscn5044-300x225.jpg 300w\" sizes=\"(max-width: 600px) 100vw, 600px\" \/><figcaption>Vue du portail principal de l&rsquo;\u00e9glise Saint Paul de Rez\u00e9<\/figcaption><\/figure><\/div>\n\n\n\n<p class=\"has-small-font-size\">Edifi\u00e9e durant la premi\u00e8re moiti\u00e9 du XIX\u00e8me si\u00e8cle dans un style n\u00e9o-roman. Le clocher est \u00e9difi\u00e9 \u00e0 la fin du XIX\u00e8me si\u00e8cle. L&rsquo;\u00e9glise primitive, aujourd&rsquo;hui disparue, devait remonter au XIII\u00e8me si\u00e8cle. Deux vitraux de la nef, unique, \u00e0 vo\u00fbte lambriss\u00e9e, ainsi que ceux des transepts sont \u00e0 remarquer. Personne ne sait vraiment ce que repr\u00e9sente celui du bras de transept nord. Les vitraux sont l&rsquo;oeuvre du ma\u00eetre-verrier Uzureau, et datent des ann\u00e9es 1910. L&rsquo;\u00e9glise, orient\u00e9e d&rsquo;est en ouest, se trouve sur la place Roger Salengro (Source : Le site des clochers de la France).<\/p>\n\n\n\n<div class=\"wp-block-image\"><figure class=\"aligncenter size-full is-resized\"><img loading=\"lazy\" decoding=\"async\" src=\"https:\/\/paroissespentecotesaintpaul.ovh\/wp-content\/uploads\/2020\/08\/img_8787-ok-1024x683-3.jpg\" alt=\"Eglise Notre Dame du Rosaire\" class=\"wp-image-2688\" width=\"512\" height=\"342\" srcset=\"https:\/\/paroissespentecotesaintpaul.ovh\/wp-content\/uploads\/2020\/08\/img_8787-ok-1024x683-3.jpg 1024w, https:\/\/paroissespentecotesaintpaul.ovh\/wp-content\/uploads\/2020\/08\/img_8787-ok-1024x683-3-300x200.jpg 300w, https:\/\/paroissespentecotesaintpaul.ovh\/wp-content\/uploads\/2020\/08\/img_8787-ok-1024x683-3-768x512.jpg 768w\" sizes=\"(max-width: 512px) 100vw, 512px\" \/><figcaption><strong>Eglise Notre-Dame du Rosaire (1960)<\/strong><\/figcaption><\/figure><\/div>\n\n\n\n<p class=\"has-small-font-size\">Oeuvre de l&rsquo;architecte Jean Rouquet, disciple du Corbusier, cette \u00e9glise d&rsquo;aspect aust\u00e8re se trouve le long du boulevard o\u00f9 passent les lignes N\u00b02 et N\u00b03 du tram, face \u00e0 la station Gare de Pont-Rousseau (terminus de la ligne N\u00b02). La paroisse de Pont Rousseau a exist\u00e9 jusque dans les ann\u00e9es 1980 et est maintenant englob\u00e9e dans la paroisse Saint-Paul  (Source : Le site des clochers de la France). <\/p>\n\n\n\n<div class=\"wp-block-image\"><figure class=\"aligncenter size-large\"><img loading=\"lazy\" decoding=\"async\" width=\"1024\" height=\"768\" src=\"https:\/\/paroissespentecotesaintpaul.ovh\/wp-content\/uploads\/2021\/09\/IMG_0836-1-1024x768.jpg\" alt=\"\" class=\"wp-image-3595\" srcset=\"https:\/\/paroissespentecotesaintpaul.ovh\/wp-content\/uploads\/2021\/09\/IMG_0836-1-1024x768.jpg 1024w, https:\/\/paroissespentecotesaintpaul.ovh\/wp-content\/uploads\/2021\/09\/IMG_0836-1-300x225.jpg 300w, https:\/\/paroissespentecotesaintpaul.ovh\/wp-content\/uploads\/2021\/09\/IMG_0836-1-768x576.jpg 768w, https:\/\/paroissespentecotesaintpaul.ovh\/wp-content\/uploads\/2021\/09\/IMG_0836-1-1536x1152.jpg 1536w, https:\/\/paroissespentecotesaintpaul.ovh\/wp-content\/uploads\/2021\/09\/IMG_0836-1-2048x1536.jpg 2048w, https:\/\/paroissespentecotesaintpaul.ovh\/wp-content\/uploads\/2021\/09\/IMG_0836-1-600x450.jpg 600w\" sizes=\"(max-width: 1024px) 100vw, 1024px\" \/><\/figure><\/div>\n\n\n\n<div class=\"wp-block-file\"><a href=\"blob:https:\/\/paroissespentecotesaintpaul.ovh\/c6bbdbea-a83c-4d5e-b229-30470f8b43ae\" class=\"wp-block-file__button\" download>T\u00e9l\u00e9charger<\/a><\/div>\n","protected":false},"excerpt":{"rendered":"<p>Edifi\u00e9e durant la premi\u00e8re moiti\u00e9 du XIX\u00e8me si\u00e8cle dans un style n\u00e9o-roman. Le clocher est \u00e9difi\u00e9 \u00e0 la fin du XIX\u00e8me si\u00e8cle. L&rsquo;\u00e9glise primitive, aujourd&rsquo;hui [&hellip;] <span class=\"read-more-link\"><a class=\"read-more\" href=\"https:\/\/paroissespentecotesaintpaul.ovh\/index.php\/paroisse-saint-paul-notre-dame-du-rosaire\/les-eglises-2\/\">Read More<\/a><\/span><\/p>\n","protected":false},"author":1,"featured_media":0,"parent":88,"menu_order":1,"comment_status":"closed","ping_status":"closed","template":"","meta":{"_monsterinsights_skip_tracking":false,"_monsterinsights_sitenote_active":false,"_monsterinsights_sitenote_note":"","_monsterinsights_sitenote_category":0,"footnotes":""},"yoast_head":"<!-- This site is optimized with the Yoast SEO plugin v23.5 - https:\/\/yoast.com\/wordpress\/plugins\/seo\/ -->\n<title>LES EGLISES - Paroisses de la Pentec\u00f4te et de Saint-Paul Notre-Dame du Rosaire<\/title>\n<meta name=\"robots\" content=\"index, follow, max-snippet:-1, max-image-preview:large, max-video-preview:-1\" \/>\n<link rel=\"canonical\" href=\"https:\/\/paroissespentecotesaintpaul.ovh\/index.php\/paroisse-saint-paul-notre-dame-du-rosaire\/les-eglises-2\/\" \/>\n<meta property=\"og:locale\" content=\"fr_FR\" \/>\n<meta property=\"og:type\" content=\"article\" \/>\n<meta property=\"og:title\" content=\"LES EGLISES - Paroisses de la Pentec\u00f4te et de Saint-Paul Notre-Dame du Rosaire\" \/>\n<meta property=\"og:description\" content=\"Edifi\u00e9e durant la premi\u00e8re moiti\u00e9 du XIX\u00e8me si\u00e8cle dans un style n\u00e9o-roman. Le clocher est \u00e9difi\u00e9 \u00e0 la fin du XIX\u00e8me si\u00e8cle. L&rsquo;\u00e9glise primitive, aujourd&rsquo;hui [&hellip;] Read More\" \/>\n<meta property=\"og:url\" content=\"https:\/\/paroissespentecotesaintpaul.ovh\/index.php\/paroisse-saint-paul-notre-dame-du-rosaire\/les-eglises-2\/\" \/>\n<meta property=\"og:site_name\" content=\"Paroisses de la Pentec\u00f4te et de Saint-Paul Notre-Dame du Rosaire\" \/>\n<meta property=\"article:modified_time\" content=\"2021-10-01T12:42:23+00:00\" \/>\n<meta property=\"og:image\" content=\"http:\/\/paroissespentecotesaintpaul.ovh\/wp-content\/uploads\/2020\/08\/dscn5044.jpg\" \/>\n<meta name=\"twitter:card\" content=\"summary_large_image\" \/>\n<meta name=\"twitter:label1\" content=\"Dur\u00e9e de lecture estim\u00e9e\" \/>\n\t<meta name=\"twitter:data1\" content=\"2 minutes\" \/>\n<script type=\"application\/ld+json\" class=\"yoast-schema-graph\">{\"@context\":\"https:\/\/schema.org\",\"@graph\":[{\"@type\":\"WebPage\",\"@id\":\"https:\/\/paroissespentecotesaintpaul.ovh\/index.php\/paroisse-saint-paul-notre-dame-du-rosaire\/les-eglises-2\/\",\"url\":\"https:\/\/paroissespentecotesaintpaul.ovh\/index.php\/paroisse-saint-paul-notre-dame-du-rosaire\/les-eglises-2\/\",\"name\":\"LES EGLISES - Paroisses de la Pentec\u00f4te et de Saint-Paul Notre-Dame du Rosaire\",\"isPartOf\":{\"@id\":\"https:\/\/paroissespentecotesaintpaul.ovh\/#website\"},\"primaryImageOfPage\":{\"@id\":\"https:\/\/paroissespentecotesaintpaul.ovh\/index.php\/paroisse-saint-paul-notre-dame-du-rosaire\/les-eglises-2\/#primaryimage\"},\"image\":{\"@id\":\"https:\/\/paroissespentecotesaintpaul.ovh\/index.php\/paroisse-saint-paul-notre-dame-du-rosaire\/les-eglises-2\/#primaryimage\"},\"thumbnailUrl\":\"http:\/\/paroissespentecotesaintpaul.ovh\/wp-content\/uploads\/2020\/08\/dscn5044.jpg\",\"datePublished\":\"2020-08-16T13:54:00+00:00\",\"dateModified\":\"2021-10-01T12:42:23+00:00\",\"breadcrumb\":{\"@id\":\"https:\/\/paroissespentecotesaintpaul.ovh\/index.php\/paroisse-saint-paul-notre-dame-du-rosaire\/les-eglises-2\/#breadcrumb\"},\"inLanguage\":\"fr-FR\",\"potentialAction\":[{\"@type\":\"ReadAction\",\"target\":[\"https:\/\/paroissespentecotesaintpaul.ovh\/index.php\/paroisse-saint-paul-notre-dame-du-rosaire\/les-eglises-2\/\"]}]},{\"@type\":\"ImageObject\",\"inLanguage\":\"fr-FR\",\"@id\":\"https:\/\/paroissespentecotesaintpaul.ovh\/index.php\/paroisse-saint-paul-notre-dame-du-rosaire\/les-eglises-2\/#primaryimage\",\"url\":\"https:\/\/paroissespentecotesaintpaul.ovh\/wp-content\/uploads\/2020\/08\/dscn5044.jpg\",\"contentUrl\":\"https:\/\/paroissespentecotesaintpaul.ovh\/wp-content\/uploads\/2020\/08\/dscn5044.jpg\",\"width\":600,\"height\":450,\"caption\":\"Vue du portail principal de l'\u00e9glise Saint Paul de Rez\u00e9\"},{\"@type\":\"BreadcrumbList\",\"@id\":\"https:\/\/paroissespentecotesaintpaul.ovh\/index.php\/paroisse-saint-paul-notre-dame-du-rosaire\/les-eglises-2\/#breadcrumb\",\"itemListElement\":[{\"@type\":\"ListItem\",\"position\":1,\"name\":\"Home\",\"item\":\"https:\/\/paroissespentecotesaintpaul.ovh\/\"},{\"@type\":\"ListItem\",\"position\":2,\"name\":\"PAROISSE SAINT PAUL NOTRE DAME DU ROSAIRE\",\"item\":\"https:\/\/paroissespentecotesaintpaul.ovh\/index.php\/paroisse-saint-paul-notre-dame-du-rosaire\/\"},{\"@type\":\"ListItem\",\"position\":3,\"name\":\"LES EGLISES\"}]},{\"@type\":\"WebSite\",\"@id\":\"https:\/\/paroissespentecotesaintpaul.ovh\/#website\",\"url\":\"https:\/\/paroissespentecotesaintpaul.ovh\/\",\"name\":\"Paroisses de la Pentec\u00f4te et de Saint-Paul Notre-Dame du Rosaire\",\"description\":\"Saint-Pierre -  Saint-Paul - Saint-Andr\u00e9 -  Notre-Dame des Ap\u00f4tres - Notre-Dame du Rosaire \",\"publisher\":{\"@id\":\"https:\/\/paroissespentecotesaintpaul.ovh\/#organization\"},\"potentialAction\":[{\"@type\":\"SearchAction\",\"target\":{\"@type\":\"EntryPoint\",\"urlTemplate\":\"https:\/\/paroissespentecotesaintpaul.ovh\/?s={search_term_string}\"},\"query-input\":{\"@type\":\"PropertyValueSpecification\",\"valueRequired\":true,\"valueName\":\"search_term_string\"}}],\"inLanguage\":\"fr-FR\"},{\"@type\":\"Organization\",\"@id\":\"https:\/\/paroissespentecotesaintpaul.ovh\/#organization\",\"name\":\"Paroisses de la Pentecote Saint-Paul Notre-Dame du Rosaire\",\"url\":\"https:\/\/paroissespentecotesaintpaul.ovh\/\",\"logo\":{\"@type\":\"ImageObject\",\"inLanguage\":\"fr-FR\",\"@id\":\"https:\/\/paroissespentecotesaintpaul.ovh\/#\/schema\/logo\/image\/\",\"url\":\"http:\/\/paroissespentecotesaintpaul.ovh\/wp-content\/uploads\/2020\/09\/logo-commun.png\",\"contentUrl\":\"http:\/\/paroissespentecotesaintpaul.ovh\/wp-content\/uploads\/2020\/09\/logo-commun.png\",\"width\":453,\"height\":235,\"caption\":\"Paroisses de la Pentecote Saint-Paul Notre-Dame du Rosaire\"},\"image\":{\"@id\":\"https:\/\/paroissespentecotesaintpaul.ovh\/#\/schema\/logo\/image\/\"}}]}<\/script>\n<!-- \/ Yoast SEO plugin. -->","yoast_head_json":{"title":"LES EGLISES - Paroisses de la Pentec\u00f4te et de Saint-Paul Notre-Dame du Rosaire","robots":{"index":"index","follow":"follow","max-snippet":"max-snippet:-1","max-image-preview":"max-image-preview:large","max-video-preview":"max-video-preview:-1"},"canonical":"https:\/\/paroissespentecotesaintpaul.ovh\/index.php\/paroisse-saint-paul-notre-dame-du-rosaire\/les-eglises-2\/","og_locale":"fr_FR","og_type":"article","og_title":"LES EGLISES - Paroisses de la Pentec\u00f4te et de Saint-Paul Notre-Dame du Rosaire","og_description":"Edifi\u00e9e durant la premi\u00e8re moiti\u00e9 du XIX\u00e8me si\u00e8cle dans un style n\u00e9o-roman. Le clocher est \u00e9difi\u00e9 \u00e0 la fin du XIX\u00e8me si\u00e8cle. L&rsquo;\u00e9glise primitive, aujourd&rsquo;hui [&hellip;] Read More","og_url":"https:\/\/paroissespentecotesaintpaul.ovh\/index.php\/paroisse-saint-paul-notre-dame-du-rosaire\/les-eglises-2\/","og_site_name":"Paroisses de la Pentec\u00f4te et de Saint-Paul Notre-Dame du Rosaire","article_modified_time":"2021-10-01T12:42:23+00:00","og_image":[{"url":"http:\/\/paroissespentecotesaintpaul.ovh\/wp-content\/uploads\/2020\/08\/dscn5044.jpg"}],"twitter_card":"summary_large_image","twitter_misc":{"Dur\u00e9e de lecture estim\u00e9e":"2 minutes"},"schema":{"@context":"https:\/\/schema.org","@graph":[{"@type":"WebPage","@id":"https:\/\/paroissespentecotesaintpaul.ovh\/index.php\/paroisse-saint-paul-notre-dame-du-rosaire\/les-eglises-2\/","url":"https:\/\/paroissespentecotesaintpaul.ovh\/index.php\/paroisse-saint-paul-notre-dame-du-rosaire\/les-eglises-2\/","name":"LES EGLISES - Paroisses de la Pentec\u00f4te et de Saint-Paul Notre-Dame du Rosaire","isPartOf":{"@id":"https:\/\/paroissespentecotesaintpaul.ovh\/#website"},"primaryImageOfPage":{"@id":"https:\/\/paroissespentecotesaintpaul.ovh\/index.php\/paroisse-saint-paul-notre-dame-du-rosaire\/les-eglises-2\/#primaryimage"},"image":{"@id":"https:\/\/paroissespentecotesaintpaul.ovh\/index.php\/paroisse-saint-paul-notre-dame-du-rosaire\/les-eglises-2\/#primaryimage"},"thumbnailUrl":"http:\/\/paroissespentecotesaintpaul.ovh\/wp-content\/uploads\/2020\/08\/dscn5044.jpg","datePublished":"2020-08-16T13:54:00+00:00","dateModified":"2021-10-01T12:42:23+00:00","breadcrumb":{"@id":"https:\/\/paroissespentecotesaintpaul.ovh\/index.php\/paroisse-saint-paul-notre-dame-du-rosaire\/les-eglises-2\/#breadcrumb"},"inLanguage":"fr-FR","potentialAction":[{"@type":"ReadAction","target":["https:\/\/paroissespentecotesaintpaul.ovh\/index.php\/paroisse-saint-paul-notre-dame-du-rosaire\/les-eglises-2\/"]}]},{"@type":"ImageObject","inLanguage":"fr-FR","@id":"https:\/\/paroissespentecotesaintpaul.ovh\/index.php\/paroisse-saint-paul-notre-dame-du-rosaire\/les-eglises-2\/#primaryimage","url":"https:\/\/paroissespentecotesaintpaul.ovh\/wp-content\/uploads\/2020\/08\/dscn5044.jpg","contentUrl":"https:\/\/paroissespentecotesaintpaul.ovh\/wp-content\/uploads\/2020\/08\/dscn5044.jpg","width":600,"height":450,"caption":"Vue du portail principal de l'\u00e9glise Saint Paul de Rez\u00e9"},{"@type":"BreadcrumbList","@id":"https:\/\/paroissespentecotesaintpaul.ovh\/index.php\/paroisse-saint-paul-notre-dame-du-rosaire\/les-eglises-2\/#breadcrumb","itemListElement":[{"@type":"ListItem","position":1,"name":"Home","item":"https:\/\/paroissespentecotesaintpaul.ovh\/"},{"@type":"ListItem","position":2,"name":"PAROISSE SAINT PAUL NOTRE DAME DU ROSAIRE","item":"https:\/\/paroissespentecotesaintpaul.ovh\/index.php\/paroisse-saint-paul-notre-dame-du-rosaire\/"},{"@type":"ListItem","position":3,"name":"LES EGLISES"}]},{"@type":"WebSite","@id":"https:\/\/paroissespentecotesaintpaul.ovh\/#website","url":"https:\/\/paroissespentecotesaintpaul.ovh\/","name":"Paroisses de la Pentec\u00f4te et de Saint-Paul Notre-Dame du Rosaire","description":"Saint-Pierre -  Saint-Paul - Saint-Andr\u00e9 -  Notre-Dame des Ap\u00f4tres - Notre-Dame du Rosaire ","publisher":{"@id":"https:\/\/paroissespentecotesaintpaul.ovh\/#organization"},"potentialAction":[{"@type":"SearchAction","target":{"@type":"EntryPoint","urlTemplate":"https:\/\/paroissespentecotesaintpaul.ovh\/?s={search_term_string}"},"query-input":{"@type":"PropertyValueSpecification","valueRequired":true,"valueName":"search_term_string"}}],"inLanguage":"fr-FR"},{"@type":"Organization","@id":"https:\/\/paroissespentecotesaintpaul.ovh\/#organization","name":"Paroisses de la Pentecote Saint-Paul Notre-Dame du Rosaire","url":"https:\/\/paroissespentecotesaintpaul.ovh\/","logo":{"@type":"ImageObject","inLanguage":"fr-FR","@id":"https:\/\/paroissespentecotesaintpaul.ovh\/#\/schema\/logo\/image\/","url":"http:\/\/paroissespentecotesaintpaul.ovh\/wp-content\/uploads\/2020\/09\/logo-commun.png","contentUrl":"http:\/\/paroissespentecotesaintpaul.ovh\/wp-content\/uploads\/2020\/09\/logo-commun.png","width":453,"height":235,"caption":"Paroisses de la Pentecote Saint-Paul Notre-Dame du Rosaire"},"image":{"@id":"https:\/\/paroissespentecotesaintpaul.ovh\/#\/schema\/logo\/image\/"}}]}},"_links":{"self":[{"href":"https:\/\/paroissespentecotesaintpaul.ovh\/index.php\/wp-json\/wp\/v2\/pages\/2487"}],"collection":[{"href":"https:\/\/paroissespentecotesaintpaul.ovh\/index.php\/wp-json\/wp\/v2\/pages"}],"about":[{"href":"https:\/\/paroissespentecotesaintpaul.ovh\/index.php\/wp-json\/wp\/v2\/types\/page"}],"author":[{"embeddable":true,"href":"https:\/\/paroissespentecotesaintpaul.ovh\/index.php\/wp-json\/wp\/v2\/users\/1"}],"replies":[{"embeddable":true,"href":"https:\/\/paroissespentecotesaintpaul.ovh\/index.php\/wp-json\/wp\/v2\/comments?post=2487"}],"version-history":[{"count":5,"href":"https:\/\/paroissespentecotesaintpaul.ovh\/index.php\/wp-json\/wp\/v2\/pages\/2487\/revisions"}],"predecessor-version":[{"id":3610,"href":"https:\/\/paroissespentecotesaintpaul.ovh\/index.php\/wp-json\/wp\/v2\/pages\/2487\/revisions\/3610"}],"up":[{"embeddable":true,"href":"https:\/\/paroissespentecotesaintpaul.ovh\/index.php\/wp-json\/wp\/v2\/pages\/88"}],"wp:attachment":[{"href":"https:\/\/paroissespentecotesaintpaul.ovh\/index.php\/wp-json\/wp\/v2\/media?parent=2487"}],"curies":[{"name":"wp","href":"https:\/\/api.w.org\/{rel}","templated":true}]}}