{"id":2494,"date":"2020-08-22T21:04:19","date_gmt":"2020-08-22T19:04:19","guid":{"rendered":"https:\/\/ndvitre.wordpress.com\/?page_id=2494"},"modified":"2025-06-16T16:12:12","modified_gmt":"2025-06-16T14:12:12","slug":"le-bapteme","status":"publish","type":"page","link":"https:\/\/paroissespentecotesaintpaul.ovh\/index.php\/vie-chretienne\/sacrements\/le-bapteme\/","title":{"rendered":"LE BAPTEME"},"content":{"rendered":"\n<p class=\"has-drop-cap has-text-align-justify has-text-color has-background\" id=\"le_bapteme\" style=\"color:#000aa3;background-color:#b8faf5\">Le Christ a propos\u00e9 le bapt\u00eame \u00e0 tous pour que tous aient la Vie en Dieu. Il l\u2019a confi\u00e9 \u00e0 son Eglise, en m\u00eame temps que l\u2019Evangile, lorsqu\u2019il a dit \u00e0 ses ap\u00f4tres : \u00ab Allez de toutes les nations faites des disciples, baptisez-les au nom du P\u00e8re, et du Fils, et du Saint-Esprit \u00bb (Mt 28, 19-20).<\/p>\n\n\n\n<p class=\"has-text-align-justify has-background-light-background-color has-background\">Le mot \u00ab bapt\u00eame \u00bb vient d\u2019un verbe grec qui signifie \u00ab plonger, immerger \u00bb. \u00catre baptis\u00e9, c\u2019est \u00eatre plong\u00e9 dans la mort et la r\u00e9surrection du Christ, c\u2019est un rite de passage. Configur\u00e9s au Christ, nous devenons fils d\u2019un m\u00eame P\u00e8re et fr\u00e8res de J\u00e9sus-Christ, par l\u2019Esprit Saint. Le bapt\u00eame est le sacrement de la naissance \u00e0 la vie chr\u00e9tienne : marqu\u00e9 du signe de la croix, plong\u00e9 dans l\u2019eau, le nouveau baptis\u00e9 rena\u00eet \u00e0 une vie nouvelle. Devenu chr\u00e9tien, le nouveau baptis\u00e9 peut vivre selon l\u2019Esprit de Dieu.<\/p>\n\n\n\n<div class=\"wp-block-media-text alignwide is-stacked-on-mobile is-vertically-aligned-center\" style=\"grid-template-columns:28% auto\"><figure class=\"wp-block-media-text__media\"><img loading=\"lazy\" decoding=\"async\" width=\"656\" height=\"548\" src=\"https:\/\/paroissespentecotesaintpaul.ovh\/wp-content\/uploads\/2020\/08\/bapteme1-1.jpg\" alt=\"\" class=\"wp-image-2594 size-full\" srcset=\"https:\/\/paroissespentecotesaintpaul.ovh\/wp-content\/uploads\/2020\/08\/bapteme1-1.jpg 656w, https:\/\/paroissespentecotesaintpaul.ovh\/wp-content\/uploads\/2020\/08\/bapteme1-1-300x251.jpg 300w\" sizes=\"(max-width: 656px) 100vw, 656px\" \/><\/figure><div class=\"wp-block-media-text__content\">\n<h3 class=\"wp-block-heading has-text-align-center\"><strong>Bapt\u00eame des tout-petits (0-3 ans)<\/strong><\/h3>\n\n\n\n<p class=\"has-normal-font-size\">Prendre contact au moins quatre mois avant la date envisag\u00e9e.<\/p>\n\n\n\n<p class=\"has-normal-font-size\">La pr\u00e9paration consiste en un itin\u00e9raire de trois rencontres avec un pr\u00eatre et des membres de l\u2019\u00e9quipe bapt\u00eame.<\/p>\n\n\n\n<p class=\"has-normal-font-size\">Les bapt\u00eames sont c\u00e9l\u00e9br\u00e9s le dimanche apr\u00e8s la messe en r\u00e8gle g\u00e9n\u00e9rale selon un calendrier pr\u00e9-\u00e9tabli : le premier dimanche et le troisi\u00e8me dimanche du mois \u00e0 Notre Dame du Rosaire \u00e0 Rez\u00e9.<\/p>\n<\/div><\/div>\n\n\n\n<h3 class=\"wp-block-heading\">Bapt\u00e8me des enfants \u00e0 partir de 3 ans<\/h3>\n\n\n\n<p class=\"has-normal-font-size\">Pour les enfants de 3 \u00e0 6 ans, l\u2019itin\u00e9raire d\u2019\u00e9veil \u00e0 la foi et de pr\u00e9paration au bapt\u00eame est adapt\u00e9.<\/p>\n\n\n\n<p class=\"has-normal-font-size\">Pour les enfants entrant en CE jusqu\u2019au coll\u00e8ge, la pr\u00e9paration se fait avec au moins deux ann\u00e9es de cat\u00e9ch\u00e8se. Le bapt\u00eame est alors c\u00e9l\u00e9br\u00e9 par \u00e9tape tout au long de la deuxi\u00e8me ann\u00e9e.<\/p>\n\n\n\n<div class=\"wp-block-media-text alignwide is-stacked-on-mobile\" style=\"grid-template-columns:27% auto\"><figure class=\"wp-block-media-text__media\"><img loading=\"lazy\" decoding=\"async\" width=\"652\" height=\"620\" src=\"https:\/\/paroissespentecotesaintpaul.ovh\/wp-content\/uploads\/2020\/08\/bapteme2-1.jpg\" alt=\"\" class=\"wp-image-2640 size-full\" srcset=\"https:\/\/paroissespentecotesaintpaul.ovh\/wp-content\/uploads\/2020\/08\/bapteme2-1.jpg 652w, https:\/\/paroissespentecotesaintpaul.ovh\/wp-content\/uploads\/2020\/08\/bapteme2-1-300x285.jpg 300w\" sizes=\"(max-width: 652px) 100vw, 652px\" \/><\/figure><div class=\"wp-block-media-text__content\">\n<h3 class=\"wp-block-heading\"><strong>Jeunes et adultes (cat\u00e9chum\u00e9nat)<\/strong><\/h3>\n\n\n\n<p class=\"has-normal-font-size\">Sacrements du bapt\u00eame, de la confirmation et de l&rsquo;eucharistie.<\/p>\n\n\n\n<p>Ces sacrements se pr\u00e9parent \u00e0 n&rsquo;importe quel \u00e2ge. La pr\u00e9paration s&rsquo;appelle le cat\u00e9chum\u00e9nat, se vit en \u00e9quipe, et au court de temps forts avec l&rsquo;ensemble des cat\u00e9chum\u00e8nes du dioc\u00e8se (une \u00e0 deux fois par an).<\/p>\n\n\n\n<p class=\"has-normal-font-size\"><\/p>\n<\/div><\/div>\n\n\n\n<p><\/p>\n","protected":false},"excerpt":{"rendered":"<p>Le Christ a propos\u00e9 le bapt\u00eame \u00e0 tous pour que tous aient la Vie en Dieu. Il l\u2019a confi\u00e9 \u00e0 son Eglise, en m\u00eame temps [&hellip;] <span class=\"read-more-link\"><a class=\"read-more\" href=\"https:\/\/paroissespentecotesaintpaul.ovh\/index.php\/vie-chretienne\/sacrements\/le-bapteme\/\">Read More<\/a><\/span><\/p>\n","protected":false},"author":1,"featured_media":0,"parent":2683,"menu_order":1,"comment_status":"closed","ping_status":"closed","template":"","meta":{"_monsterinsights_skip_tracking":false,"_monsterinsights_sitenote_active":false,"_monsterinsights_sitenote_note":"","_monsterinsights_sitenote_category":0,"footnotes":""},"yoast_head":"<!-- This site is optimized with the Yoast SEO plugin v23.5 - https:\/\/yoast.com\/wordpress\/plugins\/seo\/ -->\n<title>LE BAPTEME - Paroisses de la Pentec\u00f4te et de Saint-Paul Notre-Dame du Rosaire<\/title>\n<meta name=\"robots\" content=\"index, follow, max-snippet:-1, max-image-preview:large, max-video-preview:-1\" \/>\n<link rel=\"canonical\" href=\"https:\/\/paroissespentecotesaintpaul.ovh\/index.php\/vie-chretienne\/sacrements\/le-bapteme\/\" \/>\n<meta property=\"og:locale\" content=\"fr_FR\" \/>\n<meta property=\"og:type\" content=\"article\" \/>\n<meta property=\"og:title\" content=\"LE BAPTEME - Paroisses de la Pentec\u00f4te et de Saint-Paul Notre-Dame du Rosaire\" \/>\n<meta property=\"og:description\" content=\"Le Christ a propos\u00e9 le bapt\u00eame \u00e0 tous pour que tous aient la Vie en Dieu. Il l\u2019a confi\u00e9 \u00e0 son Eglise, en m\u00eame temps [&hellip;] Read More\" \/>\n<meta property=\"og:url\" content=\"https:\/\/paroissespentecotesaintpaul.ovh\/index.php\/vie-chretienne\/sacrements\/le-bapteme\/\" \/>\n<meta property=\"og:site_name\" content=\"Paroisses de la Pentec\u00f4te et de Saint-Paul Notre-Dame du Rosaire\" \/>\n<meta property=\"article:modified_time\" content=\"2025-06-16T14:12:12+00:00\" \/>\n<meta property=\"og:image\" content=\"http:\/\/paroissespentecotesaintpaul.ovh\/wp-content\/uploads\/2020\/08\/bapteme1-1.jpg\" \/>\n<meta name=\"twitter:card\" content=\"summary_large_image\" \/>\n<meta name=\"twitter:label1\" content=\"Dur\u00e9e de lecture estim\u00e9e\" \/>\n\t<meta name=\"twitter:data1\" content=\"3 minutes\" \/>\n<script type=\"application\/ld+json\" class=\"yoast-schema-graph\">{\"@context\":\"https:\/\/schema.org\",\"@graph\":[{\"@type\":\"WebPage\",\"@id\":\"https:\/\/paroissespentecotesaintpaul.ovh\/index.php\/vie-chretienne\/sacrements\/le-bapteme\/\",\"url\":\"https:\/\/paroissespentecotesaintpaul.ovh\/index.php\/vie-chretienne\/sacrements\/le-bapteme\/\",\"name\":\"LE BAPTEME - Paroisses de la Pentec\u00f4te et de Saint-Paul Notre-Dame du Rosaire\",\"isPartOf\":{\"@id\":\"https:\/\/paroissespentecotesaintpaul.ovh\/#website\"},\"primaryImageOfPage\":{\"@id\":\"https:\/\/paroissespentecotesaintpaul.ovh\/index.php\/vie-chretienne\/sacrements\/le-bapteme\/#primaryimage\"},\"image\":{\"@id\":\"https:\/\/paroissespentecotesaintpaul.ovh\/index.php\/vie-chretienne\/sacrements\/le-bapteme\/#primaryimage\"},\"thumbnailUrl\":\"http:\/\/paroissespentecotesaintpaul.ovh\/wp-content\/uploads\/2020\/08\/bapteme1-1.jpg\",\"datePublished\":\"2020-08-22T19:04:19+00:00\",\"dateModified\":\"2025-06-16T14:12:12+00:00\",\"breadcrumb\":{\"@id\":\"https:\/\/paroissespentecotesaintpaul.ovh\/index.php\/vie-chretienne\/sacrements\/le-bapteme\/#breadcrumb\"},\"inLanguage\":\"fr-FR\",\"potentialAction\":[{\"@type\":\"ReadAction\",\"target\":[\"https:\/\/paroissespentecotesaintpaul.ovh\/index.php\/vie-chretienne\/sacrements\/le-bapteme\/\"]}]},{\"@type\":\"ImageObject\",\"inLanguage\":\"fr-FR\",\"@id\":\"https:\/\/paroissespentecotesaintpaul.ovh\/index.php\/vie-chretienne\/sacrements\/le-bapteme\/#primaryimage\",\"url\":\"http:\/\/paroissespentecotesaintpaul.ovh\/wp-content\/uploads\/2020\/08\/bapteme1-1.jpg\",\"contentUrl\":\"http:\/\/paroissespentecotesaintpaul.ovh\/wp-content\/uploads\/2020\/08\/bapteme1-1.jpg\"},{\"@type\":\"BreadcrumbList\",\"@id\":\"https:\/\/paroissespentecotesaintpaul.ovh\/index.php\/vie-chretienne\/sacrements\/le-bapteme\/#breadcrumb\",\"itemListElement\":[{\"@type\":\"ListItem\",\"position\":1,\"name\":\"Home\",\"item\":\"https:\/\/paroissespentecotesaintpaul.ovh\/\"},{\"@type\":\"ListItem\",\"position\":2,\"name\":\"VIE CHRETIENNE\",\"item\":\"https:\/\/paroissespentecotesaintpaul.ovh\/index.php\/vie-chretienne\/\"},{\"@type\":\"ListItem\",\"position\":3,\"name\":\"SACREMENTS\",\"item\":\"https:\/\/paroissespentecotesaintpaul.ovh\/index.php\/vie-chretienne\/sacrements\/\"},{\"@type\":\"ListItem\",\"position\":4,\"name\":\"LE BAPTEME\"}]},{\"@type\":\"WebSite\",\"@id\":\"https:\/\/paroissespentecotesaintpaul.ovh\/#website\",\"url\":\"https:\/\/paroissespentecotesaintpaul.ovh\/\",\"name\":\"Paroisses de la Pentec\u00f4te et de Saint-Paul Notre-Dame du Rosaire\",\"description\":\"Saint-Pierre -  Saint-Paul - Saint-Andr\u00e9 -  Notre-Dame des Ap\u00f4tres - Notre-Dame du Rosaire \",\"publisher\":{\"@id\":\"https:\/\/paroissespentecotesaintpaul.ovh\/#organization\"},\"potentialAction\":[{\"@type\":\"SearchAction\",\"target\":{\"@type\":\"EntryPoint\",\"urlTemplate\":\"https:\/\/paroissespentecotesaintpaul.ovh\/?s={search_term_string}\"},\"query-input\":{\"@type\":\"PropertyValueSpecification\",\"valueRequired\":true,\"valueName\":\"search_term_string\"}}],\"inLanguage\":\"fr-FR\"},{\"@type\":\"Organization\",\"@id\":\"https:\/\/paroissespentecotesaintpaul.ovh\/#organization\",\"name\":\"Paroisses de la Pentecote Saint-Paul Notre-Dame du Rosaire\",\"url\":\"https:\/\/paroissespentecotesaintpaul.ovh\/\",\"logo\":{\"@type\":\"ImageObject\",\"inLanguage\":\"fr-FR\",\"@id\":\"https:\/\/paroissespentecotesaintpaul.ovh\/#\/schema\/logo\/image\/\",\"url\":\"http:\/\/paroissespentecotesaintpaul.ovh\/wp-content\/uploads\/2020\/09\/logo-commun.png\",\"contentUrl\":\"http:\/\/paroissespentecotesaintpaul.ovh\/wp-content\/uploads\/2020\/09\/logo-commun.png\",\"width\":453,\"height\":235,\"caption\":\"Paroisses de la Pentecote Saint-Paul Notre-Dame du Rosaire\"},\"image\":{\"@id\":\"https:\/\/paroissespentecotesaintpaul.ovh\/#\/schema\/logo\/image\/\"}}]}<\/script>\n<!-- \/ Yoast SEO plugin. -->","yoast_head_json":{"title":"LE BAPTEME - Paroisses de la Pentec\u00f4te et de Saint-Paul Notre-Dame du Rosaire","robots":{"index":"index","follow":"follow","max-snippet":"max-snippet:-1","max-image-preview":"max-image-preview:large","max-video-preview":"max-video-preview:-1"},"canonical":"https:\/\/paroissespentecotesaintpaul.ovh\/index.php\/vie-chretienne\/sacrements\/le-bapteme\/","og_locale":"fr_FR","og_type":"article","og_title":"LE BAPTEME - Paroisses de la Pentec\u00f4te et de Saint-Paul Notre-Dame du Rosaire","og_description":"Le Christ a propos\u00e9 le bapt\u00eame \u00e0 tous pour que tous aient la Vie en Dieu. Il l\u2019a confi\u00e9 \u00e0 son Eglise, en m\u00eame temps [&hellip;] Read More","og_url":"https:\/\/paroissespentecotesaintpaul.ovh\/index.php\/vie-chretienne\/sacrements\/le-bapteme\/","og_site_name":"Paroisses de la Pentec\u00f4te et de Saint-Paul Notre-Dame du Rosaire","article_modified_time":"2025-06-16T14:12:12+00:00","og_image":[{"url":"http:\/\/paroissespentecotesaintpaul.ovh\/wp-content\/uploads\/2020\/08\/bapteme1-1.jpg"}],"twitter_card":"summary_large_image","twitter_misc":{"Dur\u00e9e de lecture estim\u00e9e":"3 minutes"},"schema":{"@context":"https:\/\/schema.org","@graph":[{"@type":"WebPage","@id":"https:\/\/paroissespentecotesaintpaul.ovh\/index.php\/vie-chretienne\/sacrements\/le-bapteme\/","url":"https:\/\/paroissespentecotesaintpaul.ovh\/index.php\/vie-chretienne\/sacrements\/le-bapteme\/","name":"LE BAPTEME - Paroisses de la Pentec\u00f4te et de Saint-Paul Notre-Dame du Rosaire","isPartOf":{"@id":"https:\/\/paroissespentecotesaintpaul.ovh\/#website"},"primaryImageOfPage":{"@id":"https:\/\/paroissespentecotesaintpaul.ovh\/index.php\/vie-chretienne\/sacrements\/le-bapteme\/#primaryimage"},"image":{"@id":"https:\/\/paroissespentecotesaintpaul.ovh\/index.php\/vie-chretienne\/sacrements\/le-bapteme\/#primaryimage"},"thumbnailUrl":"http:\/\/paroissespentecotesaintpaul.ovh\/wp-content\/uploads\/2020\/08\/bapteme1-1.jpg","datePublished":"2020-08-22T19:04:19+00:00","dateModified":"2025-06-16T14:12:12+00:00","breadcrumb":{"@id":"https:\/\/paroissespentecotesaintpaul.ovh\/index.php\/vie-chretienne\/sacrements\/le-bapteme\/#breadcrumb"},"inLanguage":"fr-FR","potentialAction":[{"@type":"ReadAction","target":["https:\/\/paroissespentecotesaintpaul.ovh\/index.php\/vie-chretienne\/sacrements\/le-bapteme\/"]}]},{"@type":"ImageObject","inLanguage":"fr-FR","@id":"https:\/\/paroissespentecotesaintpaul.ovh\/index.php\/vie-chretienne\/sacrements\/le-bapteme\/#primaryimage","url":"http:\/\/paroissespentecotesaintpaul.ovh\/wp-content\/uploads\/2020\/08\/bapteme1-1.jpg","contentUrl":"http:\/\/paroissespentecotesaintpaul.ovh\/wp-content\/uploads\/2020\/08\/bapteme1-1.jpg"},{"@type":"BreadcrumbList","@id":"https:\/\/paroissespentecotesaintpaul.ovh\/index.php\/vie-chretienne\/sacrements\/le-bapteme\/#breadcrumb","itemListElement":[{"@type":"ListItem","position":1,"name":"Home","item":"https:\/\/paroissespentecotesaintpaul.ovh\/"},{"@type":"ListItem","position":2,"name":"VIE CHRETIENNE","item":"https:\/\/paroissespentecotesaintpaul.ovh\/index.php\/vie-chretienne\/"},{"@type":"ListItem","position":3,"name":"SACREMENTS","item":"https:\/\/paroissespentecotesaintpaul.ovh\/index.php\/vie-chretienne\/sacrements\/"},{"@type":"ListItem","position":4,"name":"LE BAPTEME"}]},{"@type":"WebSite","@id":"https:\/\/paroissespentecotesaintpaul.ovh\/#website","url":"https:\/\/paroissespentecotesaintpaul.ovh\/","name":"Paroisses de la Pentec\u00f4te et de Saint-Paul Notre-Dame du Rosaire","description":"Saint-Pierre -  Saint-Paul - Saint-Andr\u00e9 -  Notre-Dame des Ap\u00f4tres - Notre-Dame du Rosaire ","publisher":{"@id":"https:\/\/paroissespentecotesaintpaul.ovh\/#organization"},"potentialAction":[{"@type":"SearchAction","target":{"@type":"EntryPoint","urlTemplate":"https:\/\/paroissespentecotesaintpaul.ovh\/?s={search_term_string}"},"query-input":{"@type":"PropertyValueSpecification","valueRequired":true,"valueName":"search_term_string"}}],"inLanguage":"fr-FR"},{"@type":"Organization","@id":"https:\/\/paroissespentecotesaintpaul.ovh\/#organization","name":"Paroisses de la Pentecote Saint-Paul Notre-Dame du Rosaire","url":"https:\/\/paroissespentecotesaintpaul.ovh\/","logo":{"@type":"ImageObject","inLanguage":"fr-FR","@id":"https:\/\/paroissespentecotesaintpaul.ovh\/#\/schema\/logo\/image\/","url":"http:\/\/paroissespentecotesaintpaul.ovh\/wp-content\/uploads\/2020\/09\/logo-commun.png","contentUrl":"http:\/\/paroissespentecotesaintpaul.ovh\/wp-content\/uploads\/2020\/09\/logo-commun.png","width":453,"height":235,"caption":"Paroisses de la Pentecote Saint-Paul Notre-Dame du Rosaire"},"image":{"@id":"https:\/\/paroissespentecotesaintpaul.ovh\/#\/schema\/logo\/image\/"}}]}},"_links":{"self":[{"href":"https:\/\/paroissespentecotesaintpaul.ovh\/index.php\/wp-json\/wp\/v2\/pages\/2494"}],"collection":[{"href":"https:\/\/paroissespentecotesaintpaul.ovh\/index.php\/wp-json\/wp\/v2\/pages"}],"about":[{"href":"https:\/\/paroissespentecotesaintpaul.ovh\/index.php\/wp-json\/wp\/v2\/types\/page"}],"author":[{"embeddable":true,"href":"https:\/\/paroissespentecotesaintpaul.ovh\/index.php\/wp-json\/wp\/v2\/users\/1"}],"replies":[{"embeddable":true,"href":"https:\/\/paroissespentecotesaintpaul.ovh\/index.php\/wp-json\/wp\/v2\/comments?post=2494"}],"version-history":[{"count":10,"href":"https:\/\/paroissespentecotesaintpaul.ovh\/index.php\/wp-json\/wp\/v2\/pages\/2494\/revisions"}],"predecessor-version":[{"id":4391,"href":"https:\/\/paroissespentecotesaintpaul.ovh\/index.php\/wp-json\/wp\/v2\/pages\/2494\/revisions\/4391"}],"up":[{"embeddable":true,"href":"https:\/\/paroissespentecotesaintpaul.ovh\/index.php\/wp-json\/wp\/v2\/pages\/2683"}],"wp:attachment":[{"href":"https:\/\/paroissespentecotesaintpaul.ovh\/index.php\/wp-json\/wp\/v2\/media?parent=2494"}],"curies":[{"name":"wp","href":"https:\/\/api.w.org\/{rel}","templated":true}]}}