{"id":2500,"date":"2020-08-22T17:36:37","date_gmt":"2020-08-22T15:36:37","guid":{"rendered":"https:\/\/ndvitre.wordpress.com\/?page_id=2500"},"modified":"2025-08-22T15:45:09","modified_gmt":"2025-08-22T13:45:09","slug":"eveil-a-la-foi","status":"publish","type":"page","link":"https:\/\/paroissespentecotesaintpaul.ovh\/index.php\/vie-chretienne\/formation\/enfants-jeunes\/eveil-a-la-foi\/","title":{"rendered":"EVEIL \u00c0 LA FOI &#8211; 3 \u00c0 6 ANS"},"content":{"rendered":"<div class=\"wp-block-image\">\n<figure class=\"aligncenter size-large\"><img loading=\"lazy\" decoding=\"async\" width=\"1024\" height=\"724\" src=\"https:\/\/paroissespentecotesaintpaul.ovh\/wp-content\/uploads\/2024\/10\/eveil-a-la-foi-1024x724.png\" alt=\"\" class=\"wp-image-4212\" srcset=\"https:\/\/paroissespentecotesaintpaul.ovh\/wp-content\/uploads\/2024\/10\/eveil-a-la-foi-1024x724.png 1024w, https:\/\/paroissespentecotesaintpaul.ovh\/wp-content\/uploads\/2024\/10\/eveil-a-la-foi-300x212.png 300w, https:\/\/paroissespentecotesaintpaul.ovh\/wp-content\/uploads\/2024\/10\/eveil-a-la-foi-768x543.png 768w, https:\/\/paroissespentecotesaintpaul.ovh\/wp-content\/uploads\/2024\/10\/eveil-a-la-foi-1536x1086.png 1536w, https:\/\/paroissespentecotesaintpaul.ovh\/wp-content\/uploads\/2024\/10\/eveil-a-la-foi.png 2000w\" sizes=\"(max-width: 1024px) 100vw, 1024px\" \/><figcaption class=\"wp-element-caption\">C\u00e9l\u00e9bration de l&rsquo;\u00e9veil \u00e0 la foi<\/figcaption><\/figure><\/div>\n\n\n<p class=\"has-text-align-justify\">Animation 4 rencontres dimanches matin par an avec les parents et les enfants entre 3 et 6 ans. Rencontre avec les chr\u00e9tiens rassembl\u00e9s \u00e0 la fin de la messe. L\u2019objectif est d\u2019\u00e9veiller les tout-petits au sens de la vie et \u00e0 la connaissance de J\u00e9sus par des chants, des histoires, des activit\u00e9s manuelles, des temps de pri\u00e8re et d\u2019\u00e9coute de la Parole de Dieu.<\/p>\n\n\n\n<p>Contacter l&rsquo;\u00e9quipe de l&rsquo;\u00e9veil \u00e0 la foi : <a href=\"mailto:eafstpaulpentecote@gmail.com\">eafstpaulpentecote@gmail.com<\/a> <\/p>\n\n\n\n<p class=\"has-accent-color has-text-color has-background has-small-font-size\" style=\"background-color:#f29544\"><strong>CALENDRIER DES CELEBRATIONS D&rsquo;EVEIL A LA FOI<\/strong><br>Dimanche 8 d\u00e9cembre 2024 de 10H15 \u00e0 11H30<br>Dimanche 9 mars 2025 de 10H15 \u00e0 11H30<br>Dimanche 1 juin 2025 de 10H15 \u00e0 11H30<\/p>\n\n\n\n<p class=\"has-accent-color has-white-background-color has-text-color has-background has-small-font-size\"><strong>Ci-apr\u00e8s le lien pour vous inscrire \u00e0 la premi\u00e8re s\u00e9ance, ou nous faire savoir votre int\u00e9r\u00eat pour les prochaines s\u00e9ances :<\/strong> <a href=\"https:\/\/www.billetweb.fr\/inscriptions-eveil-a-la-foi-pentecote\">https:\/\/www.billetweb.fr\/inscriptions-eveil-a-la-foi-pentecote<\/a><\/p>\n\n\n\n<div data-wp-interactive=\"\" class=\"wp-block-file\"><object data-wp-bind--hidden=\"!selectors.core.file.hasPdfPreview\" hidden class=\"wp-block-file__embed\" data=\"https:\/\/paroissespentecotesaintpaul.ovh\/wp-content\/uploads\/2024\/10\/Eveil-a-la-foi-carnet-24-25.pdf\" type=\"application\/pdf\" style=\"width:100%;height:600px\" aria-label=\"Contenu embarqu\u00e9 Carnet de l'\u00e9veil \u00e0 la foi 2024-2025.\"><\/object><a id=\"wp-block-file--media-48be05b5-f85d-42b4-b00e-c5ac65da878f\" href=\"https:\/\/paroissespentecotesaintpaul.ovh\/wp-content\/uploads\/2024\/10\/Eveil-a-la-foi-carnet-24-25.pdf\">Carnet de l&rsquo;\u00e9veil \u00e0 la foi 2024-2025<\/a><a href=\"https:\/\/paroissespentecotesaintpaul.ovh\/wp-content\/uploads\/2024\/10\/Eveil-a-la-foi-carnet-24-25.pdf\" class=\"wp-block-file__button wp-element-button\" download aria-describedby=\"wp-block-file--media-48be05b5-f85d-42b4-b00e-c5ac65da878f\">T\u00e9l\u00e9charger<\/a><\/div>\n\n\n\n<figure class=\"wp-block-gallery has-nested-images columns-default is-cropped wp-block-gallery-1 is-layout-flex wp-block-gallery-is-layout-flex\"><\/figure>\n","protected":false},"excerpt":{"rendered":"<p>Animation 4 rencontres dimanches matin par an avec les parents et les enfants entre 3 et 6 ans. Rencontre avec les chr\u00e9tiens rassembl\u00e9s \u00e0 la [&hellip;] <span class=\"read-more-link\"><a class=\"read-more\" href=\"https:\/\/paroissespentecotesaintpaul.ovh\/index.php\/vie-chretienne\/formation\/enfants-jeunes\/eveil-a-la-foi\/\">Read More<\/a><\/span><\/p>\n","protected":false},"author":1,"featured_media":0,"parent":108,"menu_order":1,"comment_status":"closed","ping_status":"closed","template":"","meta":{"_monsterinsights_skip_tracking":false,"_monsterinsights_sitenote_active":false,"_monsterinsights_sitenote_note":"","_monsterinsights_sitenote_category":0,"footnotes":""},"yoast_head":"<!-- This site is optimized with the Yoast SEO plugin v23.5 - https:\/\/yoast.com\/wordpress\/plugins\/seo\/ -->\n<title>EVEIL \u00c0 LA FOI - 3 \u00c0 6 ANS - Paroisses de la Pentec\u00f4te et de Saint-Paul Notre-Dame du Rosaire<\/title>\n<meta name=\"robots\" content=\"index, follow, max-snippet:-1, max-image-preview:large, max-video-preview:-1\" \/>\n<link rel=\"canonical\" href=\"https:\/\/paroissespentecotesaintpaul.ovh\/index.php\/vie-chretienne\/formation\/enfants-jeunes\/eveil-a-la-foi\/\" \/>\n<meta property=\"og:locale\" content=\"fr_FR\" \/>\n<meta property=\"og:type\" content=\"article\" \/>\n<meta property=\"og:title\" content=\"EVEIL \u00c0 LA FOI - 3 \u00c0 6 ANS - Paroisses de la Pentec\u00f4te et de Saint-Paul Notre-Dame du Rosaire\" \/>\n<meta property=\"og:description\" content=\"Animation 4 rencontres dimanches matin par an avec les parents et les enfants entre 3 et 6 ans. Rencontre avec les chr\u00e9tiens rassembl\u00e9s \u00e0 la [&hellip;] Read More\" \/>\n<meta property=\"og:url\" content=\"https:\/\/paroissespentecotesaintpaul.ovh\/index.php\/vie-chretienne\/formation\/enfants-jeunes\/eveil-a-la-foi\/\" \/>\n<meta property=\"og:site_name\" content=\"Paroisses de la Pentec\u00f4te et de Saint-Paul Notre-Dame du Rosaire\" \/>\n<meta property=\"article:modified_time\" content=\"2025-08-22T13:45:09+00:00\" \/>\n<meta property=\"og:image\" content=\"https:\/\/paroissespentecotesaintpaul.ovh\/wp-content\/uploads\/2024\/10\/eveil-a-la-foi-1024x724.png\" \/>\n<meta name=\"twitter:card\" content=\"summary_large_image\" \/>\n<meta name=\"twitter:label1\" content=\"Dur\u00e9e de lecture estim\u00e9e\" \/>\n\t<meta name=\"twitter:data1\" content=\"1 minute\" \/>\n<script type=\"application\/ld+json\" class=\"yoast-schema-graph\">{\"@context\":\"https:\/\/schema.org\",\"@graph\":[{\"@type\":\"WebPage\",\"@id\":\"https:\/\/paroissespentecotesaintpaul.ovh\/index.php\/vie-chretienne\/formation\/enfants-jeunes\/eveil-a-la-foi\/\",\"url\":\"https:\/\/paroissespentecotesaintpaul.ovh\/index.php\/vie-chretienne\/formation\/enfants-jeunes\/eveil-a-la-foi\/\",\"name\":\"EVEIL \u00c0 LA FOI - 3 \u00c0 6 ANS - Paroisses de la Pentec\u00f4te et de Saint-Paul Notre-Dame du Rosaire\",\"isPartOf\":{\"@id\":\"https:\/\/paroissespentecotesaintpaul.ovh\/#website\"},\"primaryImageOfPage\":{\"@id\":\"https:\/\/paroissespentecotesaintpaul.ovh\/index.php\/vie-chretienne\/formation\/enfants-jeunes\/eveil-a-la-foi\/#primaryimage\"},\"image\":{\"@id\":\"https:\/\/paroissespentecotesaintpaul.ovh\/index.php\/vie-chretienne\/formation\/enfants-jeunes\/eveil-a-la-foi\/#primaryimage\"},\"thumbnailUrl\":\"https:\/\/paroissespentecotesaintpaul.ovh\/wp-content\/uploads\/2024\/10\/eveil-a-la-foi-1024x724.png\",\"datePublished\":\"2020-08-22T15:36:37+00:00\",\"dateModified\":\"2025-08-22T13:45:09+00:00\",\"breadcrumb\":{\"@id\":\"https:\/\/paroissespentecotesaintpaul.ovh\/index.php\/vie-chretienne\/formation\/enfants-jeunes\/eveil-a-la-foi\/#breadcrumb\"},\"inLanguage\":\"fr-FR\",\"potentialAction\":[{\"@type\":\"ReadAction\",\"target\":[\"https:\/\/paroissespentecotesaintpaul.ovh\/index.php\/vie-chretienne\/formation\/enfants-jeunes\/eveil-a-la-foi\/\"]}]},{\"@type\":\"ImageObject\",\"inLanguage\":\"fr-FR\",\"@id\":\"https:\/\/paroissespentecotesaintpaul.ovh\/index.php\/vie-chretienne\/formation\/enfants-jeunes\/eveil-a-la-foi\/#primaryimage\",\"url\":\"https:\/\/paroissespentecotesaintpaul.ovh\/wp-content\/uploads\/2024\/10\/eveil-a-la-foi.png\",\"contentUrl\":\"https:\/\/paroissespentecotesaintpaul.ovh\/wp-content\/uploads\/2024\/10\/eveil-a-la-foi.png\",\"width\":2000,\"height\":1414},{\"@type\":\"BreadcrumbList\",\"@id\":\"https:\/\/paroissespentecotesaintpaul.ovh\/index.php\/vie-chretienne\/formation\/enfants-jeunes\/eveil-a-la-foi\/#breadcrumb\",\"itemListElement\":[{\"@type\":\"ListItem\",\"position\":1,\"name\":\"Home\",\"item\":\"https:\/\/paroissespentecotesaintpaul.ovh\/\"},{\"@type\":\"ListItem\",\"position\":2,\"name\":\"VIE CHRETIENNE\",\"item\":\"https:\/\/paroissespentecotesaintpaul.ovh\/index.php\/vie-chretienne\/\"},{\"@type\":\"ListItem\",\"position\":3,\"name\":\"FORMATION CHRETIENNE\",\"item\":\"https:\/\/paroissespentecotesaintpaul.ovh\/index.php\/vie-chretienne\/formation\/\"},{\"@type\":\"ListItem\",\"position\":4,\"name\":\"ENFANTS ET JEUNES\",\"item\":\"https:\/\/paroissespentecotesaintpaul.ovh\/index.php\/vie-chretienne\/formation\/enfants-jeunes\/\"},{\"@type\":\"ListItem\",\"position\":5,\"name\":\"EVEIL \u00c0 LA FOI &#8211; 3 \u00c0 6 ANS\"}]},{\"@type\":\"WebSite\",\"@id\":\"https:\/\/paroissespentecotesaintpaul.ovh\/#website\",\"url\":\"https:\/\/paroissespentecotesaintpaul.ovh\/\",\"name\":\"Paroisses de la Pentec\u00f4te et de Saint-Paul Notre-Dame du Rosaire\",\"description\":\"Saint-Pierre -  Saint-Paul - Saint-Andr\u00e9 -  Notre-Dame des Ap\u00f4tres - Notre-Dame du Rosaire \",\"publisher\":{\"@id\":\"https:\/\/paroissespentecotesaintpaul.ovh\/#organization\"},\"potentialAction\":[{\"@type\":\"SearchAction\",\"target\":{\"@type\":\"EntryPoint\",\"urlTemplate\":\"https:\/\/paroissespentecotesaintpaul.ovh\/?s={search_term_string}\"},\"query-input\":{\"@type\":\"PropertyValueSpecification\",\"valueRequired\":true,\"valueName\":\"search_term_string\"}}],\"inLanguage\":\"fr-FR\"},{\"@type\":\"Organization\",\"@id\":\"https:\/\/paroissespentecotesaintpaul.ovh\/#organization\",\"name\":\"Paroisses de la Pentecote Saint-Paul Notre-Dame du Rosaire\",\"url\":\"https:\/\/paroissespentecotesaintpaul.ovh\/\",\"logo\":{\"@type\":\"ImageObject\",\"inLanguage\":\"fr-FR\",\"@id\":\"https:\/\/paroissespentecotesaintpaul.ovh\/#\/schema\/logo\/image\/\",\"url\":\"http:\/\/paroissespentecotesaintpaul.ovh\/wp-content\/uploads\/2020\/09\/logo-commun.png\",\"contentUrl\":\"http:\/\/paroissespentecotesaintpaul.ovh\/wp-content\/uploads\/2020\/09\/logo-commun.png\",\"width\":453,\"height\":235,\"caption\":\"Paroisses de la Pentecote Saint-Paul Notre-Dame du Rosaire\"},\"image\":{\"@id\":\"https:\/\/paroissespentecotesaintpaul.ovh\/#\/schema\/logo\/image\/\"}}]}<\/script>\n<!-- \/ Yoast SEO plugin. -->","yoast_head_json":{"title":"EVEIL \u00c0 LA FOI - 3 \u00c0 6 ANS - Paroisses de la Pentec\u00f4te et de Saint-Paul Notre-Dame du Rosaire","robots":{"index":"index","follow":"follow","max-snippet":"max-snippet:-1","max-image-preview":"max-image-preview:large","max-video-preview":"max-video-preview:-1"},"canonical":"https:\/\/paroissespentecotesaintpaul.ovh\/index.php\/vie-chretienne\/formation\/enfants-jeunes\/eveil-a-la-foi\/","og_locale":"fr_FR","og_type":"article","og_title":"EVEIL \u00c0 LA FOI - 3 \u00c0 6 ANS - Paroisses de la Pentec\u00f4te et de Saint-Paul Notre-Dame du Rosaire","og_description":"Animation 4 rencontres dimanches matin par an avec les parents et les enfants entre 3 et 6 ans. Rencontre avec les chr\u00e9tiens rassembl\u00e9s \u00e0 la [&hellip;] Read More","og_url":"https:\/\/paroissespentecotesaintpaul.ovh\/index.php\/vie-chretienne\/formation\/enfants-jeunes\/eveil-a-la-foi\/","og_site_name":"Paroisses de la Pentec\u00f4te et de Saint-Paul Notre-Dame du Rosaire","article_modified_time":"2025-08-22T13:45:09+00:00","og_image":[{"url":"https:\/\/paroissespentecotesaintpaul.ovh\/wp-content\/uploads\/2024\/10\/eveil-a-la-foi-1024x724.png"}],"twitter_card":"summary_large_image","twitter_misc":{"Dur\u00e9e de lecture estim\u00e9e":"1 minute"},"schema":{"@context":"https:\/\/schema.org","@graph":[{"@type":"WebPage","@id":"https:\/\/paroissespentecotesaintpaul.ovh\/index.php\/vie-chretienne\/formation\/enfants-jeunes\/eveil-a-la-foi\/","url":"https:\/\/paroissespentecotesaintpaul.ovh\/index.php\/vie-chretienne\/formation\/enfants-jeunes\/eveil-a-la-foi\/","name":"EVEIL \u00c0 LA FOI - 3 \u00c0 6 ANS - Paroisses de la Pentec\u00f4te et de Saint-Paul Notre-Dame du Rosaire","isPartOf":{"@id":"https:\/\/paroissespentecotesaintpaul.ovh\/#website"},"primaryImageOfPage":{"@id":"https:\/\/paroissespentecotesaintpaul.ovh\/index.php\/vie-chretienne\/formation\/enfants-jeunes\/eveil-a-la-foi\/#primaryimage"},"image":{"@id":"https:\/\/paroissespentecotesaintpaul.ovh\/index.php\/vie-chretienne\/formation\/enfants-jeunes\/eveil-a-la-foi\/#primaryimage"},"thumbnailUrl":"https:\/\/paroissespentecotesaintpaul.ovh\/wp-content\/uploads\/2024\/10\/eveil-a-la-foi-1024x724.png","datePublished":"2020-08-22T15:36:37+00:00","dateModified":"2025-08-22T13:45:09+00:00","breadcrumb":{"@id":"https:\/\/paroissespentecotesaintpaul.ovh\/index.php\/vie-chretienne\/formation\/enfants-jeunes\/eveil-a-la-foi\/#breadcrumb"},"inLanguage":"fr-FR","potentialAction":[{"@type":"ReadAction","target":["https:\/\/paroissespentecotesaintpaul.ovh\/index.php\/vie-chretienne\/formation\/enfants-jeunes\/eveil-a-la-foi\/"]}]},{"@type":"ImageObject","inLanguage":"fr-FR","@id":"https:\/\/paroissespentecotesaintpaul.ovh\/index.php\/vie-chretienne\/formation\/enfants-jeunes\/eveil-a-la-foi\/#primaryimage","url":"https:\/\/paroissespentecotesaintpaul.ovh\/wp-content\/uploads\/2024\/10\/eveil-a-la-foi.png","contentUrl":"https:\/\/paroissespentecotesaintpaul.ovh\/wp-content\/uploads\/2024\/10\/eveil-a-la-foi.png","width":2000,"height":1414},{"@type":"BreadcrumbList","@id":"https:\/\/paroissespentecotesaintpaul.ovh\/index.php\/vie-chretienne\/formation\/enfants-jeunes\/eveil-a-la-foi\/#breadcrumb","itemListElement":[{"@type":"ListItem","position":1,"name":"Home","item":"https:\/\/paroissespentecotesaintpaul.ovh\/"},{"@type":"ListItem","position":2,"name":"VIE CHRETIENNE","item":"https:\/\/paroissespentecotesaintpaul.ovh\/index.php\/vie-chretienne\/"},{"@type":"ListItem","position":3,"name":"FORMATION CHRETIENNE","item":"https:\/\/paroissespentecotesaintpaul.ovh\/index.php\/vie-chretienne\/formation\/"},{"@type":"ListItem","position":4,"name":"ENFANTS ET JEUNES","item":"https:\/\/paroissespentecotesaintpaul.ovh\/index.php\/vie-chretienne\/formation\/enfants-jeunes\/"},{"@type":"ListItem","position":5,"name":"EVEIL \u00c0 LA FOI &#8211; 3 \u00c0 6 ANS"}]},{"@type":"WebSite","@id":"https:\/\/paroissespentecotesaintpaul.ovh\/#website","url":"https:\/\/paroissespentecotesaintpaul.ovh\/","name":"Paroisses de la Pentec\u00f4te et de Saint-Paul Notre-Dame du Rosaire","description":"Saint-Pierre -  Saint-Paul - Saint-Andr\u00e9 -  Notre-Dame des Ap\u00f4tres - Notre-Dame du Rosaire ","publisher":{"@id":"https:\/\/paroissespentecotesaintpaul.ovh\/#organization"},"potentialAction":[{"@type":"SearchAction","target":{"@type":"EntryPoint","urlTemplate":"https:\/\/paroissespentecotesaintpaul.ovh\/?s={search_term_string}"},"query-input":{"@type":"PropertyValueSpecification","valueRequired":true,"valueName":"search_term_string"}}],"inLanguage":"fr-FR"},{"@type":"Organization","@id":"https:\/\/paroissespentecotesaintpaul.ovh\/#organization","name":"Paroisses de la Pentecote Saint-Paul Notre-Dame du Rosaire","url":"https:\/\/paroissespentecotesaintpaul.ovh\/","logo":{"@type":"ImageObject","inLanguage":"fr-FR","@id":"https:\/\/paroissespentecotesaintpaul.ovh\/#\/schema\/logo\/image\/","url":"http:\/\/paroissespentecotesaintpaul.ovh\/wp-content\/uploads\/2020\/09\/logo-commun.png","contentUrl":"http:\/\/paroissespentecotesaintpaul.ovh\/wp-content\/uploads\/2020\/09\/logo-commun.png","width":453,"height":235,"caption":"Paroisses de la Pentecote Saint-Paul Notre-Dame du Rosaire"},"image":{"@id":"https:\/\/paroissespentecotesaintpaul.ovh\/#\/schema\/logo\/image\/"}}]}},"_links":{"self":[{"href":"https:\/\/paroissespentecotesaintpaul.ovh\/index.php\/wp-json\/wp\/v2\/pages\/2500"}],"collection":[{"href":"https:\/\/paroissespentecotesaintpaul.ovh\/index.php\/wp-json\/wp\/v2\/pages"}],"about":[{"href":"https:\/\/paroissespentecotesaintpaul.ovh\/index.php\/wp-json\/wp\/v2\/types\/page"}],"author":[{"embeddable":true,"href":"https:\/\/paroissespentecotesaintpaul.ovh\/index.php\/wp-json\/wp\/v2\/users\/1"}],"replies":[{"embeddable":true,"href":"https:\/\/paroissespentecotesaintpaul.ovh\/index.php\/wp-json\/wp\/v2\/comments?post=2500"}],"version-history":[{"count":24,"href":"https:\/\/paroissespentecotesaintpaul.ovh\/index.php\/wp-json\/wp\/v2\/pages\/2500\/revisions"}],"predecessor-version":[{"id":4443,"href":"https:\/\/paroissespentecotesaintpaul.ovh\/index.php\/wp-json\/wp\/v2\/pages\/2500\/revisions\/4443"}],"up":[{"embeddable":true,"href":"https:\/\/paroissespentecotesaintpaul.ovh\/index.php\/wp-json\/wp\/v2\/pages\/108"}],"wp:attachment":[{"href":"https:\/\/paroissespentecotesaintpaul.ovh\/index.php\/wp-json\/wp\/v2\/media?parent=2500"}],"curies":[{"name":"wp","href":"https:\/\/api.w.org\/{rel}","templated":true}]}}