{"id":2505,"date":"2020-08-15T16:21:03","date_gmt":"2020-08-15T14:21:03","guid":{"rendered":"https:\/\/ndvitre.wordpress.com\/?page_id=2505"},"modified":"2025-08-22T15:50:57","modified_gmt":"2025-08-22T13:50:57","slug":"catechese-7-11-ans","status":"publish","type":"page","link":"https:\/\/paroissespentecotesaintpaul.ovh\/index.php\/vie-chretienne\/formation\/enfants-jeunes\/catechese-7-11-ans\/","title":{"rendered":"CAT\u00c9CH\u00c8SE DES 7-11 ANS"},"content":{"rendered":"\n<p class=\"has-drop-cap has-small-font-size\"><\/p>\n\n\n\n<figure class=\"wp-block-pullquote\" style=\"border-style:none;border-width:0px\"><blockquote><p><em>\u00ab\u00a0Laissez les petits enfants, et ne les emp\u00eachez pas de venir \u00e0 moi; car le royaume des cieux est pour ceux qui leur ressemblent.<\/em>\u00ab\u00a0<\/p><cite>(<strong>Matthieu 19, 14<\/strong>)<\/cite><\/blockquote><\/figure>\n\n\n\n<p class=\"has-text-align-justify\">La cat\u00e9ch\u00e8se permet aux enfants de faire connaissance avec J\u00e9sus et l&rsquo;apprentissage de la vie chr\u00e9tienne au sein de la paroisse. L\u2019inscription se fait \u00e0 partir du CE1 jusqu&rsquo;au CM2. Le cat\u00e9 se d\u00e9roule habituellement le mardi ou le vendredi apr\u00e8s l\u2019\u00e9cole ou le samedi matin. Les CE1 sont regroup\u00e9s pour suivre le parcours \u00ab\u00a0Dieu te cherche\u00a0\u00bb avec 1 s\u00e9ance tous les 15 jours. Les CE2, CM1 et CM2 sont m\u00e9lang\u00e9s pour suivre le parcours de l&rsquo;ann\u00e9e (Dieu est Parole, Dieu marche avec nous ou Dieu est Amour). <\/p>\n\n\n\n<p><strong><span style=\"text-decoration: underline;\">Faut-il \u00eatre baptis\u00e9 pour faire de la cat\u00e9ch\u00e8se ?<\/span><\/strong><\/p>\n\n\n\n<p class=\"has-text-align-justify\">Non ! Ce n&rsquo;est pas obligatoire d&rsquo;\u00eatre baptis\u00e9 pour commencer \u00e0 faire de la cat\u00e9ch\u00e8se ! Votre enfants peut s&rsquo;inscrire et suivre un parcours pour d\u00e9couvrir le christ et ensuite se pr\u00e9parer au <a href=\"https:\/\/paroissespentecotesaintpaul.ovh\/index.php\/vie-chretienne\/sacrements\/le-bapteme\/\">bapt\u00eame<\/a> lors de sa 2\u00e8me ann\u00e9e de cat\u00e9ch\u00e8se, puis se pr\u00e9parer \u00e0 sa <a href=\"https:\/\/paroissespentecotesaintpaul.ovh\/index.php\/vie-chretienne\/sacrements\/premiere-communion-7-11-ans\/\">premi\u00e8re communion<\/a> lors de sa 3\u00e8me ann\u00e9e de cat\u00e9ch\u00e8se. <\/p>\n\n\n\n<p class=\"has-text-align-center\"><strong>Paroisse Saint-Paul \/ Notre-Dame du<\/strong> <strong>Rosaire<\/strong> et <strong>Paroisse de la Pentec\u00f4te<\/strong><\/p>\n\n\n\n<p class=\"has-text-align-center\">Anne-C\u00e9cile LECOMTE<mark style=\"background-color:rgba(0, 0, 0, 0)\" class=\"has-inline-color has-black-color\"> &#8211; Coordinatrice b\u00e9n\u00e9vole de la cat\u00e9ch\u00e8se<\/mark> &#8211; <a href=\"mailto:stpaulpentecotekt@gmail.com\">stpaulpentecotekt@gmail.com<\/a><\/p>\n\n\n\n<div class=\"wp-block-columns is-layout-flex wp-container-core-columns-layout-2 wp-block-columns-is-layout-flex\">\n<div class=\"wp-block-column is-layout-flow wp-block-column-is-layout-flow\">\n<div class=\"wp-block-columns is-layout-flex wp-container-core-columns-layout-1 wp-block-columns-is-layout-flex\">\n<div class=\"wp-block-column is-layout-flow wp-block-column-is-layout-flow\">\n<figure class=\"wp-block-gallery has-nested-images columns-4 is-cropped wp-block-gallery-1 is-layout-flex wp-block-gallery-is-layout-flex\">\n<figure class=\"wp-block-image size-full\"><img loading=\"lazy\" decoding=\"async\" width=\"1090\" height=\"1322\" src=\"https:\/\/paroissespentecotesaintpaul.ovh\/wp-content\/uploads\/2025\/06\/Capture-decran-2025-06-13-a-00.23.42.png\" alt=\"\" class=\"wp-image-4354\" srcset=\"https:\/\/paroissespentecotesaintpaul.ovh\/wp-content\/uploads\/2025\/06\/Capture-decran-2025-06-13-a-00.23.42.png 1090w, https:\/\/paroissespentecotesaintpaul.ovh\/wp-content\/uploads\/2025\/06\/Capture-decran-2025-06-13-a-00.23.42-247x300.png 247w, https:\/\/paroissespentecotesaintpaul.ovh\/wp-content\/uploads\/2025\/06\/Capture-decran-2025-06-13-a-00.23.42-844x1024.png 844w, https:\/\/paroissespentecotesaintpaul.ovh\/wp-content\/uploads\/2025\/06\/Capture-decran-2025-06-13-a-00.23.42-768x931.png 768w\" sizes=\"(max-width: 1090px) 100vw, 1090px\" \/><figcaption class=\"wp-element-caption\">Parcours Dieu est Amour<\/figcaption><\/figure>\n\n\n\n<figure class=\"wp-block-image size-large\"><img loading=\"lazy\" decoding=\"async\" width=\"404\" height=\"500\" src=\"https:\/\/paroissespentecotesaintpaul.ovh\/wp-content\/uploads\/2022\/10\/Capture-decran-2022-10-11-a-18.40.48.png\" alt=\"\" class=\"wp-image-3946\" srcset=\"https:\/\/paroissespentecotesaintpaul.ovh\/wp-content\/uploads\/2022\/10\/Capture-decran-2022-10-11-a-18.40.48.png 404w, https:\/\/paroissespentecotesaintpaul.ovh\/wp-content\/uploads\/2022\/10\/Capture-decran-2022-10-11-a-18.40.48-242x300.png 242w\" sizes=\"(max-width: 404px) 100vw, 404px\" \/><figcaption class=\"wp-element-caption\">Parcours CE1 &#8211; Dieu te cherche<\/figcaption><\/figure>\n<\/figure>\n<\/div>\n<\/div>\n<\/div>\n<\/div>\n\n\n\n<p><strong>Messes anim\u00e9es par le cat\u00e9<\/strong><\/p>\n\n\n\n<p>Au cours de l&rsquo;ann\u00e9e, les enfants du cat\u00e9, accompagn\u00e9s de leurs familles, participent aux <a href=\"https:\/\/paroissespentecotesaintpaul.ovh\/index.php\/vie-chretienne\/celebrations-et-prieres\/messes-en-famille\/\">messes anim\u00e9es par le cat\u00e9<\/a>. Ces messes sont pr\u00e9par\u00e9es avec les enfants, leurs cat\u00e9chistes et les parents.<\/p>\n\n\n\n<div data-wp-interactive=\"\" class=\"wp-block-file\"><object data-wp-bind--hidden=\"!selectors.core.file.hasPdfPreview\" hidden class=\"wp-block-file__embed\" data=\"https:\/\/paroissespentecotesaintpaul.ovh\/wp-content\/uploads\/2025\/06\/Messes-animees-par-le-cate-2025-2026-1.pdf\" type=\"application\/pdf\" style=\"width:100%;height:600px\" aria-label=\"Contenu embarqu\u00e9 Messes-animees-par-le-cate-2025-2026.\"><\/object><a id=\"wp-block-file--media-b8aa1fb9-7b0e-495b-90f9-146f64fee299\" href=\"https:\/\/paroissespentecotesaintpaul.ovh\/wp-content\/uploads\/2025\/06\/Messes-animees-par-le-cate-2025-2026-1.pdf\">Messes-animees-par-le-cate-2025-2026<\/a><a href=\"https:\/\/paroissespentecotesaintpaul.ovh\/wp-content\/uploads\/2025\/06\/Messes-animees-par-le-cate-2025-2026-1.pdf\" class=\"wp-block-file__button wp-element-button\" download aria-describedby=\"wp-block-file--media-b8aa1fb9-7b0e-495b-90f9-146f64fee299\">T\u00e9l\u00e9charger<\/a><\/div>\n\n\n\n<h2 class=\"wp-block-heading\"><strong><span style=\"text-decoration: underline;\">INSCRIPTION \u00c0 LA CAT\u00c9CH\u00c8SE : ANN\u00c9E 2025-2026<\/span><\/strong><\/h2>\n\n\n\n<p>Cette ann\u00e9e, nous d\u00e9mat\u00e9rialisations l\u2019inscription \u00e0 la cat\u00e9ch\u00e8se. Gr\u00e2ce \u00e0 Enoria, vous pouvez inscrire votre enfant \u00e0 la&nbsp;<a href=\"https:\/\/paroissespentecotesaintpaul.ovh\/index.php\/vie-chretienne\/formation\/enfants-jeunes\/catechese-7-11-ans\/\">cat\u00e9ch\u00e8se<\/a>&nbsp;avec les \u00e9tapes suivantes :<\/p>\n\n\n\n<div data-wp-interactive=\"\" class=\"wp-block-file\"><object data-wp-bind--hidden=\"!selectors.core.file.hasPdfPreview\" hidden class=\"wp-block-file__embed\" data=\"https:\/\/paroissespentecotesaintpaul.ovh\/wp-content\/uploads\/2025\/08\/Protocole-pour-le-site-internet-pour-inscription-catechese-2.pdf\" type=\"application\/pdf\" style=\"width:100%;height:600px\" aria-label=\"Contenu embarqu\u00e9 Protocole-pour-le-site-internet-pour-inscription-catechese-2.\"><\/object><a id=\"wp-block-file--media-3c71f612-b710-40a2-82b6-9aab0f4d0335\" href=\"https:\/\/paroissespentecotesaintpaul.ovh\/wp-content\/uploads\/2025\/08\/Protocole-pour-le-site-internet-pour-inscription-catechese-2.pdf\">Protocole-pour-le-site-internet-pour-inscription-catechese-2<\/a><a href=\"https:\/\/paroissespentecotesaintpaul.ovh\/wp-content\/uploads\/2025\/08\/Protocole-pour-le-site-internet-pour-inscription-catechese-2.pdf\" class=\"wp-block-file__button wp-element-button\" download aria-describedby=\"wp-block-file--media-3c71f612-b710-40a2-82b6-9aab0f4d0335\">T\u00e9l\u00e9charger<\/a><\/div>\n\n\n\n<p><strong><span style=\"text-decoration: underline;\">Pour les enfants du CE2 au CM2 :<\/span><\/strong><\/p>\n\n\n\n<p><a href=\"https:\/\/w.enoria.link\/inscription-a-la-catechese-avec-vanina\" target=\"_blank\" rel=\"noreferrer noopener\">Groupe cat\u00e9ch\u00e8se avec Vanina (Mardi : 16h45 &#8211; 17h45 \u00e0 St Paul)<\/a> \/ COMPLET<\/p>\n\n\n\n<p><a href=\"https:\/\/w.enoria.link\/inscription-a-la-catechese-avec-chrystelle\" target=\"_blank\" rel=\"noreferrer noopener\">Groupe cat\u00e9ch\u00e8se avec Chrystelle (Mardi : 18h30 &#8211; 19h30 \u00e0 Saint-Andr\u00e9)<\/a><\/p>\n\n\n\n<p><a href=\"https:\/\/w.enoria.link\/inscription-a-la-catechese-avec-julie\" target=\"_blank\" rel=\"noreferrer noopener\">Groupe cat\u00e9ch\u00e8se avec Julie (Vendredi : 17h00 &#8211; 18h00 \u00e0 St Paul)<\/a><\/p>\n\n\n\n<p><a href=\"https:\/\/w.enoria.link\/inscription-a-la-catechese-avec-rita\" target=\"_blank\" rel=\"noreferrer noopener\">Groupe cat\u00e9ch\u00e8se avec Rita (Samedi : 10h00 &#8211; 11h00 \u00e0 Saint-Andr\u00e9)<\/a><\/p>\n\n\n\n<p><a href=\"https:\/\/w.enoria.link\/inscription-a-la-catechese-avec-anne-cecile\" target=\"_blank\" rel=\"noreferrer noopener\">Groupe cat\u00e9ch\u00e8se avec Anne-C\u00e9cile (Samedi : 11h00 &#8211; 12h00 \u00e0 Saint-Andr\u00e9)<\/a><\/p>\n\n\n\n<p><strong><span style=\"text-decoration: underline;\">Pour les enfants en <\/span><\/strong><span style=\"font-weight: bold; text-decoration: underline;\">CE1: (environ 1 s\u00e9ance tous les 15 jours)<\/span><\/p>\n\n\n\n<p><a href=\"https:\/\/w.enoria.link\/inscription-a-la-catechese-ce1-avec-soeur-arasi\" target=\"_blank\" rel=\"noreferrer noopener\">Groupe cat\u00e9ch\u00e8se avec soeur Arasi (Mardi : 16h45 &#8211; 17h45 \u00e0 Saint-Andr\u00e9)<\/a><\/p>\n\n\n\n<p><a href=\"https:\/\/w.enoria.link\/inscription-a-la-catechese-ce1-avec-laurence\" target=\"_blank\" rel=\"noreferrer noopener\">Groupe cat\u00e9ch\u00e8se avec Laurence (Samedi : 10h00-11h00 \u00e0 Saint-Paul)<\/a><\/p>\n\n\n\n<figure class=\"wp-block-pullquote\"><blockquote><p><\/p><\/blockquote><\/figure>\n","protected":false},"excerpt":{"rendered":"<p>\u00ab\u00a0Laissez les petits enfants, et ne les emp\u00eachez pas de venir \u00e0 moi; car le royaume des cieux est pour ceux qui leur ressemblent.\u00ab\u00a0 (Matthieu [&hellip;] <span class=\"read-more-link\"><a class=\"read-more\" href=\"https:\/\/paroissespentecotesaintpaul.ovh\/index.php\/vie-chretienne\/formation\/enfants-jeunes\/catechese-7-11-ans\/\">Read More<\/a><\/span><\/p>\n","protected":false},"author":1,"featured_media":4217,"parent":108,"menu_order":2,"comment_status":"closed","ping_status":"closed","template":"","meta":{"_monsterinsights_skip_tracking":false,"_monsterinsights_sitenote_active":false,"_monsterinsights_sitenote_note":"","_monsterinsights_sitenote_category":0,"footnotes":""},"yoast_head":"<!-- This site is optimized with the Yoast SEO plugin v23.5 - https:\/\/yoast.com\/wordpress\/plugins\/seo\/ -->\n<title>CAT\u00c9CH\u00c8SE DES 7-11 ANS - Paroisses de la Pentec\u00f4te et de Saint-Paul Notre-Dame du Rosaire<\/title>\n<meta name=\"description\" content=\"La cat\u00e9ch\u00e8se permet aux enfants de faire connaissance avec J\u00e9sus et l&#039;apprentissage de la vie chr\u00e9tienne au sein de la paroisse.\" \/>\n<meta name=\"robots\" content=\"index, follow, max-snippet:-1, max-image-preview:large, max-video-preview:-1\" \/>\n<link rel=\"canonical\" href=\"https:\/\/paroissespentecotesaintpaul.ovh\/index.php\/vie-chretienne\/formation\/enfants-jeunes\/catechese-7-11-ans\/\" \/>\n<meta property=\"og:locale\" content=\"fr_FR\" \/>\n<meta property=\"og:type\" content=\"article\" \/>\n<meta property=\"og:title\" content=\"CAT\u00c9CH\u00c8SE DES 7-11 ANS - Paroisses de la Pentec\u00f4te et de Saint-Paul Notre-Dame du Rosaire\" \/>\n<meta property=\"og:description\" content=\"La cat\u00e9ch\u00e8se permet aux enfants de faire connaissance avec J\u00e9sus et l&#039;apprentissage de la vie chr\u00e9tienne au sein de la paroisse.\" \/>\n<meta property=\"og:url\" content=\"https:\/\/paroissespentecotesaintpaul.ovh\/index.php\/vie-chretienne\/formation\/enfants-jeunes\/catechese-7-11-ans\/\" \/>\n<meta property=\"og:site_name\" content=\"Paroisses de la Pentec\u00f4te et de Saint-Paul Notre-Dame du Rosaire\" \/>\n<meta property=\"article:modified_time\" content=\"2025-08-22T13:50:57+00:00\" \/>\n<meta property=\"og:image\" content=\"https:\/\/paroissespentecotesaintpaul.ovh\/wp-content\/uploads\/2024\/10\/4-724x1024.png\" \/>\n\t<meta property=\"og:image:width\" content=\"724\" \/>\n\t<meta property=\"og:image:height\" content=\"1024\" \/>\n\t<meta property=\"og:image:type\" content=\"image\/png\" \/>\n<meta name=\"twitter:card\" content=\"summary_large_image\" \/>\n<meta name=\"twitter:label1\" content=\"Dur\u00e9e de lecture estim\u00e9e\" \/>\n\t<meta name=\"twitter:data1\" content=\"3 minutes\" \/>\n<script type=\"application\/ld+json\" class=\"yoast-schema-graph\">{\"@context\":\"https:\/\/schema.org\",\"@graph\":[{\"@type\":\"WebPage\",\"@id\":\"https:\/\/paroissespentecotesaintpaul.ovh\/index.php\/vie-chretienne\/formation\/enfants-jeunes\/catechese-7-11-ans\/\",\"url\":\"https:\/\/paroissespentecotesaintpaul.ovh\/index.php\/vie-chretienne\/formation\/enfants-jeunes\/catechese-7-11-ans\/\",\"name\":\"CAT\u00c9CH\u00c8SE DES 7-11 ANS - Paroisses de la Pentec\u00f4te et de Saint-Paul Notre-Dame du Rosaire\",\"isPartOf\":{\"@id\":\"https:\/\/paroissespentecotesaintpaul.ovh\/#website\"},\"primaryImageOfPage\":{\"@id\":\"https:\/\/paroissespentecotesaintpaul.ovh\/index.php\/vie-chretienne\/formation\/enfants-jeunes\/catechese-7-11-ans\/#primaryimage\"},\"image\":{\"@id\":\"https:\/\/paroissespentecotesaintpaul.ovh\/index.php\/vie-chretienne\/formation\/enfants-jeunes\/catechese-7-11-ans\/#primaryimage\"},\"thumbnailUrl\":\"https:\/\/paroissespentecotesaintpaul.ovh\/wp-content\/uploads\/2024\/10\/4.png\",\"datePublished\":\"2020-08-15T14:21:03+00:00\",\"dateModified\":\"2025-08-22T13:50:57+00:00\",\"description\":\"La cat\u00e9ch\u00e8se permet aux enfants de faire connaissance avec J\u00e9sus et l'apprentissage de la vie chr\u00e9tienne au sein de la paroisse.\",\"breadcrumb\":{\"@id\":\"https:\/\/paroissespentecotesaintpaul.ovh\/index.php\/vie-chretienne\/formation\/enfants-jeunes\/catechese-7-11-ans\/#breadcrumb\"},\"inLanguage\":\"fr-FR\",\"potentialAction\":[{\"@type\":\"ReadAction\",\"target\":[\"https:\/\/paroissespentecotesaintpaul.ovh\/index.php\/vie-chretienne\/formation\/enfants-jeunes\/catechese-7-11-ans\/\"]}]},{\"@type\":\"ImageObject\",\"inLanguage\":\"fr-FR\",\"@id\":\"https:\/\/paroissespentecotesaintpaul.ovh\/index.php\/vie-chretienne\/formation\/enfants-jeunes\/catechese-7-11-ans\/#primaryimage\",\"url\":\"https:\/\/paroissespentecotesaintpaul.ovh\/wp-content\/uploads\/2024\/10\/4.png\",\"contentUrl\":\"https:\/\/paroissespentecotesaintpaul.ovh\/wp-content\/uploads\/2024\/10\/4.png\",\"width\":1414,\"height\":2000,\"caption\":\"CAT\u00c9CH\u00c8SE\"},{\"@type\":\"BreadcrumbList\",\"@id\":\"https:\/\/paroissespentecotesaintpaul.ovh\/index.php\/vie-chretienne\/formation\/enfants-jeunes\/catechese-7-11-ans\/#breadcrumb\",\"itemListElement\":[{\"@type\":\"ListItem\",\"position\":1,\"name\":\"Home\",\"item\":\"https:\/\/paroissespentecotesaintpaul.ovh\/\"},{\"@type\":\"ListItem\",\"position\":2,\"name\":\"VIE CHRETIENNE\",\"item\":\"https:\/\/paroissespentecotesaintpaul.ovh\/index.php\/vie-chretienne\/\"},{\"@type\":\"ListItem\",\"position\":3,\"name\":\"FORMATION CHRETIENNE\",\"item\":\"https:\/\/paroissespentecotesaintpaul.ovh\/index.php\/vie-chretienne\/formation\/\"},{\"@type\":\"ListItem\",\"position\":4,\"name\":\"ENFANTS ET JEUNES\",\"item\":\"https:\/\/paroissespentecotesaintpaul.ovh\/index.php\/vie-chretienne\/formation\/enfants-jeunes\/\"},{\"@type\":\"ListItem\",\"position\":5,\"name\":\"CAT\u00c9CH\u00c8SE DES 7-11 ANS\"}]},{\"@type\":\"WebSite\",\"@id\":\"https:\/\/paroissespentecotesaintpaul.ovh\/#website\",\"url\":\"https:\/\/paroissespentecotesaintpaul.ovh\/\",\"name\":\"Paroisses de la Pentec\u00f4te et de Saint-Paul Notre-Dame du Rosaire\",\"description\":\"Saint-Pierre -  Saint-Paul - Saint-Andr\u00e9 -  Notre-Dame des Ap\u00f4tres - Notre-Dame du Rosaire \",\"publisher\":{\"@id\":\"https:\/\/paroissespentecotesaintpaul.ovh\/#organization\"},\"potentialAction\":[{\"@type\":\"SearchAction\",\"target\":{\"@type\":\"EntryPoint\",\"urlTemplate\":\"https:\/\/paroissespentecotesaintpaul.ovh\/?s={search_term_string}\"},\"query-input\":{\"@type\":\"PropertyValueSpecification\",\"valueRequired\":true,\"valueName\":\"search_term_string\"}}],\"inLanguage\":\"fr-FR\"},{\"@type\":\"Organization\",\"@id\":\"https:\/\/paroissespentecotesaintpaul.ovh\/#organization\",\"name\":\"Paroisses de la Pentecote Saint-Paul Notre-Dame du Rosaire\",\"url\":\"https:\/\/paroissespentecotesaintpaul.ovh\/\",\"logo\":{\"@type\":\"ImageObject\",\"inLanguage\":\"fr-FR\",\"@id\":\"https:\/\/paroissespentecotesaintpaul.ovh\/#\/schema\/logo\/image\/\",\"url\":\"http:\/\/paroissespentecotesaintpaul.ovh\/wp-content\/uploads\/2020\/09\/logo-commun.png\",\"contentUrl\":\"http:\/\/paroissespentecotesaintpaul.ovh\/wp-content\/uploads\/2020\/09\/logo-commun.png\",\"width\":453,\"height\":235,\"caption\":\"Paroisses de la Pentecote Saint-Paul Notre-Dame du Rosaire\"},\"image\":{\"@id\":\"https:\/\/paroissespentecotesaintpaul.ovh\/#\/schema\/logo\/image\/\"}}]}<\/script>\n<!-- \/ Yoast SEO plugin. -->","yoast_head_json":{"title":"CAT\u00c9CH\u00c8SE DES 7-11 ANS - Paroisses de la Pentec\u00f4te et de Saint-Paul Notre-Dame du Rosaire","description":"La cat\u00e9ch\u00e8se permet aux enfants de faire connaissance avec J\u00e9sus et l'apprentissage de la vie chr\u00e9tienne au sein de la paroisse.","robots":{"index":"index","follow":"follow","max-snippet":"max-snippet:-1","max-image-preview":"max-image-preview:large","max-video-preview":"max-video-preview:-1"},"canonical":"https:\/\/paroissespentecotesaintpaul.ovh\/index.php\/vie-chretienne\/formation\/enfants-jeunes\/catechese-7-11-ans\/","og_locale":"fr_FR","og_type":"article","og_title":"CAT\u00c9CH\u00c8SE DES 7-11 ANS - Paroisses de la Pentec\u00f4te et de Saint-Paul Notre-Dame du Rosaire","og_description":"La cat\u00e9ch\u00e8se permet aux enfants de faire connaissance avec J\u00e9sus et l'apprentissage de la vie chr\u00e9tienne au sein de la paroisse.","og_url":"https:\/\/paroissespentecotesaintpaul.ovh\/index.php\/vie-chretienne\/formation\/enfants-jeunes\/catechese-7-11-ans\/","og_site_name":"Paroisses de la Pentec\u00f4te et de Saint-Paul Notre-Dame du Rosaire","article_modified_time":"2025-08-22T13:50:57+00:00","og_image":[{"width":724,"height":1024,"url":"https:\/\/paroissespentecotesaintpaul.ovh\/wp-content\/uploads\/2024\/10\/4-724x1024.png","type":"image\/png"}],"twitter_card":"summary_large_image","twitter_misc":{"Dur\u00e9e de lecture estim\u00e9e":"3 minutes"},"schema":{"@context":"https:\/\/schema.org","@graph":[{"@type":"WebPage","@id":"https:\/\/paroissespentecotesaintpaul.ovh\/index.php\/vie-chretienne\/formation\/enfants-jeunes\/catechese-7-11-ans\/","url":"https:\/\/paroissespentecotesaintpaul.ovh\/index.php\/vie-chretienne\/formation\/enfants-jeunes\/catechese-7-11-ans\/","name":"CAT\u00c9CH\u00c8SE DES 7-11 ANS - Paroisses de la Pentec\u00f4te et de Saint-Paul Notre-Dame du Rosaire","isPartOf":{"@id":"https:\/\/paroissespentecotesaintpaul.ovh\/#website"},"primaryImageOfPage":{"@id":"https:\/\/paroissespentecotesaintpaul.ovh\/index.php\/vie-chretienne\/formation\/enfants-jeunes\/catechese-7-11-ans\/#primaryimage"},"image":{"@id":"https:\/\/paroissespentecotesaintpaul.ovh\/index.php\/vie-chretienne\/formation\/enfants-jeunes\/catechese-7-11-ans\/#primaryimage"},"thumbnailUrl":"https:\/\/paroissespentecotesaintpaul.ovh\/wp-content\/uploads\/2024\/10\/4.png","datePublished":"2020-08-15T14:21:03+00:00","dateModified":"2025-08-22T13:50:57+00:00","description":"La cat\u00e9ch\u00e8se permet aux enfants de faire connaissance avec J\u00e9sus et l'apprentissage de la vie chr\u00e9tienne au sein de la paroisse.","breadcrumb":{"@id":"https:\/\/paroissespentecotesaintpaul.ovh\/index.php\/vie-chretienne\/formation\/enfants-jeunes\/catechese-7-11-ans\/#breadcrumb"},"inLanguage":"fr-FR","potentialAction":[{"@type":"ReadAction","target":["https:\/\/paroissespentecotesaintpaul.ovh\/index.php\/vie-chretienne\/formation\/enfants-jeunes\/catechese-7-11-ans\/"]}]},{"@type":"ImageObject","inLanguage":"fr-FR","@id":"https:\/\/paroissespentecotesaintpaul.ovh\/index.php\/vie-chretienne\/formation\/enfants-jeunes\/catechese-7-11-ans\/#primaryimage","url":"https:\/\/paroissespentecotesaintpaul.ovh\/wp-content\/uploads\/2024\/10\/4.png","contentUrl":"https:\/\/paroissespentecotesaintpaul.ovh\/wp-content\/uploads\/2024\/10\/4.png","width":1414,"height":2000,"caption":"CAT\u00c9CH\u00c8SE"},{"@type":"BreadcrumbList","@id":"https:\/\/paroissespentecotesaintpaul.ovh\/index.php\/vie-chretienne\/formation\/enfants-jeunes\/catechese-7-11-ans\/#breadcrumb","itemListElement":[{"@type":"ListItem","position":1,"name":"Home","item":"https:\/\/paroissespentecotesaintpaul.ovh\/"},{"@type":"ListItem","position":2,"name":"VIE CHRETIENNE","item":"https:\/\/paroissespentecotesaintpaul.ovh\/index.php\/vie-chretienne\/"},{"@type":"ListItem","position":3,"name":"FORMATION CHRETIENNE","item":"https:\/\/paroissespentecotesaintpaul.ovh\/index.php\/vie-chretienne\/formation\/"},{"@type":"ListItem","position":4,"name":"ENFANTS ET JEUNES","item":"https:\/\/paroissespentecotesaintpaul.ovh\/index.php\/vie-chretienne\/formation\/enfants-jeunes\/"},{"@type":"ListItem","position":5,"name":"CAT\u00c9CH\u00c8SE DES 7-11 ANS"}]},{"@type":"WebSite","@id":"https:\/\/paroissespentecotesaintpaul.ovh\/#website","url":"https:\/\/paroissespentecotesaintpaul.ovh\/","name":"Paroisses de la Pentec\u00f4te et de Saint-Paul Notre-Dame du Rosaire","description":"Saint-Pierre -  Saint-Paul - Saint-Andr\u00e9 -  Notre-Dame des Ap\u00f4tres - Notre-Dame du Rosaire ","publisher":{"@id":"https:\/\/paroissespentecotesaintpaul.ovh\/#organization"},"potentialAction":[{"@type":"SearchAction","target":{"@type":"EntryPoint","urlTemplate":"https:\/\/paroissespentecotesaintpaul.ovh\/?s={search_term_string}"},"query-input":{"@type":"PropertyValueSpecification","valueRequired":true,"valueName":"search_term_string"}}],"inLanguage":"fr-FR"},{"@type":"Organization","@id":"https:\/\/paroissespentecotesaintpaul.ovh\/#organization","name":"Paroisses de la Pentecote Saint-Paul Notre-Dame du Rosaire","url":"https:\/\/paroissespentecotesaintpaul.ovh\/","logo":{"@type":"ImageObject","inLanguage":"fr-FR","@id":"https:\/\/paroissespentecotesaintpaul.ovh\/#\/schema\/logo\/image\/","url":"http:\/\/paroissespentecotesaintpaul.ovh\/wp-content\/uploads\/2020\/09\/logo-commun.png","contentUrl":"http:\/\/paroissespentecotesaintpaul.ovh\/wp-content\/uploads\/2020\/09\/logo-commun.png","width":453,"height":235,"caption":"Paroisses de la Pentecote Saint-Paul Notre-Dame du Rosaire"},"image":{"@id":"https:\/\/paroissespentecotesaintpaul.ovh\/#\/schema\/logo\/image\/"}}]}},"_links":{"self":[{"href":"https:\/\/paroissespentecotesaintpaul.ovh\/index.php\/wp-json\/wp\/v2\/pages\/2505"}],"collection":[{"href":"https:\/\/paroissespentecotesaintpaul.ovh\/index.php\/wp-json\/wp\/v2\/pages"}],"about":[{"href":"https:\/\/paroissespentecotesaintpaul.ovh\/index.php\/wp-json\/wp\/v2\/types\/page"}],"author":[{"embeddable":true,"href":"https:\/\/paroissespentecotesaintpaul.ovh\/index.php\/wp-json\/wp\/v2\/users\/1"}],"replies":[{"embeddable":true,"href":"https:\/\/paroissespentecotesaintpaul.ovh\/index.php\/wp-json\/wp\/v2\/comments?post=2505"}],"version-history":[{"count":39,"href":"https:\/\/paroissespentecotesaintpaul.ovh\/index.php\/wp-json\/wp\/v2\/pages\/2505\/revisions"}],"predecessor-version":[{"id":4448,"href":"https:\/\/paroissespentecotesaintpaul.ovh\/index.php\/wp-json\/wp\/v2\/pages\/2505\/revisions\/4448"}],"up":[{"embeddable":true,"href":"https:\/\/paroissespentecotesaintpaul.ovh\/index.php\/wp-json\/wp\/v2\/pages\/108"}],"wp:featuredmedia":[{"embeddable":true,"href":"https:\/\/paroissespentecotesaintpaul.ovh\/index.php\/wp-json\/wp\/v2\/media\/4217"}],"wp:attachment":[{"href":"https:\/\/paroissespentecotesaintpaul.ovh\/index.php\/wp-json\/wp\/v2\/media?parent=2505"}],"curies":[{"name":"wp","href":"https:\/\/api.w.org\/{rel}","templated":true}]}}