{"id":2805,"date":"2020-08-22T16:56:26","date_gmt":"2020-08-22T14:56:26","guid":{"rendered":"http:\/\/paroissespentecotesaintpaul.ovh\/?page_id=2805"},"modified":"2023-01-13T10:59:45","modified_gmt":"2023-01-13T09:59:45","slug":"liens-utiles","status":"publish","type":"page","link":"https:\/\/paroissespentecotesaintpaul.ovh\/index.php\/liens-utiles\/","title":{"rendered":"LIENS UTILES"},"content":{"rendered":"\n<p>Cliquez sur les \u00e9l\u00e9ments ci-dessous pour acc\u00e9der aux sites internet correspondants :<\/p>\n\n\n\n<p><a href=\"https:\/\/www.google.com\/url?sa=t&amp;rct=j&amp;q=&amp;esrc=s&amp;source=web&amp;cd=&amp;cad=rja&amp;uact=8&amp;ved=2ahUKEwiji5KuyK7rAhWMy4UKHSL_DpIQFjABegQIAhAC&amp;url=https%3A%2F%2Feglise.catholique.fr%2F&amp;usg=AOvVaw1tDu6zJfxpLZguMBE-5aS-\" target=\"_blank\" rel=\"noreferrer noopener\">Portail de l&rsquo;\u00c9glise Catholique en France<\/a><\/p>\n\n\n\n<p><a href=\"https:\/\/diocese44.fr\" target=\"_blank\" rel=\"noreferrer noopener\">Dioc\u00e8se de Nantes<\/a><\/p>\n\n\n\n<p><a rel=\"noreferrer noopener\" href=\"https:\/\/messes.info\" target=\"_blank\">Messesinfo<\/a><\/p>\n\n\n\n<h3 class=\"wp-block-heading\">Paroisse associ\u00e9e<\/h3>\n\n\n\n<p><a href=\"http:\/\/mereteresaensudloire.fr\" target=\"_blank\" rel=\"noreferrer noopener\">Paroisse M\u00e8re Teresa en sud Loire <\/a><\/p>\n\n\n\n<h3 class=\"wp-block-heading\">Mouvements<\/h3>\n\n\n\n<p><a href=\"http:\/\/actioncatholiquedesfemmes.org\/\" target=\"_blank\" rel=\"noreferrer noopener\">ACF : Action Catholique des Femmes<\/a><\/p>\n\n\n\n<p><a href=\"https:\/\/acofrance.fr\" target=\"_blank\" rel=\"noreferrer noopener\">ACO : Action Catholique Ouvri\u00e8re<\/a><\/p>\n\n\n\n<p><a href=\"https:\/\/www.acifrance.com\" target=\"_blank\" rel=\"noreferrer noopener\">ACI : Action Catholique des milieux Ind\u00e9pendants<\/a><\/p>\n\n\n\n<p><a href=\"https:\/\/www.mcc.asso.fr\" target=\"_blank\" rel=\"noreferrer noopener\">MCC : Mouvement Chr\u00e9tien des Cadres dirigeants<\/a><\/p>\n\n\n\n<p><a href=\"https:\/\/mcr.asso.fr\" target=\"_blank\" rel=\"noreferrer noopener\">MCR : Mouvement Chr\u00e9tien des Retrait\u00e9s<\/a><\/p>\n\n\n\n<p>Mouvements pour les enfants et les jeunes<\/p>\n\n\n\n<p><a href=\"https:\/\/www.ace.asso.fr\" target=\"_blank\" rel=\"noreferrer noopener\">ACE : Action Catholique des Enfants<\/a><\/p>\n\n\n\n<p><a href=\"https:\/\/www.mej.fr\" target=\"_blank\" rel=\"noreferrer noopener\">MEJ : Mouvement Eucharistique des Jeunes<\/a><\/p>\n\n\n\n<p><a href=\"https:\/\/www.sgdf.fr\" target=\"_blank\" rel=\"noreferrer noopener\">Scouts et Guides de France<\/a><\/p>\n\n\n\n<p><a href=\"http:\/\/www.joc.asso.fr\" target=\"_blank\" rel=\"noreferrer noopener\">JOC : Jeunesse Ouvri\u00e8re Chr\u00e9tienne<\/a><\/p>\n\n\n\n<h3 class=\"wp-block-heading\">Engagement caritatif<\/h3>\n\n\n\n<h4 class=\"wp-block-heading\">Denier<\/h4>\n\n\n\n<p><a href=\"https:\/\/eglise.catholique.fr\/denier-eglise\/\" target=\"_blank\" rel=\"noreferrer noopener\">Pourquoi donner ?<\/a><\/p>\n\n\n\n<p><a href=\"https:\/\/diocese44.fr\/dons\/don-en-ligne\/\" target=\"_blank\" rel=\"noreferrer noopener\">Lien vers le site de dons en ligne<\/a><\/p>\n\n\n\n<h4 class=\"wp-block-heading\">Mouvements caritatifs<\/h4>\n\n\n\n<p><a href=\"https:\/\/ccfd-terresolidaire.org\" target=\"_blank\" rel=\"noreferrer noopener\">CCFD &#8211; Terre Solidaire<\/a><\/p>\n\n\n\n<p><a href=\"https:\/\/www.secours-catholique.org\" target=\"_blank\" rel=\"noreferrer noopener\">Secours Catholique<\/a><\/p>\n\n\n\n<h3 class=\"wp-block-heading\">Formation chr\u00e9tienne<\/h3>\n\n\n\n<h4 class=\"wp-block-heading\">Pour les enfants<\/h4>\n\n\n\n<p><a href=\"https:\/\/www.cadeaux-de-dieu.fr\" target=\"_blank\" rel=\"noreferrer noopener\">Cadeaux de Dieu<\/a><\/p>\n\n\n\n<p><a rel=\"noreferrer noopener\" href=\"https:\/\/www.theobule.org\" target=\"_blank\">Th\u00e9obule<\/a><\/p>\n\n\n\n<h2 class=\"wp-block-heading\"><strong>R\u00e9seaux sociaux<\/strong><\/h2>\n\n\n\n<p>YouTube: <a href=\"https:\/\/www.youtube.com\/channel\/UCPDZZhsPjFnQmkeTGW3Miqw\">https:\/\/www.youtube.com\/channel\/UCPDZZhsPjFnQmkeTGW3Miqw<\/a><\/p>\n","protected":false},"excerpt":{"rendered":"<p>Cliquez sur les \u00e9l\u00e9ments ci-dessous pour acc\u00e9der aux sites internet correspondants : Portail de l&rsquo;\u00c9glise Catholique en France Dioc\u00e8se de Nantes Messesinfo Paroisse associ\u00e9e Paroisse [&hellip;] <span class=\"read-more-link\"><a class=\"read-more\" href=\"https:\/\/paroissespentecotesaintpaul.ovh\/index.php\/liens-utiles\/\">Read More<\/a><\/span><\/p>\n","protected":false},"author":1,"featured_media":0,"parent":0,"menu_order":0,"comment_status":"closed","ping_status":"closed","template":"","meta":{"_monsterinsights_skip_tracking":false,"_monsterinsights_sitenote_active":false,"_monsterinsights_sitenote_note":"","_monsterinsights_sitenote_category":0,"footnotes":""},"yoast_head":"<!-- This site is optimized with the Yoast SEO plugin v23.5 - https:\/\/yoast.com\/wordpress\/plugins\/seo\/ -->\n<title>LIENS UTILES - Paroisses de la Pentec\u00f4te et de Saint-Paul Notre-Dame du Rosaire<\/title>\n<meta name=\"robots\" content=\"index, follow, max-snippet:-1, max-image-preview:large, max-video-preview:-1\" \/>\n<link rel=\"canonical\" href=\"https:\/\/paroissespentecotesaintpaul.ovh\/index.php\/liens-utiles\/\" \/>\n<meta property=\"og:locale\" content=\"fr_FR\" \/>\n<meta property=\"og:type\" content=\"article\" \/>\n<meta property=\"og:title\" content=\"LIENS UTILES - Paroisses de la Pentec\u00f4te et de Saint-Paul Notre-Dame du Rosaire\" \/>\n<meta property=\"og:description\" content=\"Cliquez sur les \u00e9l\u00e9ments ci-dessous pour acc\u00e9der aux sites internet correspondants : Portail de l&rsquo;\u00c9glise Catholique en France Dioc\u00e8se de Nantes Messesinfo Paroisse associ\u00e9e Paroisse [&hellip;] Read More\" \/>\n<meta property=\"og:url\" content=\"https:\/\/paroissespentecotesaintpaul.ovh\/index.php\/liens-utiles\/\" \/>\n<meta property=\"og:site_name\" content=\"Paroisses de la Pentec\u00f4te et de Saint-Paul Notre-Dame du Rosaire\" \/>\n<meta property=\"article:modified_time\" content=\"2023-01-13T09:59:45+00:00\" \/>\n<meta name=\"twitter:card\" content=\"summary_large_image\" \/>\n<meta name=\"twitter:label1\" content=\"Dur\u00e9e de lecture estim\u00e9e\" \/>\n\t<meta name=\"twitter:data1\" content=\"1 minute\" \/>\n<script type=\"application\/ld+json\" class=\"yoast-schema-graph\">{\"@context\":\"https:\/\/schema.org\",\"@graph\":[{\"@type\":\"WebPage\",\"@id\":\"https:\/\/paroissespentecotesaintpaul.ovh\/index.php\/liens-utiles\/\",\"url\":\"https:\/\/paroissespentecotesaintpaul.ovh\/index.php\/liens-utiles\/\",\"name\":\"LIENS UTILES - Paroisses de la Pentec\u00f4te et de Saint-Paul Notre-Dame du Rosaire\",\"isPartOf\":{\"@id\":\"https:\/\/paroissespentecotesaintpaul.ovh\/#website\"},\"datePublished\":\"2020-08-22T14:56:26+00:00\",\"dateModified\":\"2023-01-13T09:59:45+00:00\",\"breadcrumb\":{\"@id\":\"https:\/\/paroissespentecotesaintpaul.ovh\/index.php\/liens-utiles\/#breadcrumb\"},\"inLanguage\":\"fr-FR\",\"potentialAction\":[{\"@type\":\"ReadAction\",\"target\":[\"https:\/\/paroissespentecotesaintpaul.ovh\/index.php\/liens-utiles\/\"]}]},{\"@type\":\"BreadcrumbList\",\"@id\":\"https:\/\/paroissespentecotesaintpaul.ovh\/index.php\/liens-utiles\/#breadcrumb\",\"itemListElement\":[{\"@type\":\"ListItem\",\"position\":1,\"name\":\"Home\",\"item\":\"https:\/\/paroissespentecotesaintpaul.ovh\/\"},{\"@type\":\"ListItem\",\"position\":2,\"name\":\"LIENS UTILES\"}]},{\"@type\":\"WebSite\",\"@id\":\"https:\/\/paroissespentecotesaintpaul.ovh\/#website\",\"url\":\"https:\/\/paroissespentecotesaintpaul.ovh\/\",\"name\":\"Paroisses de la Pentec\u00f4te et de Saint-Paul Notre-Dame du Rosaire\",\"description\":\"Saint-Pierre -  Saint-Paul - Saint-Andr\u00e9 -  Notre-Dame des Ap\u00f4tres - Notre-Dame du Rosaire \",\"publisher\":{\"@id\":\"https:\/\/paroissespentecotesaintpaul.ovh\/#organization\"},\"potentialAction\":[{\"@type\":\"SearchAction\",\"target\":{\"@type\":\"EntryPoint\",\"urlTemplate\":\"https:\/\/paroissespentecotesaintpaul.ovh\/?s={search_term_string}\"},\"query-input\":{\"@type\":\"PropertyValueSpecification\",\"valueRequired\":true,\"valueName\":\"search_term_string\"}}],\"inLanguage\":\"fr-FR\"},{\"@type\":\"Organization\",\"@id\":\"https:\/\/paroissespentecotesaintpaul.ovh\/#organization\",\"name\":\"Paroisses de la Pentecote Saint-Paul Notre-Dame du Rosaire\",\"url\":\"https:\/\/paroissespentecotesaintpaul.ovh\/\",\"logo\":{\"@type\":\"ImageObject\",\"inLanguage\":\"fr-FR\",\"@id\":\"https:\/\/paroissespentecotesaintpaul.ovh\/#\/schema\/logo\/image\/\",\"url\":\"http:\/\/paroissespentecotesaintpaul.ovh\/wp-content\/uploads\/2020\/09\/logo-commun.png\",\"contentUrl\":\"http:\/\/paroissespentecotesaintpaul.ovh\/wp-content\/uploads\/2020\/09\/logo-commun.png\",\"width\":453,\"height\":235,\"caption\":\"Paroisses de la Pentecote Saint-Paul Notre-Dame du Rosaire\"},\"image\":{\"@id\":\"https:\/\/paroissespentecotesaintpaul.ovh\/#\/schema\/logo\/image\/\"}}]}<\/script>\n<!-- \/ Yoast SEO plugin. -->","yoast_head_json":{"title":"LIENS UTILES - Paroisses de la Pentec\u00f4te et de Saint-Paul Notre-Dame du Rosaire","robots":{"index":"index","follow":"follow","max-snippet":"max-snippet:-1","max-image-preview":"max-image-preview:large","max-video-preview":"max-video-preview:-1"},"canonical":"https:\/\/paroissespentecotesaintpaul.ovh\/index.php\/liens-utiles\/","og_locale":"fr_FR","og_type":"article","og_title":"LIENS UTILES - Paroisses de la Pentec\u00f4te et de Saint-Paul Notre-Dame du Rosaire","og_description":"Cliquez sur les \u00e9l\u00e9ments ci-dessous pour acc\u00e9der aux sites internet correspondants : Portail de l&rsquo;\u00c9glise Catholique en France Dioc\u00e8se de Nantes Messesinfo Paroisse associ\u00e9e Paroisse [&hellip;] Read More","og_url":"https:\/\/paroissespentecotesaintpaul.ovh\/index.php\/liens-utiles\/","og_site_name":"Paroisses de la Pentec\u00f4te et de Saint-Paul Notre-Dame du Rosaire","article_modified_time":"2023-01-13T09:59:45+00:00","twitter_card":"summary_large_image","twitter_misc":{"Dur\u00e9e de lecture estim\u00e9e":"1 minute"},"schema":{"@context":"https:\/\/schema.org","@graph":[{"@type":"WebPage","@id":"https:\/\/paroissespentecotesaintpaul.ovh\/index.php\/liens-utiles\/","url":"https:\/\/paroissespentecotesaintpaul.ovh\/index.php\/liens-utiles\/","name":"LIENS UTILES - Paroisses de la Pentec\u00f4te et de Saint-Paul Notre-Dame du Rosaire","isPartOf":{"@id":"https:\/\/paroissespentecotesaintpaul.ovh\/#website"},"datePublished":"2020-08-22T14:56:26+00:00","dateModified":"2023-01-13T09:59:45+00:00","breadcrumb":{"@id":"https:\/\/paroissespentecotesaintpaul.ovh\/index.php\/liens-utiles\/#breadcrumb"},"inLanguage":"fr-FR","potentialAction":[{"@type":"ReadAction","target":["https:\/\/paroissespentecotesaintpaul.ovh\/index.php\/liens-utiles\/"]}]},{"@type":"BreadcrumbList","@id":"https:\/\/paroissespentecotesaintpaul.ovh\/index.php\/liens-utiles\/#breadcrumb","itemListElement":[{"@type":"ListItem","position":1,"name":"Home","item":"https:\/\/paroissespentecotesaintpaul.ovh\/"},{"@type":"ListItem","position":2,"name":"LIENS UTILES"}]},{"@type":"WebSite","@id":"https:\/\/paroissespentecotesaintpaul.ovh\/#website","url":"https:\/\/paroissespentecotesaintpaul.ovh\/","name":"Paroisses de la Pentec\u00f4te et de Saint-Paul Notre-Dame du Rosaire","description":"Saint-Pierre -  Saint-Paul - Saint-Andr\u00e9 -  Notre-Dame des Ap\u00f4tres - Notre-Dame du Rosaire ","publisher":{"@id":"https:\/\/paroissespentecotesaintpaul.ovh\/#organization"},"potentialAction":[{"@type":"SearchAction","target":{"@type":"EntryPoint","urlTemplate":"https:\/\/paroissespentecotesaintpaul.ovh\/?s={search_term_string}"},"query-input":{"@type":"PropertyValueSpecification","valueRequired":true,"valueName":"search_term_string"}}],"inLanguage":"fr-FR"},{"@type":"Organization","@id":"https:\/\/paroissespentecotesaintpaul.ovh\/#organization","name":"Paroisses de la Pentecote Saint-Paul Notre-Dame du Rosaire","url":"https:\/\/paroissespentecotesaintpaul.ovh\/","logo":{"@type":"ImageObject","inLanguage":"fr-FR","@id":"https:\/\/paroissespentecotesaintpaul.ovh\/#\/schema\/logo\/image\/","url":"http:\/\/paroissespentecotesaintpaul.ovh\/wp-content\/uploads\/2020\/09\/logo-commun.png","contentUrl":"http:\/\/paroissespentecotesaintpaul.ovh\/wp-content\/uploads\/2020\/09\/logo-commun.png","width":453,"height":235,"caption":"Paroisses de la Pentecote Saint-Paul Notre-Dame du Rosaire"},"image":{"@id":"https:\/\/paroissespentecotesaintpaul.ovh\/#\/schema\/logo\/image\/"}}]}},"_links":{"self":[{"href":"https:\/\/paroissespentecotesaintpaul.ovh\/index.php\/wp-json\/wp\/v2\/pages\/2805"}],"collection":[{"href":"https:\/\/paroissespentecotesaintpaul.ovh\/index.php\/wp-json\/wp\/v2\/pages"}],"about":[{"href":"https:\/\/paroissespentecotesaintpaul.ovh\/index.php\/wp-json\/wp\/v2\/types\/page"}],"author":[{"embeddable":true,"href":"https:\/\/paroissespentecotesaintpaul.ovh\/index.php\/wp-json\/wp\/v2\/users\/1"}],"replies":[{"embeddable":true,"href":"https:\/\/paroissespentecotesaintpaul.ovh\/index.php\/wp-json\/wp\/v2\/comments?post=2805"}],"version-history":[{"count":6,"href":"https:\/\/paroissespentecotesaintpaul.ovh\/index.php\/wp-json\/wp\/v2\/pages\/2805\/revisions"}],"predecessor-version":[{"id":4004,"href":"https:\/\/paroissespentecotesaintpaul.ovh\/index.php\/wp-json\/wp\/v2\/pages\/2805\/revisions\/4004"}],"wp:attachment":[{"href":"https:\/\/paroissespentecotesaintpaul.ovh\/index.php\/wp-json\/wp\/v2\/media?parent=2805"}],"curies":[{"name":"wp","href":"https:\/\/api.w.org\/{rel}","templated":true}]}}