{"id":2904,"date":"2020-08-30T15:14:32","date_gmt":"2020-08-30T13:14:32","guid":{"rendered":"http:\/\/paroissespentecotesaintpaul.ovh\/?page_id=2904"},"modified":"2025-12-26T16:15:02","modified_gmt":"2025-12-26T15:15:02","slug":"page-daccueil","status":"publish","type":"page","link":"https:\/\/paroissespentecotesaintpaul.ovh\/index.php\/page-daccueil\/","title":{"rendered":"BIENVENUE"},"content":{"rendered":"\n<p>Bienvenue sur le site des paroisses de Saint-Paul Notre-Dame du Rosaire et de La Pentec\u00f4te de Rez\u00e9 et Bouguenais les Couets.<\/p>\n\n\n\n<div class=\"wp-block-columns is-layout-flex wp-container-core-columns-layout-1 wp-block-columns-is-layout-flex\">\n<div class=\"wp-block-column is-layout-flow wp-block-column-is-layout-flow\">\n<div class=\"wp-block-image\"><figure class=\"aligncenter size-full is-resized\"><img loading=\"lazy\" decoding=\"async\" src=\"https:\/\/paroissespentecotesaintpaul.ovh\/wp-content\/uploads\/2020\/08\/dscn5044-1.jpg\" alt=\"\" class=\"wp-image-2645\" width=\"380\" height=\"285\" srcset=\"https:\/\/paroissespentecotesaintpaul.ovh\/wp-content\/uploads\/2020\/08\/dscn5044-1.jpg 600w, https:\/\/paroissespentecotesaintpaul.ovh\/wp-content\/uploads\/2020\/08\/dscn5044-1-300x225.jpg 300w\" sizes=\"(max-width: 380px) 100vw, 380px\" \/><figcaption>Eglise Saint Paul<\/figcaption><\/figure><\/div>\n<\/div>\n\n\n\n<div class=\"wp-block-column is-layout-flow wp-block-column-is-layout-flow\">\n<div class=\"wp-block-image\"><figure class=\"aligncenter size-full is-resized\"><img loading=\"lazy\" decoding=\"async\" src=\"https:\/\/paroissespentecotesaintpaul.ovh\/wp-content\/uploads\/2020\/08\/img_8787-ok-1024x683-3.jpg\" alt=\"\" class=\"wp-image-2688\" width=\"402\" height=\"268\" srcset=\"https:\/\/paroissespentecotesaintpaul.ovh\/wp-content\/uploads\/2020\/08\/img_8787-ok-1024x683-3.jpg 1024w, https:\/\/paroissespentecotesaintpaul.ovh\/wp-content\/uploads\/2020\/08\/img_8787-ok-1024x683-3-300x200.jpg 300w, https:\/\/paroissespentecotesaintpaul.ovh\/wp-content\/uploads\/2020\/08\/img_8787-ok-1024x683-3-768x512.jpg 768w\" sizes=\"(max-width: 402px) 100vw, 402px\" \/><figcaption>Notre-Dame du Rosaire<\/figcaption><\/figure><\/div>\n<\/div>\n<\/div>\n\n\n\n<div class=\"wp-block-columns is-layout-flex wp-container-core-columns-layout-2 wp-block-columns-is-layout-flex\">\n<div class=\"wp-block-column is-layout-flow wp-block-column-is-layout-flow\">\n<div class=\"wp-block-image\"><figure class=\"aligncenter size-large is-resized\"><img loading=\"lazy\" decoding=\"async\" src=\"https:\/\/paroissespentecotesaintpaul.ovh\/wp-content\/uploads\/2022\/03\/saint-andre-edited-1024x574.jpg\" alt=\"\" class=\"wp-image-3744\" width=\"229\" height=\"128\" srcset=\"https:\/\/paroissespentecotesaintpaul.ovh\/wp-content\/uploads\/2022\/03\/saint-andre-edited-1024x574.jpg 1024w, https:\/\/paroissespentecotesaintpaul.ovh\/wp-content\/uploads\/2022\/03\/saint-andre-edited-300x168.jpg 300w, https:\/\/paroissespentecotesaintpaul.ovh\/wp-content\/uploads\/2022\/03\/saint-andre-edited-768x431.jpg 768w, https:\/\/paroissespentecotesaintpaul.ovh\/wp-content\/uploads\/2022\/03\/saint-andre-edited-1536x861.jpg 1536w, https:\/\/paroissespentecotesaintpaul.ovh\/wp-content\/uploads\/2022\/03\/saint-andre-edited-2048x1148.jpg 2048w\" sizes=\"(max-width: 229px) 100vw, 229px\" \/><figcaption>Eglise Saint Andr\u00e9<\/figcaption><\/figure><\/div>\n<\/div>\n\n\n\n<div class=\"wp-block-column is-layout-flow wp-block-column-is-layout-flow\">\n<figure class=\"wp-block-image size-large\"><img loading=\"lazy\" decoding=\"async\" width=\"1024\" height=\"683\" src=\"https:\/\/paroissespentecotesaintpaul.ovh\/wp-content\/uploads\/2020\/09\/THMS6516-1024x683.jpg\" alt=\"\" class=\"wp-image-2984\" srcset=\"https:\/\/paroissespentecotesaintpaul.ovh\/wp-content\/uploads\/2020\/09\/THMS6516-1024x683.jpg 1024w, https:\/\/paroissespentecotesaintpaul.ovh\/wp-content\/uploads\/2020\/09\/THMS6516-300x200.jpg 300w, https:\/\/paroissespentecotesaintpaul.ovh\/wp-content\/uploads\/2020\/09\/THMS6516-768x512.jpg 768w, https:\/\/paroissespentecotesaintpaul.ovh\/wp-content\/uploads\/2020\/09\/THMS6516-1536x1024.jpg 1536w, https:\/\/paroissespentecotesaintpaul.ovh\/wp-content\/uploads\/2020\/09\/THMS6516-2048x1365.jpg 2048w\" sizes=\"(max-width: 1024px) 100vw, 1024px\" \/><figcaption>Eglise Saint Pierre<\/figcaption><\/figure>\n<\/div>\n\n\n\n<div class=\"wp-block-column is-layout-flow wp-block-column-is-layout-flow\">\n<figure class=\"wp-block-image size-large is-resized\"><img loading=\"lazy\" decoding=\"async\" src=\"https:\/\/paroissespentecotesaintpaul.ovh\/wp-content\/uploads\/2020\/08\/ndapotres2-1024x576.jpg\" alt=\"\" class=\"wp-image-2812\" width=\"250\" height=\"140\" srcset=\"https:\/\/paroissespentecotesaintpaul.ovh\/wp-content\/uploads\/2020\/08\/ndapotres2-1024x576.jpg 1024w, https:\/\/paroissespentecotesaintpaul.ovh\/wp-content\/uploads\/2020\/08\/ndapotres2-300x169.jpg 300w, https:\/\/paroissespentecotesaintpaul.ovh\/wp-content\/uploads\/2020\/08\/ndapotres2-768x432.jpg 768w, https:\/\/paroissespentecotesaintpaul.ovh\/wp-content\/uploads\/2020\/08\/ndapotres2-1536x864.jpg 1536w, https:\/\/paroissespentecotesaintpaul.ovh\/wp-content\/uploads\/2020\/08\/ndapotres2-2048x1152.jpg 2048w\" sizes=\"(max-width: 250px) 100vw, 250px\" \/><figcaption>Notre-Dame des Ap\u00f4tres<\/figcaption><\/figure>\n<\/div>\n<\/div>\n\n\n\n<div class=\"wp-block-columns is-layout-flex wp-container-core-columns-layout-3 wp-block-columns-is-layout-flex\">\n<div class=\"wp-block-column is-layout-flow wp-block-column-is-layout-flow\"><ul class=\"wp-block-latest-posts__list has-dates has-author wp-block-latest-posts\"><li><a class=\"wp-block-latest-posts__post-title\" href=\"https:\/\/paroissespentecotesaintpaul.ovh\/index.php\/2026\/03\/25\/messes-avril-2026\/\">Messes avril 2026<\/a><div class=\"wp-block-latest-posts__post-author\">par admin9493<\/div><time datetime=\"2026-03-25T16:19:25+01:00\" class=\"wp-block-latest-posts__post-date\">25 mars 2026<\/time><div class=\"wp-block-latest-posts__post-excerpt\"><\/div><\/li>\n<li><a class=\"wp-block-latest-posts__post-title\" href=\"https:\/\/paroissespentecotesaintpaul.ovh\/index.php\/2026\/03\/13\/invitation-prepartion-festifrat-2026\/\">Invitation Pr\u00e9paration Festifrat 2026<\/a><div class=\"wp-block-latest-posts__post-author\">par admin9493<\/div><time datetime=\"2026-03-13T11:21:10+01:00\" class=\"wp-block-latest-posts__post-date\">13 mars 2026<\/time><div class=\"wp-block-latest-posts__post-excerpt\">Mardi 17 mars 19h30 Maison Paroissiale St Andr\u00e9<\/div><\/li>\n<li><a class=\"wp-block-latest-posts__post-title\" href=\"https:\/\/paroissespentecotesaintpaul.ovh\/index.php\/2026\/02\/27\/horaires-messes-dominicales-mars-2026\/\">Horaires messes dominicales mars 2026<\/a><div class=\"wp-block-latest-posts__post-author\">par admin9493<\/div><time datetime=\"2026-02-27T13:58:09+01:00\" class=\"wp-block-latest-posts__post-date\">27 f\u00e9vrier 2026<\/time><div class=\"wp-block-latest-posts__post-excerpt\"><\/div><\/li>\n<li><a class=\"wp-block-latest-posts__post-title\" href=\"https:\/\/paroissespentecotesaintpaul.ovh\/index.php\/2026\/02\/25\/intentions-de-prieres-pelerinage-diocesain-lourdes-avril-2026\/\">Intentions de pri\u00e8res P\u00e8lerinage Dioc\u00e9sain Lourdes avril 2026<\/a><div class=\"wp-block-latest-posts__post-author\">par admin9493<\/div><time datetime=\"2026-02-25T16:09:12+01:00\" class=\"wp-block-latest-posts__post-date\">25 f\u00e9vrier 2026<\/time><div class=\"wp-block-latest-posts__post-excerpt\"><\/div><\/li>\n<li><a class=\"wp-block-latest-posts__post-title\" href=\"https:\/\/paroissespentecotesaintpaul.ovh\/index.php\/2026\/02\/25\/feuillets-careme-2026-4\/\">Feuillets Car\u00eame 2026<\/a><div class=\"wp-block-latest-posts__post-author\">par admin9493<\/div><time datetime=\"2026-02-25T14:10:26+01:00\" class=\"wp-block-latest-posts__post-date\">25 f\u00e9vrier 2026<\/time><div class=\"wp-block-latest-posts__post-excerpt\">5e dimanche -Retrouver la gr\u00e2ce de son bapt\u00eame- Symbole du bapt\u00eame le v\u00eatement blanc<\/div><\/li>\n<\/ul><\/div>\n<\/div>\n","protected":false},"excerpt":{"rendered":"<p>Bienvenue sur le site des paroisses de Saint-Paul Notre-Dame du Rosaire et de La Pentec\u00f4te de Rez\u00e9 et Bouguenais les Couets.<\/p>\n","protected":false},"author":1,"featured_media":0,"parent":0,"menu_order":0,"comment_status":"closed","ping_status":"closed","template":"","meta":{"_monsterinsights_skip_tracking":false,"_monsterinsights_sitenote_active":false,"_monsterinsights_sitenote_note":"","_monsterinsights_sitenote_category":0,"footnotes":""},"yoast_head":"<!-- This site is optimized with the Yoast SEO plugin v23.5 - https:\/\/yoast.com\/wordpress\/plugins\/seo\/ -->\n<title>BIENVENUE - Paroisses de la Pentec\u00f4te et de Saint-Paul Notre-Dame du Rosaire<\/title>\n<meta name=\"description\" content=\"Bienvenue sur le site des paroisses de Saint-Paul Notre-Dame du Rosaire et de La Pentec\u00f4te de Rez\u00e9 et Bouguenais les Couets. -http:\/\/paroissespentecotesaintpaul.ovh-\" \/>\n<meta name=\"robots\" content=\"index, follow, max-snippet:-1, max-image-preview:large, max-video-preview:-1\" \/>\n<link rel=\"canonical\" href=\"https:\/\/paroissespentecotesaintpaul.ovh\/index.php\/page-daccueil\/\" \/>\n<meta property=\"og:locale\" content=\"fr_FR\" \/>\n<meta property=\"og:type\" content=\"article\" \/>\n<meta property=\"og:title\" content=\"BIENVENUE - Paroisses de la Pentec\u00f4te et de Saint-Paul Notre-Dame du Rosaire\" \/>\n<meta property=\"og:description\" content=\"Bienvenue sur le site des paroisses de Saint-Paul Notre-Dame du Rosaire et de La Pentec\u00f4te de Rez\u00e9 et Bouguenais les Couets. -http:\/\/paroissespentecotesaintpaul.ovh-\" \/>\n<meta property=\"og:url\" content=\"https:\/\/paroissespentecotesaintpaul.ovh\/index.php\/page-daccueil\/\" \/>\n<meta property=\"og:site_name\" content=\"Paroisses de la Pentec\u00f4te et de Saint-Paul Notre-Dame du Rosaire\" \/>\n<meta property=\"article:modified_time\" content=\"2025-12-26T15:15:02+00:00\" \/>\n<meta property=\"og:image\" content=\"http:\/\/paroissespentecotesaintpaul.ovh\/wp-content\/uploads\/2020\/08\/dscn5044-1.jpg\" \/>\n<meta name=\"twitter:card\" content=\"summary_large_image\" \/>\n<meta name=\"twitter:label1\" content=\"Dur\u00e9e de lecture estim\u00e9e\" \/>\n\t<meta name=\"twitter:data1\" content=\"2 minutes\" \/>\n<script type=\"application\/ld+json\" class=\"yoast-schema-graph\">{\"@context\":\"https:\/\/schema.org\",\"@graph\":[{\"@type\":\"WebPage\",\"@id\":\"https:\/\/paroissespentecotesaintpaul.ovh\/index.php\/page-daccueil\/\",\"url\":\"https:\/\/paroissespentecotesaintpaul.ovh\/index.php\/page-daccueil\/\",\"name\":\"BIENVENUE - Paroisses de la Pentec\u00f4te et de Saint-Paul Notre-Dame du Rosaire\",\"isPartOf\":{\"@id\":\"https:\/\/paroissespentecotesaintpaul.ovh\/#website\"},\"primaryImageOfPage\":{\"@id\":\"https:\/\/paroissespentecotesaintpaul.ovh\/index.php\/page-daccueil\/#primaryimage\"},\"image\":{\"@id\":\"https:\/\/paroissespentecotesaintpaul.ovh\/index.php\/page-daccueil\/#primaryimage\"},\"thumbnailUrl\":\"http:\/\/paroissespentecotesaintpaul.ovh\/wp-content\/uploads\/2020\/08\/dscn5044-1.jpg\",\"datePublished\":\"2020-08-30T13:14:32+00:00\",\"dateModified\":\"2025-12-26T15:15:02+00:00\",\"description\":\"Bienvenue sur le site des paroisses de Saint-Paul Notre-Dame du Rosaire et de La Pentec\u00f4te de Rez\u00e9 et Bouguenais les Couets. -http:\/\/paroissespentecotesaintpaul.ovh-\",\"breadcrumb\":{\"@id\":\"https:\/\/paroissespentecotesaintpaul.ovh\/index.php\/page-daccueil\/#breadcrumb\"},\"inLanguage\":\"fr-FR\",\"potentialAction\":[{\"@type\":\"ReadAction\",\"target\":[\"https:\/\/paroissespentecotesaintpaul.ovh\/index.php\/page-daccueil\/\"]}]},{\"@type\":\"ImageObject\",\"inLanguage\":\"fr-FR\",\"@id\":\"https:\/\/paroissespentecotesaintpaul.ovh\/index.php\/page-daccueil\/#primaryimage\",\"url\":\"http:\/\/paroissespentecotesaintpaul.ovh\/wp-content\/uploads\/2020\/08\/dscn5044-1.jpg\",\"contentUrl\":\"http:\/\/paroissespentecotesaintpaul.ovh\/wp-content\/uploads\/2020\/08\/dscn5044-1.jpg\"},{\"@type\":\"BreadcrumbList\",\"@id\":\"https:\/\/paroissespentecotesaintpaul.ovh\/index.php\/page-daccueil\/#breadcrumb\",\"itemListElement\":[{\"@type\":\"ListItem\",\"position\":1,\"name\":\"Home\",\"item\":\"https:\/\/paroissespentecotesaintpaul.ovh\/\"},{\"@type\":\"ListItem\",\"position\":2,\"name\":\"BIENVENUE\"}]},{\"@type\":\"WebSite\",\"@id\":\"https:\/\/paroissespentecotesaintpaul.ovh\/#website\",\"url\":\"https:\/\/paroissespentecotesaintpaul.ovh\/\",\"name\":\"Paroisses de la Pentec\u00f4te et de Saint-Paul Notre-Dame du Rosaire\",\"description\":\"Saint-Pierre -  Saint-Paul - Saint-Andr\u00e9 -  Notre-Dame des Ap\u00f4tres - Notre-Dame du Rosaire \",\"publisher\":{\"@id\":\"https:\/\/paroissespentecotesaintpaul.ovh\/#organization\"},\"potentialAction\":[{\"@type\":\"SearchAction\",\"target\":{\"@type\":\"EntryPoint\",\"urlTemplate\":\"https:\/\/paroissespentecotesaintpaul.ovh\/?s={search_term_string}\"},\"query-input\":{\"@type\":\"PropertyValueSpecification\",\"valueRequired\":true,\"valueName\":\"search_term_string\"}}],\"inLanguage\":\"fr-FR\"},{\"@type\":\"Organization\",\"@id\":\"https:\/\/paroissespentecotesaintpaul.ovh\/#organization\",\"name\":\"Paroisses de la Pentecote Saint-Paul Notre-Dame du Rosaire\",\"url\":\"https:\/\/paroissespentecotesaintpaul.ovh\/\",\"logo\":{\"@type\":\"ImageObject\",\"inLanguage\":\"fr-FR\",\"@id\":\"https:\/\/paroissespentecotesaintpaul.ovh\/#\/schema\/logo\/image\/\",\"url\":\"http:\/\/paroissespentecotesaintpaul.ovh\/wp-content\/uploads\/2020\/09\/logo-commun.png\",\"contentUrl\":\"http:\/\/paroissespentecotesaintpaul.ovh\/wp-content\/uploads\/2020\/09\/logo-commun.png\",\"width\":453,\"height\":235,\"caption\":\"Paroisses de la Pentecote Saint-Paul Notre-Dame du Rosaire\"},\"image\":{\"@id\":\"https:\/\/paroissespentecotesaintpaul.ovh\/#\/schema\/logo\/image\/\"}}]}<\/script>\n<!-- \/ Yoast SEO plugin. -->","yoast_head_json":{"title":"BIENVENUE - Paroisses de la Pentec\u00f4te et de Saint-Paul Notre-Dame du Rosaire","description":"Bienvenue sur le site des paroisses de Saint-Paul Notre-Dame du Rosaire et de La Pentec\u00f4te de Rez\u00e9 et Bouguenais les Couets. -http:\/\/paroissespentecotesaintpaul.ovh-","robots":{"index":"index","follow":"follow","max-snippet":"max-snippet:-1","max-image-preview":"max-image-preview:large","max-video-preview":"max-video-preview:-1"},"canonical":"https:\/\/paroissespentecotesaintpaul.ovh\/index.php\/page-daccueil\/","og_locale":"fr_FR","og_type":"article","og_title":"BIENVENUE - Paroisses de la Pentec\u00f4te et de Saint-Paul Notre-Dame du Rosaire","og_description":"Bienvenue sur le site des paroisses de Saint-Paul Notre-Dame du Rosaire et de La Pentec\u00f4te de Rez\u00e9 et Bouguenais les Couets. -http:\/\/paroissespentecotesaintpaul.ovh-","og_url":"https:\/\/paroissespentecotesaintpaul.ovh\/index.php\/page-daccueil\/","og_site_name":"Paroisses de la Pentec\u00f4te et de Saint-Paul Notre-Dame du Rosaire","article_modified_time":"2025-12-26T15:15:02+00:00","og_image":[{"url":"http:\/\/paroissespentecotesaintpaul.ovh\/wp-content\/uploads\/2020\/08\/dscn5044-1.jpg"}],"twitter_card":"summary_large_image","twitter_misc":{"Dur\u00e9e de lecture estim\u00e9e":"2 minutes"},"schema":{"@context":"https:\/\/schema.org","@graph":[{"@type":"WebPage","@id":"https:\/\/paroissespentecotesaintpaul.ovh\/index.php\/page-daccueil\/","url":"https:\/\/paroissespentecotesaintpaul.ovh\/index.php\/page-daccueil\/","name":"BIENVENUE - Paroisses de la Pentec\u00f4te et de Saint-Paul Notre-Dame du Rosaire","isPartOf":{"@id":"https:\/\/paroissespentecotesaintpaul.ovh\/#website"},"primaryImageOfPage":{"@id":"https:\/\/paroissespentecotesaintpaul.ovh\/index.php\/page-daccueil\/#primaryimage"},"image":{"@id":"https:\/\/paroissespentecotesaintpaul.ovh\/index.php\/page-daccueil\/#primaryimage"},"thumbnailUrl":"http:\/\/paroissespentecotesaintpaul.ovh\/wp-content\/uploads\/2020\/08\/dscn5044-1.jpg","datePublished":"2020-08-30T13:14:32+00:00","dateModified":"2025-12-26T15:15:02+00:00","description":"Bienvenue sur le site des paroisses de Saint-Paul Notre-Dame du Rosaire et de La Pentec\u00f4te de Rez\u00e9 et Bouguenais les Couets. -http:\/\/paroissespentecotesaintpaul.ovh-","breadcrumb":{"@id":"https:\/\/paroissespentecotesaintpaul.ovh\/index.php\/page-daccueil\/#breadcrumb"},"inLanguage":"fr-FR","potentialAction":[{"@type":"ReadAction","target":["https:\/\/paroissespentecotesaintpaul.ovh\/index.php\/page-daccueil\/"]}]},{"@type":"ImageObject","inLanguage":"fr-FR","@id":"https:\/\/paroissespentecotesaintpaul.ovh\/index.php\/page-daccueil\/#primaryimage","url":"http:\/\/paroissespentecotesaintpaul.ovh\/wp-content\/uploads\/2020\/08\/dscn5044-1.jpg","contentUrl":"http:\/\/paroissespentecotesaintpaul.ovh\/wp-content\/uploads\/2020\/08\/dscn5044-1.jpg"},{"@type":"BreadcrumbList","@id":"https:\/\/paroissespentecotesaintpaul.ovh\/index.php\/page-daccueil\/#breadcrumb","itemListElement":[{"@type":"ListItem","position":1,"name":"Home","item":"https:\/\/paroissespentecotesaintpaul.ovh\/"},{"@type":"ListItem","position":2,"name":"BIENVENUE"}]},{"@type":"WebSite","@id":"https:\/\/paroissespentecotesaintpaul.ovh\/#website","url":"https:\/\/paroissespentecotesaintpaul.ovh\/","name":"Paroisses de la Pentec\u00f4te et de Saint-Paul Notre-Dame du Rosaire","description":"Saint-Pierre -  Saint-Paul - Saint-Andr\u00e9 -  Notre-Dame des Ap\u00f4tres - Notre-Dame du Rosaire ","publisher":{"@id":"https:\/\/paroissespentecotesaintpaul.ovh\/#organization"},"potentialAction":[{"@type":"SearchAction","target":{"@type":"EntryPoint","urlTemplate":"https:\/\/paroissespentecotesaintpaul.ovh\/?s={search_term_string}"},"query-input":{"@type":"PropertyValueSpecification","valueRequired":true,"valueName":"search_term_string"}}],"inLanguage":"fr-FR"},{"@type":"Organization","@id":"https:\/\/paroissespentecotesaintpaul.ovh\/#organization","name":"Paroisses de la Pentecote Saint-Paul Notre-Dame du Rosaire","url":"https:\/\/paroissespentecotesaintpaul.ovh\/","logo":{"@type":"ImageObject","inLanguage":"fr-FR","@id":"https:\/\/paroissespentecotesaintpaul.ovh\/#\/schema\/logo\/image\/","url":"http:\/\/paroissespentecotesaintpaul.ovh\/wp-content\/uploads\/2020\/09\/logo-commun.png","contentUrl":"http:\/\/paroissespentecotesaintpaul.ovh\/wp-content\/uploads\/2020\/09\/logo-commun.png","width":453,"height":235,"caption":"Paroisses de la Pentecote Saint-Paul Notre-Dame du Rosaire"},"image":{"@id":"https:\/\/paroissespentecotesaintpaul.ovh\/#\/schema\/logo\/image\/"}}]}},"_links":{"self":[{"href":"https:\/\/paroissespentecotesaintpaul.ovh\/index.php\/wp-json\/wp\/v2\/pages\/2904"}],"collection":[{"href":"https:\/\/paroissespentecotesaintpaul.ovh\/index.php\/wp-json\/wp\/v2\/pages"}],"about":[{"href":"https:\/\/paroissespentecotesaintpaul.ovh\/index.php\/wp-json\/wp\/v2\/types\/page"}],"author":[{"embeddable":true,"href":"https:\/\/paroissespentecotesaintpaul.ovh\/index.php\/wp-json\/wp\/v2\/users\/1"}],"replies":[{"embeddable":true,"href":"https:\/\/paroissespentecotesaintpaul.ovh\/index.php\/wp-json\/wp\/v2\/comments?post=2904"}],"version-history":[{"count":10,"href":"https:\/\/paroissespentecotesaintpaul.ovh\/index.php\/wp-json\/wp\/v2\/pages\/2904\/revisions"}],"predecessor-version":[{"id":3751,"href":"https:\/\/paroissespentecotesaintpaul.ovh\/index.php\/wp-json\/wp\/v2\/pages\/2904\/revisions\/3751"}],"wp:attachment":[{"href":"https:\/\/paroissespentecotesaintpaul.ovh\/index.php\/wp-json\/wp\/v2\/media?parent=2904"}],"curies":[{"name":"wp","href":"https:\/\/api.w.org\/{rel}","templated":true}]}}