{"id":2981,"date":"2020-09-14T22:28:31","date_gmt":"2020-09-14T20:28:31","guid":{"rendered":"http:\/\/paroissespentecotesaintpaul.ovh\/?page_id=2981"},"modified":"2023-11-03T15:22:34","modified_gmt":"2023-11-03T14:22:34","slug":"conseil-pour-les-affaires-economiques-paroissiales-2","status":"publish","type":"page","link":"https:\/\/paroissespentecotesaintpaul.ovh\/index.php\/paroisse-saint-paul-notre-dame-du-rosaire\/conseil-pour-les-affaires-economiques-paroissiales-2\/","title":{"rendered":"CONSEIL POUR LES AFFAIRES ECONOMIQUES PAROISSIALES"},"content":{"rendered":"\n<p>La vie paroissiale est l&rsquo;affaire de tous mais elle est plus particuli\u00e8rement prise en charge par un \u00e9conome paroissial et un tr\u00e9sorier assist\u00e9s d&rsquo;un comptable, ainsi que des membres du conseil pour les Affaires Economiques Paroissiales (CAEP). Ces b\u00e9n\u00e9voles sont appel\u00e9s en fonction de leurs comp\u00e9tences personnelles et sont officiellement reconnus par l&rsquo;\u00e9v\u00eaque.<\/p>\n\n\n\n<p>Econome paroissial : <strong>Jean Herv\u00e9<\/strong><\/p>\n\n\n\n<p>Membres du conseil : <strong>Yves Lostanlen, Alice Evain, Dominique Rousselot, Jean-Michel Roger.<\/strong><\/p>\n\n\n\n<p>Comptable :<strong> Philippe Papin<\/strong>.<\/p>\n","protected":false},"excerpt":{"rendered":"<p>La vie paroissiale est l&rsquo;affaire de tous mais elle est plus particuli\u00e8rement prise en charge par un \u00e9conome paroissial et un tr\u00e9sorier assist\u00e9s d&rsquo;un comptable, [&hellip;] <span class=\"read-more-link\"><a class=\"read-more\" href=\"https:\/\/paroissespentecotesaintpaul.ovh\/index.php\/paroisse-saint-paul-notre-dame-du-rosaire\/conseil-pour-les-affaires-economiques-paroissiales-2\/\">Read More<\/a><\/span><\/p>\n","protected":false},"author":1,"featured_media":0,"parent":88,"menu_order":4,"comment_status":"closed","ping_status":"closed","template":"","meta":{"_monsterinsights_skip_tracking":false,"_monsterinsights_sitenote_active":false,"_monsterinsights_sitenote_note":"","_monsterinsights_sitenote_category":0,"footnotes":""},"yoast_head":"<!-- This site is optimized with the Yoast SEO plugin v23.5 - https:\/\/yoast.com\/wordpress\/plugins\/seo\/ -->\n<title>CONSEIL POUR LES AFFAIRES ECONOMIQUES PAROISSIALES - Paroisses de la Pentec\u00f4te et de Saint-Paul Notre-Dame du Rosaire<\/title>\n<meta name=\"robots\" content=\"index, follow, max-snippet:-1, max-image-preview:large, max-video-preview:-1\" \/>\n<link rel=\"canonical\" href=\"https:\/\/paroissespentecotesaintpaul.ovh\/index.php\/paroisse-saint-paul-notre-dame-du-rosaire\/conseil-pour-les-affaires-economiques-paroissiales-2\/\" \/>\n<meta property=\"og:locale\" content=\"fr_FR\" \/>\n<meta property=\"og:type\" content=\"article\" \/>\n<meta property=\"og:title\" content=\"CONSEIL POUR LES AFFAIRES ECONOMIQUES PAROISSIALES - Paroisses de la Pentec\u00f4te et de Saint-Paul Notre-Dame du Rosaire\" \/>\n<meta property=\"og:description\" content=\"La vie paroissiale est l&rsquo;affaire de tous mais elle est plus particuli\u00e8rement prise en charge par un \u00e9conome paroissial et un tr\u00e9sorier assist\u00e9s d&rsquo;un comptable, [&hellip;] Read More\" \/>\n<meta property=\"og:url\" content=\"https:\/\/paroissespentecotesaintpaul.ovh\/index.php\/paroisse-saint-paul-notre-dame-du-rosaire\/conseil-pour-les-affaires-economiques-paroissiales-2\/\" \/>\n<meta property=\"og:site_name\" content=\"Paroisses de la Pentec\u00f4te et de Saint-Paul Notre-Dame du Rosaire\" \/>\n<meta property=\"article:modified_time\" content=\"2023-11-03T14:22:34+00:00\" \/>\n<meta name=\"twitter:card\" content=\"summary_large_image\" \/>\n<meta name=\"twitter:label1\" content=\"Dur\u00e9e de lecture estim\u00e9e\" \/>\n\t<meta name=\"twitter:data1\" content=\"1 minute\" \/>\n<script type=\"application\/ld+json\" class=\"yoast-schema-graph\">{\"@context\":\"https:\/\/schema.org\",\"@graph\":[{\"@type\":\"WebPage\",\"@id\":\"https:\/\/paroissespentecotesaintpaul.ovh\/index.php\/paroisse-saint-paul-notre-dame-du-rosaire\/conseil-pour-les-affaires-economiques-paroissiales-2\/\",\"url\":\"https:\/\/paroissespentecotesaintpaul.ovh\/index.php\/paroisse-saint-paul-notre-dame-du-rosaire\/conseil-pour-les-affaires-economiques-paroissiales-2\/\",\"name\":\"CONSEIL POUR LES AFFAIRES ECONOMIQUES PAROISSIALES - Paroisses de la Pentec\u00f4te et de Saint-Paul Notre-Dame du Rosaire\",\"isPartOf\":{\"@id\":\"https:\/\/paroissespentecotesaintpaul.ovh\/#website\"},\"datePublished\":\"2020-09-14T20:28:31+00:00\",\"dateModified\":\"2023-11-03T14:22:34+00:00\",\"breadcrumb\":{\"@id\":\"https:\/\/paroissespentecotesaintpaul.ovh\/index.php\/paroisse-saint-paul-notre-dame-du-rosaire\/conseil-pour-les-affaires-economiques-paroissiales-2\/#breadcrumb\"},\"inLanguage\":\"fr-FR\",\"potentialAction\":[{\"@type\":\"ReadAction\",\"target\":[\"https:\/\/paroissespentecotesaintpaul.ovh\/index.php\/paroisse-saint-paul-notre-dame-du-rosaire\/conseil-pour-les-affaires-economiques-paroissiales-2\/\"]}]},{\"@type\":\"BreadcrumbList\",\"@id\":\"https:\/\/paroissespentecotesaintpaul.ovh\/index.php\/paroisse-saint-paul-notre-dame-du-rosaire\/conseil-pour-les-affaires-economiques-paroissiales-2\/#breadcrumb\",\"itemListElement\":[{\"@type\":\"ListItem\",\"position\":1,\"name\":\"Home\",\"item\":\"https:\/\/paroissespentecotesaintpaul.ovh\/\"},{\"@type\":\"ListItem\",\"position\":2,\"name\":\"PAROISSE SAINT PAUL NOTRE DAME DU ROSAIRE\",\"item\":\"https:\/\/paroissespentecotesaintpaul.ovh\/index.php\/paroisse-saint-paul-notre-dame-du-rosaire\/\"},{\"@type\":\"ListItem\",\"position\":3,\"name\":\"CONSEIL POUR LES AFFAIRES ECONOMIQUES PAROISSIALES\"}]},{\"@type\":\"WebSite\",\"@id\":\"https:\/\/paroissespentecotesaintpaul.ovh\/#website\",\"url\":\"https:\/\/paroissespentecotesaintpaul.ovh\/\",\"name\":\"Paroisses de la Pentec\u00f4te et de Saint-Paul Notre-Dame du Rosaire\",\"description\":\"Saint-Pierre -  Saint-Paul - Saint-Andr\u00e9 -  Notre-Dame des Ap\u00f4tres - Notre-Dame du Rosaire \",\"publisher\":{\"@id\":\"https:\/\/paroissespentecotesaintpaul.ovh\/#organization\"},\"potentialAction\":[{\"@type\":\"SearchAction\",\"target\":{\"@type\":\"EntryPoint\",\"urlTemplate\":\"https:\/\/paroissespentecotesaintpaul.ovh\/?s={search_term_string}\"},\"query-input\":{\"@type\":\"PropertyValueSpecification\",\"valueRequired\":true,\"valueName\":\"search_term_string\"}}],\"inLanguage\":\"fr-FR\"},{\"@type\":\"Organization\",\"@id\":\"https:\/\/paroissespentecotesaintpaul.ovh\/#organization\",\"name\":\"Paroisses de la Pentecote Saint-Paul Notre-Dame du Rosaire\",\"url\":\"https:\/\/paroissespentecotesaintpaul.ovh\/\",\"logo\":{\"@type\":\"ImageObject\",\"inLanguage\":\"fr-FR\",\"@id\":\"https:\/\/paroissespentecotesaintpaul.ovh\/#\/schema\/logo\/image\/\",\"url\":\"http:\/\/paroissespentecotesaintpaul.ovh\/wp-content\/uploads\/2020\/09\/logo-commun.png\",\"contentUrl\":\"http:\/\/paroissespentecotesaintpaul.ovh\/wp-content\/uploads\/2020\/09\/logo-commun.png\",\"width\":453,\"height\":235,\"caption\":\"Paroisses de la Pentecote Saint-Paul Notre-Dame du Rosaire\"},\"image\":{\"@id\":\"https:\/\/paroissespentecotesaintpaul.ovh\/#\/schema\/logo\/image\/\"}}]}<\/script>\n<!-- \/ Yoast SEO plugin. -->","yoast_head_json":{"title":"CONSEIL POUR LES AFFAIRES ECONOMIQUES PAROISSIALES - Paroisses de la Pentec\u00f4te et de Saint-Paul Notre-Dame du Rosaire","robots":{"index":"index","follow":"follow","max-snippet":"max-snippet:-1","max-image-preview":"max-image-preview:large","max-video-preview":"max-video-preview:-1"},"canonical":"https:\/\/paroissespentecotesaintpaul.ovh\/index.php\/paroisse-saint-paul-notre-dame-du-rosaire\/conseil-pour-les-affaires-economiques-paroissiales-2\/","og_locale":"fr_FR","og_type":"article","og_title":"CONSEIL POUR LES AFFAIRES ECONOMIQUES PAROISSIALES - Paroisses de la Pentec\u00f4te et de Saint-Paul Notre-Dame du Rosaire","og_description":"La vie paroissiale est l&rsquo;affaire de tous mais elle est plus particuli\u00e8rement prise en charge par un \u00e9conome paroissial et un tr\u00e9sorier assist\u00e9s d&rsquo;un comptable, [&hellip;] Read More","og_url":"https:\/\/paroissespentecotesaintpaul.ovh\/index.php\/paroisse-saint-paul-notre-dame-du-rosaire\/conseil-pour-les-affaires-economiques-paroissiales-2\/","og_site_name":"Paroisses de la Pentec\u00f4te et de Saint-Paul Notre-Dame du Rosaire","article_modified_time":"2023-11-03T14:22:34+00:00","twitter_card":"summary_large_image","twitter_misc":{"Dur\u00e9e de lecture estim\u00e9e":"1 minute"},"schema":{"@context":"https:\/\/schema.org","@graph":[{"@type":"WebPage","@id":"https:\/\/paroissespentecotesaintpaul.ovh\/index.php\/paroisse-saint-paul-notre-dame-du-rosaire\/conseil-pour-les-affaires-economiques-paroissiales-2\/","url":"https:\/\/paroissespentecotesaintpaul.ovh\/index.php\/paroisse-saint-paul-notre-dame-du-rosaire\/conseil-pour-les-affaires-economiques-paroissiales-2\/","name":"CONSEIL POUR LES AFFAIRES ECONOMIQUES PAROISSIALES - Paroisses de la Pentec\u00f4te et de Saint-Paul Notre-Dame du Rosaire","isPartOf":{"@id":"https:\/\/paroissespentecotesaintpaul.ovh\/#website"},"datePublished":"2020-09-14T20:28:31+00:00","dateModified":"2023-11-03T14:22:34+00:00","breadcrumb":{"@id":"https:\/\/paroissespentecotesaintpaul.ovh\/index.php\/paroisse-saint-paul-notre-dame-du-rosaire\/conseil-pour-les-affaires-economiques-paroissiales-2\/#breadcrumb"},"inLanguage":"fr-FR","potentialAction":[{"@type":"ReadAction","target":["https:\/\/paroissespentecotesaintpaul.ovh\/index.php\/paroisse-saint-paul-notre-dame-du-rosaire\/conseil-pour-les-affaires-economiques-paroissiales-2\/"]}]},{"@type":"BreadcrumbList","@id":"https:\/\/paroissespentecotesaintpaul.ovh\/index.php\/paroisse-saint-paul-notre-dame-du-rosaire\/conseil-pour-les-affaires-economiques-paroissiales-2\/#breadcrumb","itemListElement":[{"@type":"ListItem","position":1,"name":"Home","item":"https:\/\/paroissespentecotesaintpaul.ovh\/"},{"@type":"ListItem","position":2,"name":"PAROISSE SAINT PAUL NOTRE DAME DU ROSAIRE","item":"https:\/\/paroissespentecotesaintpaul.ovh\/index.php\/paroisse-saint-paul-notre-dame-du-rosaire\/"},{"@type":"ListItem","position":3,"name":"CONSEIL POUR LES AFFAIRES ECONOMIQUES PAROISSIALES"}]},{"@type":"WebSite","@id":"https:\/\/paroissespentecotesaintpaul.ovh\/#website","url":"https:\/\/paroissespentecotesaintpaul.ovh\/","name":"Paroisses de la Pentec\u00f4te et de Saint-Paul Notre-Dame du Rosaire","description":"Saint-Pierre -  Saint-Paul - Saint-Andr\u00e9 -  Notre-Dame des Ap\u00f4tres - Notre-Dame du Rosaire ","publisher":{"@id":"https:\/\/paroissespentecotesaintpaul.ovh\/#organization"},"potentialAction":[{"@type":"SearchAction","target":{"@type":"EntryPoint","urlTemplate":"https:\/\/paroissespentecotesaintpaul.ovh\/?s={search_term_string}"},"query-input":{"@type":"PropertyValueSpecification","valueRequired":true,"valueName":"search_term_string"}}],"inLanguage":"fr-FR"},{"@type":"Organization","@id":"https:\/\/paroissespentecotesaintpaul.ovh\/#organization","name":"Paroisses de la Pentecote Saint-Paul Notre-Dame du Rosaire","url":"https:\/\/paroissespentecotesaintpaul.ovh\/","logo":{"@type":"ImageObject","inLanguage":"fr-FR","@id":"https:\/\/paroissespentecotesaintpaul.ovh\/#\/schema\/logo\/image\/","url":"http:\/\/paroissespentecotesaintpaul.ovh\/wp-content\/uploads\/2020\/09\/logo-commun.png","contentUrl":"http:\/\/paroissespentecotesaintpaul.ovh\/wp-content\/uploads\/2020\/09\/logo-commun.png","width":453,"height":235,"caption":"Paroisses de la Pentecote Saint-Paul Notre-Dame du Rosaire"},"image":{"@id":"https:\/\/paroissespentecotesaintpaul.ovh\/#\/schema\/logo\/image\/"}}]}},"_links":{"self":[{"href":"https:\/\/paroissespentecotesaintpaul.ovh\/index.php\/wp-json\/wp\/v2\/pages\/2981"}],"collection":[{"href":"https:\/\/paroissespentecotesaintpaul.ovh\/index.php\/wp-json\/wp\/v2\/pages"}],"about":[{"href":"https:\/\/paroissespentecotesaintpaul.ovh\/index.php\/wp-json\/wp\/v2\/types\/page"}],"author":[{"embeddable":true,"href":"https:\/\/paroissespentecotesaintpaul.ovh\/index.php\/wp-json\/wp\/v2\/users\/1"}],"replies":[{"embeddable":true,"href":"https:\/\/paroissespentecotesaintpaul.ovh\/index.php\/wp-json\/wp\/v2\/comments?post=2981"}],"version-history":[{"count":5,"href":"https:\/\/paroissespentecotesaintpaul.ovh\/index.php\/wp-json\/wp\/v2\/pages\/2981\/revisions"}],"predecessor-version":[{"id":4112,"href":"https:\/\/paroissespentecotesaintpaul.ovh\/index.php\/wp-json\/wp\/v2\/pages\/2981\/revisions\/4112"}],"up":[{"embeddable":true,"href":"https:\/\/paroissespentecotesaintpaul.ovh\/index.php\/wp-json\/wp\/v2\/pages\/88"}],"wp:attachment":[{"href":"https:\/\/paroissespentecotesaintpaul.ovh\/index.php\/wp-json\/wp\/v2\/media?parent=2981"}],"curies":[{"name":"wp","href":"https:\/\/api.w.org\/{rel}","templated":true}]}}