{"id":2993,"date":"2020-09-15T19:57:28","date_gmt":"2020-09-15T17:57:28","guid":{"rendered":"http:\/\/paroissespentecotesaintpaul.ovh\/?page_id=2993"},"modified":"2020-09-19T21:33:22","modified_gmt":"2020-09-19T19:33:22","slug":"associations-chretiennes-2","status":"publish","type":"page","link":"https:\/\/paroissespentecotesaintpaul.ovh\/index.php\/vie-chretienne\/associations-chretiennes-2\/","title":{"rendered":"ASSOCIATIONS CHRETIENNES"},"content":{"rendered":"\n<p class=\"has-background\" style=\"font-size:14px;background-color:#92fbef\"><strong>Il s&rsquo;agit d&rsquo;associations cr\u00e9\u00e9es \u00e0 l&rsquo;initiative de la\u00efcs chr\u00e9tiens et g\u00e9r\u00e9es par eux, reconnues par l&rsquo;Eglise comme lieux de r\u00e9flexion, d&rsquo;approfondissement de la foi, d&rsquo;activit\u00e9s missionnaires. Ces associations ont, pour la plupart, une dimension  dioc\u00e9saine et nationale.<\/strong><\/p>\n\n\n\n<h4 class=\"wp-block-heading\">Pour les enfants et les jeunes<\/h4>\n\n\n\n<p class=\"has-small-font-size\">L&rsquo;action catholique des enfants (ACE), les Scouts, les Aum\u00f4neries des coll\u00e8ges et lyc\u00e9es d&rsquo;enseignement public, la Jeunesse Ouvri\u00e8re Chr\u00e9tienne (JOC), le Mouvement Eucharistique des Jeunes (MEJ).<\/p>\n\n\n\n<h4 class=\"wp-block-heading\">Pour les adultes<\/h4>\n\n\n\n<p class=\"has-small-font-size\">Le Mouvement Chr\u00e9tien des Retrait\u00e9s (MCR), l&rsquo;Action Catholique Ouvri\u00e8re (ACO), l&rsquo;Action Catholique des milieux Ind\u00e9pendants (ACI), l&rsquo;Action Catholique des Femmes (ACF), Partage et Rencontre, le Mouvement des Cadres Chr\u00e9tiens (MCC), la Communaut\u00e9 Vie Chr\u00e9tienne (CVX) les Equipes Notre-Dame (END), les Equipes du Rosaire, Vivre Ensemble l&rsquo;Evangile Aujourd&rsquo;hui (VEEA), Focolari, Amiti\u00e9 esp\u00e9rance, le Mouvement du Nid, Hospitalit\u00e9 \u00e0 Lourdes, D\u00e9l\u00e9gation Catholique \u00e0 la Coop\u00e9ration (DCC), Esp\u00e9rance et Vie, Foi et Lumi\u00e8re, Action des Chr\u00e9tiens pour l&rsquo;Abolition de la Torture (ACAT).<\/p>\n\n\n\n<h4 class=\"wp-block-heading\">Associations caritatives<\/h4>\n\n\n\n<p class=\"has-small-font-size\">Secours Catholique, Conf\u00e9rence Saint Vincent de Paul, Comit\u00e9 Catholique contre la Faim et pour le D\u00e9veloppement\/Terre solidaires (CCFD).<\/p>\n\n\n\n<p class=\"has-small-font-size\">Tous renseignements aupr\u00e8s de la maison paroissiale.<\/p>\n","protected":false},"excerpt":{"rendered":"<p>Il s&rsquo;agit d&rsquo;associations cr\u00e9\u00e9es \u00e0 l&rsquo;initiative de la\u00efcs chr\u00e9tiens et g\u00e9r\u00e9es par eux, reconnues par l&rsquo;Eglise comme lieux de r\u00e9flexion, d&rsquo;approfondissement de la foi, d&rsquo;activit\u00e9s [&hellip;] <span class=\"read-more-link\"><a class=\"read-more\" href=\"https:\/\/paroissespentecotesaintpaul.ovh\/index.php\/vie-chretienne\/associations-chretiennes-2\/\">Read More<\/a><\/span><\/p>\n","protected":false},"author":1,"featured_media":0,"parent":83,"menu_order":7,"comment_status":"closed","ping_status":"closed","template":"","meta":{"_monsterinsights_skip_tracking":false,"_monsterinsights_sitenote_active":false,"_monsterinsights_sitenote_note":"","_monsterinsights_sitenote_category":0,"footnotes":""},"yoast_head":"<!-- This site is optimized with the Yoast SEO plugin v23.5 - https:\/\/yoast.com\/wordpress\/plugins\/seo\/ -->\n<title>ASSOCIATIONS CHRETIENNES - Paroisses de la Pentec\u00f4te et de Saint-Paul Notre-Dame du Rosaire<\/title>\n<meta name=\"robots\" content=\"index, follow, max-snippet:-1, max-image-preview:large, max-video-preview:-1\" \/>\n<link rel=\"canonical\" href=\"https:\/\/paroissespentecotesaintpaul.ovh\/index.php\/vie-chretienne\/associations-chretiennes-2\/\" \/>\n<meta property=\"og:locale\" content=\"fr_FR\" \/>\n<meta property=\"og:type\" content=\"article\" \/>\n<meta property=\"og:title\" content=\"ASSOCIATIONS CHRETIENNES - Paroisses de la Pentec\u00f4te et de Saint-Paul Notre-Dame du Rosaire\" \/>\n<meta property=\"og:description\" content=\"Il s&rsquo;agit d&rsquo;associations cr\u00e9\u00e9es \u00e0 l&rsquo;initiative de la\u00efcs chr\u00e9tiens et g\u00e9r\u00e9es par eux, reconnues par l&rsquo;Eglise comme lieux de r\u00e9flexion, d&rsquo;approfondissement de la foi, d&rsquo;activit\u00e9s [&hellip;] Read More\" \/>\n<meta property=\"og:url\" content=\"https:\/\/paroissespentecotesaintpaul.ovh\/index.php\/vie-chretienne\/associations-chretiennes-2\/\" \/>\n<meta property=\"og:site_name\" content=\"Paroisses de la Pentec\u00f4te et de Saint-Paul Notre-Dame du Rosaire\" \/>\n<meta property=\"article:modified_time\" content=\"2020-09-19T19:33:22+00:00\" \/>\n<meta name=\"twitter:card\" content=\"summary_large_image\" \/>\n<meta name=\"twitter:label1\" content=\"Dur\u00e9e de lecture estim\u00e9e\" \/>\n\t<meta name=\"twitter:data1\" content=\"1 minute\" \/>\n<script type=\"application\/ld+json\" class=\"yoast-schema-graph\">{\"@context\":\"https:\/\/schema.org\",\"@graph\":[{\"@type\":\"WebPage\",\"@id\":\"https:\/\/paroissespentecotesaintpaul.ovh\/index.php\/vie-chretienne\/associations-chretiennes-2\/\",\"url\":\"https:\/\/paroissespentecotesaintpaul.ovh\/index.php\/vie-chretienne\/associations-chretiennes-2\/\",\"name\":\"ASSOCIATIONS CHRETIENNES - Paroisses de la Pentec\u00f4te et de Saint-Paul Notre-Dame du Rosaire\",\"isPartOf\":{\"@id\":\"https:\/\/paroissespentecotesaintpaul.ovh\/#website\"},\"datePublished\":\"2020-09-15T17:57:28+00:00\",\"dateModified\":\"2020-09-19T19:33:22+00:00\",\"breadcrumb\":{\"@id\":\"https:\/\/paroissespentecotesaintpaul.ovh\/index.php\/vie-chretienne\/associations-chretiennes-2\/#breadcrumb\"},\"inLanguage\":\"fr-FR\",\"potentialAction\":[{\"@type\":\"ReadAction\",\"target\":[\"https:\/\/paroissespentecotesaintpaul.ovh\/index.php\/vie-chretienne\/associations-chretiennes-2\/\"]}]},{\"@type\":\"BreadcrumbList\",\"@id\":\"https:\/\/paroissespentecotesaintpaul.ovh\/index.php\/vie-chretienne\/associations-chretiennes-2\/#breadcrumb\",\"itemListElement\":[{\"@type\":\"ListItem\",\"position\":1,\"name\":\"Home\",\"item\":\"https:\/\/paroissespentecotesaintpaul.ovh\/\"},{\"@type\":\"ListItem\",\"position\":2,\"name\":\"VIE CHRETIENNE\",\"item\":\"https:\/\/paroissespentecotesaintpaul.ovh\/index.php\/vie-chretienne\/\"},{\"@type\":\"ListItem\",\"position\":3,\"name\":\"ASSOCIATIONS CHRETIENNES\"}]},{\"@type\":\"WebSite\",\"@id\":\"https:\/\/paroissespentecotesaintpaul.ovh\/#website\",\"url\":\"https:\/\/paroissespentecotesaintpaul.ovh\/\",\"name\":\"Paroisses de la Pentec\u00f4te et de Saint-Paul Notre-Dame du Rosaire\",\"description\":\"Saint-Pierre -  Saint-Paul - Saint-Andr\u00e9 -  Notre-Dame des Ap\u00f4tres - Notre-Dame du Rosaire \",\"publisher\":{\"@id\":\"https:\/\/paroissespentecotesaintpaul.ovh\/#organization\"},\"potentialAction\":[{\"@type\":\"SearchAction\",\"target\":{\"@type\":\"EntryPoint\",\"urlTemplate\":\"https:\/\/paroissespentecotesaintpaul.ovh\/?s={search_term_string}\"},\"query-input\":{\"@type\":\"PropertyValueSpecification\",\"valueRequired\":true,\"valueName\":\"search_term_string\"}}],\"inLanguage\":\"fr-FR\"},{\"@type\":\"Organization\",\"@id\":\"https:\/\/paroissespentecotesaintpaul.ovh\/#organization\",\"name\":\"Paroisses de la Pentecote Saint-Paul Notre-Dame du Rosaire\",\"url\":\"https:\/\/paroissespentecotesaintpaul.ovh\/\",\"logo\":{\"@type\":\"ImageObject\",\"inLanguage\":\"fr-FR\",\"@id\":\"https:\/\/paroissespentecotesaintpaul.ovh\/#\/schema\/logo\/image\/\",\"url\":\"http:\/\/paroissespentecotesaintpaul.ovh\/wp-content\/uploads\/2020\/09\/logo-commun.png\",\"contentUrl\":\"http:\/\/paroissespentecotesaintpaul.ovh\/wp-content\/uploads\/2020\/09\/logo-commun.png\",\"width\":453,\"height\":235,\"caption\":\"Paroisses de la Pentecote Saint-Paul Notre-Dame du Rosaire\"},\"image\":{\"@id\":\"https:\/\/paroissespentecotesaintpaul.ovh\/#\/schema\/logo\/image\/\"}}]}<\/script>\n<!-- \/ Yoast SEO plugin. -->","yoast_head_json":{"title":"ASSOCIATIONS CHRETIENNES - Paroisses de la Pentec\u00f4te et de Saint-Paul Notre-Dame du Rosaire","robots":{"index":"index","follow":"follow","max-snippet":"max-snippet:-1","max-image-preview":"max-image-preview:large","max-video-preview":"max-video-preview:-1"},"canonical":"https:\/\/paroissespentecotesaintpaul.ovh\/index.php\/vie-chretienne\/associations-chretiennes-2\/","og_locale":"fr_FR","og_type":"article","og_title":"ASSOCIATIONS CHRETIENNES - Paroisses de la Pentec\u00f4te et de Saint-Paul Notre-Dame du Rosaire","og_description":"Il s&rsquo;agit d&rsquo;associations cr\u00e9\u00e9es \u00e0 l&rsquo;initiative de la\u00efcs chr\u00e9tiens et g\u00e9r\u00e9es par eux, reconnues par l&rsquo;Eglise comme lieux de r\u00e9flexion, d&rsquo;approfondissement de la foi, d&rsquo;activit\u00e9s [&hellip;] Read More","og_url":"https:\/\/paroissespentecotesaintpaul.ovh\/index.php\/vie-chretienne\/associations-chretiennes-2\/","og_site_name":"Paroisses de la Pentec\u00f4te et de Saint-Paul Notre-Dame du Rosaire","article_modified_time":"2020-09-19T19:33:22+00:00","twitter_card":"summary_large_image","twitter_misc":{"Dur\u00e9e de lecture estim\u00e9e":"1 minute"},"schema":{"@context":"https:\/\/schema.org","@graph":[{"@type":"WebPage","@id":"https:\/\/paroissespentecotesaintpaul.ovh\/index.php\/vie-chretienne\/associations-chretiennes-2\/","url":"https:\/\/paroissespentecotesaintpaul.ovh\/index.php\/vie-chretienne\/associations-chretiennes-2\/","name":"ASSOCIATIONS CHRETIENNES - Paroisses de la Pentec\u00f4te et de Saint-Paul Notre-Dame du Rosaire","isPartOf":{"@id":"https:\/\/paroissespentecotesaintpaul.ovh\/#website"},"datePublished":"2020-09-15T17:57:28+00:00","dateModified":"2020-09-19T19:33:22+00:00","breadcrumb":{"@id":"https:\/\/paroissespentecotesaintpaul.ovh\/index.php\/vie-chretienne\/associations-chretiennes-2\/#breadcrumb"},"inLanguage":"fr-FR","potentialAction":[{"@type":"ReadAction","target":["https:\/\/paroissespentecotesaintpaul.ovh\/index.php\/vie-chretienne\/associations-chretiennes-2\/"]}]},{"@type":"BreadcrumbList","@id":"https:\/\/paroissespentecotesaintpaul.ovh\/index.php\/vie-chretienne\/associations-chretiennes-2\/#breadcrumb","itemListElement":[{"@type":"ListItem","position":1,"name":"Home","item":"https:\/\/paroissespentecotesaintpaul.ovh\/"},{"@type":"ListItem","position":2,"name":"VIE CHRETIENNE","item":"https:\/\/paroissespentecotesaintpaul.ovh\/index.php\/vie-chretienne\/"},{"@type":"ListItem","position":3,"name":"ASSOCIATIONS CHRETIENNES"}]},{"@type":"WebSite","@id":"https:\/\/paroissespentecotesaintpaul.ovh\/#website","url":"https:\/\/paroissespentecotesaintpaul.ovh\/","name":"Paroisses de la Pentec\u00f4te et de Saint-Paul Notre-Dame du Rosaire","description":"Saint-Pierre -  Saint-Paul - Saint-Andr\u00e9 -  Notre-Dame des Ap\u00f4tres - Notre-Dame du Rosaire ","publisher":{"@id":"https:\/\/paroissespentecotesaintpaul.ovh\/#organization"},"potentialAction":[{"@type":"SearchAction","target":{"@type":"EntryPoint","urlTemplate":"https:\/\/paroissespentecotesaintpaul.ovh\/?s={search_term_string}"},"query-input":{"@type":"PropertyValueSpecification","valueRequired":true,"valueName":"search_term_string"}}],"inLanguage":"fr-FR"},{"@type":"Organization","@id":"https:\/\/paroissespentecotesaintpaul.ovh\/#organization","name":"Paroisses de la Pentecote Saint-Paul Notre-Dame du Rosaire","url":"https:\/\/paroissespentecotesaintpaul.ovh\/","logo":{"@type":"ImageObject","inLanguage":"fr-FR","@id":"https:\/\/paroissespentecotesaintpaul.ovh\/#\/schema\/logo\/image\/","url":"http:\/\/paroissespentecotesaintpaul.ovh\/wp-content\/uploads\/2020\/09\/logo-commun.png","contentUrl":"http:\/\/paroissespentecotesaintpaul.ovh\/wp-content\/uploads\/2020\/09\/logo-commun.png","width":453,"height":235,"caption":"Paroisses de la Pentecote Saint-Paul Notre-Dame du Rosaire"},"image":{"@id":"https:\/\/paroissespentecotesaintpaul.ovh\/#\/schema\/logo\/image\/"}}]}},"_links":{"self":[{"href":"https:\/\/paroissespentecotesaintpaul.ovh\/index.php\/wp-json\/wp\/v2\/pages\/2993"}],"collection":[{"href":"https:\/\/paroissespentecotesaintpaul.ovh\/index.php\/wp-json\/wp\/v2\/pages"}],"about":[{"href":"https:\/\/paroissespentecotesaintpaul.ovh\/index.php\/wp-json\/wp\/v2\/types\/page"}],"author":[{"embeddable":true,"href":"https:\/\/paroissespentecotesaintpaul.ovh\/index.php\/wp-json\/wp\/v2\/users\/1"}],"replies":[{"embeddable":true,"href":"https:\/\/paroissespentecotesaintpaul.ovh\/index.php\/wp-json\/wp\/v2\/comments?post=2993"}],"version-history":[{"count":3,"href":"https:\/\/paroissespentecotesaintpaul.ovh\/index.php\/wp-json\/wp\/v2\/pages\/2993\/revisions"}],"predecessor-version":[{"id":3149,"href":"https:\/\/paroissespentecotesaintpaul.ovh\/index.php\/wp-json\/wp\/v2\/pages\/2993\/revisions\/3149"}],"up":[{"embeddable":true,"href":"https:\/\/paroissespentecotesaintpaul.ovh\/index.php\/wp-json\/wp\/v2\/pages\/83"}],"wp:attachment":[{"href":"https:\/\/paroissespentecotesaintpaul.ovh\/index.php\/wp-json\/wp\/v2\/media?parent=2993"}],"curies":[{"name":"wp","href":"https:\/\/api.w.org\/{rel}","templated":true}]}}