{"id":3011,"date":"2020-09-15T21:21:07","date_gmt":"2020-09-15T19:21:07","guid":{"rendered":"http:\/\/paroissespentecotesaintpaul.ovh\/?page_id=3011"},"modified":"2020-09-19T19:53:34","modified_gmt":"2020-09-19T17:53:34","slug":"sacrement-de-reconciliation","status":"publish","type":"page","link":"https:\/\/paroissespentecotesaintpaul.ovh\/index.php\/vie-chretienne\/sacrements\/sacrement-de-reconciliation\/","title":{"rendered":"LA SACREMENT DE RECONCILIATION"},"content":{"rendered":"\n<p><\/p>\n\n\n\n<div class=\"wp-block-media-text alignwide is-stacked-on-mobile is-image-fill\"><figure class=\"wp-block-media-text__media\" style=\"background-image:url(https:\/\/paroissespentecotesaintpaul.ovh\/wp-content\/uploads\/2020\/09\/IMG_3723.jpeg);background-position:46% 17%\"><img loading=\"lazy\" decoding=\"async\" width=\"480\" height=\"640\" src=\"https:\/\/paroissespentecotesaintpaul.ovh\/wp-content\/uploads\/2020\/09\/IMG_3723.jpeg\" alt=\"\" class=\"wp-image-3012\" srcset=\"https:\/\/paroissespentecotesaintpaul.ovh\/wp-content\/uploads\/2020\/09\/IMG_3723.jpeg 480w, https:\/\/paroissespentecotesaintpaul.ovh\/wp-content\/uploads\/2020\/09\/IMG_3723-225x300.jpeg 225w\" sizes=\"(max-width: 480px) 100vw, 480px\" \/><\/figure><div class=\"wp-block-media-text__content\">\n<p class=\"has-text-color has-background\" style=\"font-size:12px;background-color:#08daf6;color:#0804f8\"><em>\u00ab Ce ne sont pas les gens bien portants qui ont besoin du m\u00e9decin, mais les malades. Je ne suis pas venu appeler des justes, mais des p\u00e9cheurs. \u00bb<\/em> (Mc 2, 17)<\/p>\n\n\n\n<p class=\"has-small-font-size\">Des c\u00e9r\u00e9monies communautaires ont lieu avant la Toussaint et No\u00ebl. La f\u00eate de la r\u00e9conciliation est c\u00e9l\u00e9br\u00e9e deux semaines avant P\u00e2ques. Des permanences sont assur\u00e9es par les pr\u00eatres pour des confessions individuelles.<\/p>\n\n\n\n<p><\/p>\n<\/div><\/div>\n","protected":false},"excerpt":{"rendered":"<p>\u00ab Ce ne sont pas les gens bien portants qui ont besoin du m\u00e9decin, mais les malades. Je ne suis pas venu appeler des justes, [&hellip;] <span class=\"read-more-link\"><a class=\"read-more\" href=\"https:\/\/paroissespentecotesaintpaul.ovh\/index.php\/vie-chretienne\/sacrements\/sacrement-de-reconciliation\/\">Read More<\/a><\/span><\/p>\n","protected":false},"author":1,"featured_media":0,"parent":2683,"menu_order":4,"comment_status":"closed","ping_status":"closed","template":"","meta":{"_monsterinsights_skip_tracking":false,"_monsterinsights_sitenote_active":false,"_monsterinsights_sitenote_note":"","_monsterinsights_sitenote_category":0,"footnotes":""},"yoast_head":"<!-- This site is optimized with the Yoast SEO plugin v23.5 - https:\/\/yoast.com\/wordpress\/plugins\/seo\/ -->\n<title>LA SACREMENT DE RECONCILIATION - Paroisses de la Pentec\u00f4te et de Saint-Paul Notre-Dame du Rosaire<\/title>\n<meta name=\"robots\" content=\"index, follow, max-snippet:-1, max-image-preview:large, max-video-preview:-1\" \/>\n<link rel=\"canonical\" href=\"https:\/\/paroissespentecotesaintpaul.ovh\/index.php\/vie-chretienne\/sacrements\/sacrement-de-reconciliation\/\" \/>\n<meta property=\"og:locale\" content=\"fr_FR\" \/>\n<meta property=\"og:type\" content=\"article\" \/>\n<meta property=\"og:title\" content=\"LA SACREMENT DE RECONCILIATION - Paroisses de la Pentec\u00f4te et de Saint-Paul Notre-Dame du Rosaire\" \/>\n<meta property=\"og:description\" content=\"\u00ab Ce ne sont pas les gens bien portants qui ont besoin du m\u00e9decin, mais les malades. Je ne suis pas venu appeler des justes, [&hellip;] Read More\" \/>\n<meta property=\"og:url\" content=\"https:\/\/paroissespentecotesaintpaul.ovh\/index.php\/vie-chretienne\/sacrements\/sacrement-de-reconciliation\/\" \/>\n<meta property=\"og:site_name\" content=\"Paroisses de la Pentec\u00f4te et de Saint-Paul Notre-Dame du Rosaire\" \/>\n<meta property=\"article:modified_time\" content=\"2020-09-19T17:53:34+00:00\" \/>\n<meta property=\"og:image\" content=\"http:\/\/paroissespentecotesaintpaul.ovh\/wp-content\/uploads\/2020\/09\/IMG_3723.jpeg\" \/>\n<meta name=\"twitter:card\" content=\"summary_large_image\" \/>\n<script type=\"application\/ld+json\" class=\"yoast-schema-graph\">{\"@context\":\"https:\/\/schema.org\",\"@graph\":[{\"@type\":\"WebPage\",\"@id\":\"https:\/\/paroissespentecotesaintpaul.ovh\/index.php\/vie-chretienne\/sacrements\/sacrement-de-reconciliation\/\",\"url\":\"https:\/\/paroissespentecotesaintpaul.ovh\/index.php\/vie-chretienne\/sacrements\/sacrement-de-reconciliation\/\",\"name\":\"LA SACREMENT DE RECONCILIATION - Paroisses de la Pentec\u00f4te et de Saint-Paul Notre-Dame du Rosaire\",\"isPartOf\":{\"@id\":\"https:\/\/paroissespentecotesaintpaul.ovh\/#website\"},\"primaryImageOfPage\":{\"@id\":\"https:\/\/paroissespentecotesaintpaul.ovh\/index.php\/vie-chretienne\/sacrements\/sacrement-de-reconciliation\/#primaryimage\"},\"image\":{\"@id\":\"https:\/\/paroissespentecotesaintpaul.ovh\/index.php\/vie-chretienne\/sacrements\/sacrement-de-reconciliation\/#primaryimage\"},\"thumbnailUrl\":\"http:\/\/paroissespentecotesaintpaul.ovh\/wp-content\/uploads\/2020\/09\/IMG_3723.jpeg\",\"datePublished\":\"2020-09-15T19:21:07+00:00\",\"dateModified\":\"2020-09-19T17:53:34+00:00\",\"breadcrumb\":{\"@id\":\"https:\/\/paroissespentecotesaintpaul.ovh\/index.php\/vie-chretienne\/sacrements\/sacrement-de-reconciliation\/#breadcrumb\"},\"inLanguage\":\"fr-FR\",\"potentialAction\":[{\"@type\":\"ReadAction\",\"target\":[\"https:\/\/paroissespentecotesaintpaul.ovh\/index.php\/vie-chretienne\/sacrements\/sacrement-de-reconciliation\/\"]}]},{\"@type\":\"ImageObject\",\"inLanguage\":\"fr-FR\",\"@id\":\"https:\/\/paroissespentecotesaintpaul.ovh\/index.php\/vie-chretienne\/sacrements\/sacrement-de-reconciliation\/#primaryimage\",\"url\":\"http:\/\/paroissespentecotesaintpaul.ovh\/wp-content\/uploads\/2020\/09\/IMG_3723.jpeg\",\"contentUrl\":\"http:\/\/paroissespentecotesaintpaul.ovh\/wp-content\/uploads\/2020\/09\/IMG_3723.jpeg\"},{\"@type\":\"BreadcrumbList\",\"@id\":\"https:\/\/paroissespentecotesaintpaul.ovh\/index.php\/vie-chretienne\/sacrements\/sacrement-de-reconciliation\/#breadcrumb\",\"itemListElement\":[{\"@type\":\"ListItem\",\"position\":1,\"name\":\"Home\",\"item\":\"https:\/\/paroissespentecotesaintpaul.ovh\/\"},{\"@type\":\"ListItem\",\"position\":2,\"name\":\"VIE CHRETIENNE\",\"item\":\"https:\/\/paroissespentecotesaintpaul.ovh\/index.php\/vie-chretienne\/\"},{\"@type\":\"ListItem\",\"position\":3,\"name\":\"SACREMENTS\",\"item\":\"https:\/\/paroissespentecotesaintpaul.ovh\/index.php\/vie-chretienne\/sacrements\/\"},{\"@type\":\"ListItem\",\"position\":4,\"name\":\"LA SACREMENT DE RECONCILIATION\"}]},{\"@type\":\"WebSite\",\"@id\":\"https:\/\/paroissespentecotesaintpaul.ovh\/#website\",\"url\":\"https:\/\/paroissespentecotesaintpaul.ovh\/\",\"name\":\"Paroisses de la Pentec\u00f4te et de Saint-Paul Notre-Dame du Rosaire\",\"description\":\"Saint-Pierre -  Saint-Paul - Saint-Andr\u00e9 -  Notre-Dame des Ap\u00f4tres - Notre-Dame du Rosaire \",\"publisher\":{\"@id\":\"https:\/\/paroissespentecotesaintpaul.ovh\/#organization\"},\"potentialAction\":[{\"@type\":\"SearchAction\",\"target\":{\"@type\":\"EntryPoint\",\"urlTemplate\":\"https:\/\/paroissespentecotesaintpaul.ovh\/?s={search_term_string}\"},\"query-input\":{\"@type\":\"PropertyValueSpecification\",\"valueRequired\":true,\"valueName\":\"search_term_string\"}}],\"inLanguage\":\"fr-FR\"},{\"@type\":\"Organization\",\"@id\":\"https:\/\/paroissespentecotesaintpaul.ovh\/#organization\",\"name\":\"Paroisses de la Pentecote Saint-Paul Notre-Dame du Rosaire\",\"url\":\"https:\/\/paroissespentecotesaintpaul.ovh\/\",\"logo\":{\"@type\":\"ImageObject\",\"inLanguage\":\"fr-FR\",\"@id\":\"https:\/\/paroissespentecotesaintpaul.ovh\/#\/schema\/logo\/image\/\",\"url\":\"http:\/\/paroissespentecotesaintpaul.ovh\/wp-content\/uploads\/2020\/09\/logo-commun.png\",\"contentUrl\":\"http:\/\/paroissespentecotesaintpaul.ovh\/wp-content\/uploads\/2020\/09\/logo-commun.png\",\"width\":453,\"height\":235,\"caption\":\"Paroisses de la Pentecote Saint-Paul Notre-Dame du Rosaire\"},\"image\":{\"@id\":\"https:\/\/paroissespentecotesaintpaul.ovh\/#\/schema\/logo\/image\/\"}}]}<\/script>\n<!-- \/ Yoast SEO plugin. -->","yoast_head_json":{"title":"LA SACREMENT DE RECONCILIATION - Paroisses de la Pentec\u00f4te et de Saint-Paul Notre-Dame du Rosaire","robots":{"index":"index","follow":"follow","max-snippet":"max-snippet:-1","max-image-preview":"max-image-preview:large","max-video-preview":"max-video-preview:-1"},"canonical":"https:\/\/paroissespentecotesaintpaul.ovh\/index.php\/vie-chretienne\/sacrements\/sacrement-de-reconciliation\/","og_locale":"fr_FR","og_type":"article","og_title":"LA SACREMENT DE RECONCILIATION - Paroisses de la Pentec\u00f4te et de Saint-Paul Notre-Dame du Rosaire","og_description":"\u00ab Ce ne sont pas les gens bien portants qui ont besoin du m\u00e9decin, mais les malades. Je ne suis pas venu appeler des justes, [&hellip;] Read More","og_url":"https:\/\/paroissespentecotesaintpaul.ovh\/index.php\/vie-chretienne\/sacrements\/sacrement-de-reconciliation\/","og_site_name":"Paroisses de la Pentec\u00f4te et de Saint-Paul Notre-Dame du Rosaire","article_modified_time":"2020-09-19T17:53:34+00:00","og_image":[{"url":"http:\/\/paroissespentecotesaintpaul.ovh\/wp-content\/uploads\/2020\/09\/IMG_3723.jpeg"}],"twitter_card":"summary_large_image","schema":{"@context":"https:\/\/schema.org","@graph":[{"@type":"WebPage","@id":"https:\/\/paroissespentecotesaintpaul.ovh\/index.php\/vie-chretienne\/sacrements\/sacrement-de-reconciliation\/","url":"https:\/\/paroissespentecotesaintpaul.ovh\/index.php\/vie-chretienne\/sacrements\/sacrement-de-reconciliation\/","name":"LA SACREMENT DE RECONCILIATION - Paroisses de la Pentec\u00f4te et de Saint-Paul Notre-Dame du Rosaire","isPartOf":{"@id":"https:\/\/paroissespentecotesaintpaul.ovh\/#website"},"primaryImageOfPage":{"@id":"https:\/\/paroissespentecotesaintpaul.ovh\/index.php\/vie-chretienne\/sacrements\/sacrement-de-reconciliation\/#primaryimage"},"image":{"@id":"https:\/\/paroissespentecotesaintpaul.ovh\/index.php\/vie-chretienne\/sacrements\/sacrement-de-reconciliation\/#primaryimage"},"thumbnailUrl":"http:\/\/paroissespentecotesaintpaul.ovh\/wp-content\/uploads\/2020\/09\/IMG_3723.jpeg","datePublished":"2020-09-15T19:21:07+00:00","dateModified":"2020-09-19T17:53:34+00:00","breadcrumb":{"@id":"https:\/\/paroissespentecotesaintpaul.ovh\/index.php\/vie-chretienne\/sacrements\/sacrement-de-reconciliation\/#breadcrumb"},"inLanguage":"fr-FR","potentialAction":[{"@type":"ReadAction","target":["https:\/\/paroissespentecotesaintpaul.ovh\/index.php\/vie-chretienne\/sacrements\/sacrement-de-reconciliation\/"]}]},{"@type":"ImageObject","inLanguage":"fr-FR","@id":"https:\/\/paroissespentecotesaintpaul.ovh\/index.php\/vie-chretienne\/sacrements\/sacrement-de-reconciliation\/#primaryimage","url":"http:\/\/paroissespentecotesaintpaul.ovh\/wp-content\/uploads\/2020\/09\/IMG_3723.jpeg","contentUrl":"http:\/\/paroissespentecotesaintpaul.ovh\/wp-content\/uploads\/2020\/09\/IMG_3723.jpeg"},{"@type":"BreadcrumbList","@id":"https:\/\/paroissespentecotesaintpaul.ovh\/index.php\/vie-chretienne\/sacrements\/sacrement-de-reconciliation\/#breadcrumb","itemListElement":[{"@type":"ListItem","position":1,"name":"Home","item":"https:\/\/paroissespentecotesaintpaul.ovh\/"},{"@type":"ListItem","position":2,"name":"VIE CHRETIENNE","item":"https:\/\/paroissespentecotesaintpaul.ovh\/index.php\/vie-chretienne\/"},{"@type":"ListItem","position":3,"name":"SACREMENTS","item":"https:\/\/paroissespentecotesaintpaul.ovh\/index.php\/vie-chretienne\/sacrements\/"},{"@type":"ListItem","position":4,"name":"LA SACREMENT DE RECONCILIATION"}]},{"@type":"WebSite","@id":"https:\/\/paroissespentecotesaintpaul.ovh\/#website","url":"https:\/\/paroissespentecotesaintpaul.ovh\/","name":"Paroisses de la Pentec\u00f4te et de Saint-Paul Notre-Dame du Rosaire","description":"Saint-Pierre -  Saint-Paul - Saint-Andr\u00e9 -  Notre-Dame des Ap\u00f4tres - Notre-Dame du Rosaire ","publisher":{"@id":"https:\/\/paroissespentecotesaintpaul.ovh\/#organization"},"potentialAction":[{"@type":"SearchAction","target":{"@type":"EntryPoint","urlTemplate":"https:\/\/paroissespentecotesaintpaul.ovh\/?s={search_term_string}"},"query-input":{"@type":"PropertyValueSpecification","valueRequired":true,"valueName":"search_term_string"}}],"inLanguage":"fr-FR"},{"@type":"Organization","@id":"https:\/\/paroissespentecotesaintpaul.ovh\/#organization","name":"Paroisses de la Pentecote Saint-Paul Notre-Dame du Rosaire","url":"https:\/\/paroissespentecotesaintpaul.ovh\/","logo":{"@type":"ImageObject","inLanguage":"fr-FR","@id":"https:\/\/paroissespentecotesaintpaul.ovh\/#\/schema\/logo\/image\/","url":"http:\/\/paroissespentecotesaintpaul.ovh\/wp-content\/uploads\/2020\/09\/logo-commun.png","contentUrl":"http:\/\/paroissespentecotesaintpaul.ovh\/wp-content\/uploads\/2020\/09\/logo-commun.png","width":453,"height":235,"caption":"Paroisses de la Pentecote Saint-Paul Notre-Dame du Rosaire"},"image":{"@id":"https:\/\/paroissespentecotesaintpaul.ovh\/#\/schema\/logo\/image\/"}}]}},"_links":{"self":[{"href":"https:\/\/paroissespentecotesaintpaul.ovh\/index.php\/wp-json\/wp\/v2\/pages\/3011"}],"collection":[{"href":"https:\/\/paroissespentecotesaintpaul.ovh\/index.php\/wp-json\/wp\/v2\/pages"}],"about":[{"href":"https:\/\/paroissespentecotesaintpaul.ovh\/index.php\/wp-json\/wp\/v2\/types\/page"}],"author":[{"embeddable":true,"href":"https:\/\/paroissespentecotesaintpaul.ovh\/index.php\/wp-json\/wp\/v2\/users\/1"}],"replies":[{"embeddable":true,"href":"https:\/\/paroissespentecotesaintpaul.ovh\/index.php\/wp-json\/wp\/v2\/comments?post=3011"}],"version-history":[{"count":2,"href":"https:\/\/paroissespentecotesaintpaul.ovh\/index.php\/wp-json\/wp\/v2\/pages\/3011\/revisions"}],"predecessor-version":[{"id":3081,"href":"https:\/\/paroissespentecotesaintpaul.ovh\/index.php\/wp-json\/wp\/v2\/pages\/3011\/revisions\/3081"}],"up":[{"embeddable":true,"href":"https:\/\/paroissespentecotesaintpaul.ovh\/index.php\/wp-json\/wp\/v2\/pages\/2683"}],"wp:attachment":[{"href":"https:\/\/paroissespentecotesaintpaul.ovh\/index.php\/wp-json\/wp\/v2\/media?parent=3011"}],"curies":[{"name":"wp","href":"https:\/\/api.w.org\/{rel}","templated":true}]}}