{"id":3572,"date":"2021-09-10T17:33:58","date_gmt":"2021-09-10T15:33:58","guid":{"rendered":"http:\/\/paroissespentecotesaintpaul.ovh\/?page_id=3572"},"modified":"2024-11-18T12:56:57","modified_gmt":"2024-11-18T11:56:57","slug":"eglise-verte-2","status":"publish","type":"page","link":"https:\/\/paroissespentecotesaintpaul.ovh\/index.php\/eglise-verte-2\/","title":{"rendered":"Eglise Verte"},"content":{"rendered":"\n<figure class=\"wp-block-image size-full\"><img decoding=\"async\" src=\"https:\/\/paroissespentecotesaintpaul.ovh\/wp-content\/uploads\/2021\/09\/Eglise-Verte.png\" alt=\"\" class=\"wp-image-3569\"\/><\/figure>\n\n\n\n<p>\u00c9glise verte est une initiative \u0153cum\u00e9nique, lanc\u00e9e d\u2019abord dans les pays anglo-saxons, puis en 2017 en France par la Conf\u00e9rence des \u00e9v\u00eaques de France, la F\u00e9d\u00e9ration protestante et les \u00e9v\u00eaques orthodoxes.<\/p>\n\n\n\n<p>Plus de 500 paroisses, institutions et \u00e9coles y ont adh\u00e9r\u00e9 depuis, dont une quinzaine en Loire-Atlantique. Elles s\u2019engagent \u00e0 am\u00e9liorer la gestion des b\u00e2timents et des terrains, \u00e0 int\u00e9grer les pr\u00e9occupations \u00e9cologiques dans la liturgie et la cat\u00e9ch\u00e8se, \u00e0 d\u00e9velopper la solidarit\u00e9, \u00e0 changer les pratiques dans le transport, l\u2019alimentation, l\u2019\u00e9nergie&#8230;<\/p>\n\n\n\n<p><strong>Le label \u00ab&nbsp;\u00c9glise Verte&nbsp;\u00bb<\/strong> est un outil \u00e0 destination des paroisses et des \u00e9glises locales ainsi que des mouvements, monast\u00e8res et \u00e9tablissements chr\u00e9tiens qui veulent s\u2019engager pour le <strong>soin de la cr\u00e9ation.<\/strong><\/p>\n\n\n\n<p>L\u2019id\u00e9e est d\u2019accompagner l\u2019engagement progressif de la communaut\u00e9, \u00e0 son rythme, autour de cinq domaines : les c\u00e9l\u00e9brations et la cat\u00e9ch\u00e8se, les b\u00e2timents, les terrains de la paroisse, l\u2019engagement communautaire et global, les styles de vie.<\/p>\n\n\n\n<p><strong>Laudato si\u2019 <\/strong>nous appelle \u00e0 ce double travail de conversion, personnel et communautaire, \u00e0 travers une remise en cause profonde de nos styles de vie, et par cons\u00e9quent de nos modes de production et de consommation.<\/p>\n\n\n\n<p><\/p>\n\n\n\n<p>Nous sommes un petit groupe de paroissiens qui r\u00e9fl\u00e9chissons et proposons des actions pour que notre communaut\u00e9 soit plus soucieuse du bien commun comme nous le rappelle l\u2019encyclique \u00ab&nbsp;Laudato si\u2019 \u00bb<\/p>\n\n\n\n<p><strong><em>Soyons les gardiens de la Terre et des hommes<\/em><\/strong><\/p>\n\n\n\n<p><strong><em>Agissons pour la plan\u00e8te, Agissons pour nos enfants<\/em><\/strong><\/p>\n\n\n\n<p>Vous \u00eates sensibles \u00e0 la pr\u00e9servation de notre terre, \u00e0 la Cr\u00e9ation, au bien commun&nbsp;?<\/p>\n\n\n\n<p>Vous avez des id\u00e9es, vous avez envie de participer \u00e0 cette d\u00e9marche,<\/p>\n\n\n\n<p>Rejoignez le groupe<strong> \u00c9glise Verte<\/strong> de nos paroisses pour relever le d\u00e9fi, r\u00e9fl\u00e9chir et agir au sein de notre communaut\u00e9.<\/p>\n\n\n\n<p>Venez enrichir notre d\u00e9marche paroissiale \u00e0 l\u2019\u00e9clairage de Laudato si\u2019&nbsp;!<\/p>\n\n\n\n<p><\/p>\n\n\n\n<p>Contact&nbsp;:&nbsp; <strong>eglisevertereze@gmail.com<br><\/strong><\/p>\n\n\n\n<p><strong>Quelques initiatives ou r\u00e9alisations sur nos paroisses<\/strong><\/p>\n\n\n\n<p><em>\u00e0 (re)lire dans les num\u00e9ros de \u00ab&nbsp;traits d\u2019union&nbsp;\u00bb<\/em><\/p>\n\n\n\n<p>Temps de pri\u00e8re et de chant en fin de c\u00e9l\u00e9bration<\/p>\n\n\n\n<p>Diaporama sur le psaume de la cr\u00e9ation<\/p>\n\n\n\n<p>Les gestes pour prendre soin de notre environnement<\/p>\n\n\n\n<p>\u00c9laboration avec les responsables cat\u00e9 d\u2019un jeu de cartes pour les enfants<\/p>\n\n\n\n<p>Une chartre \u00ab&nbsp;Consommons vert&nbsp;\u00bb remise au CAEP des paroisses<\/p>\n\n\n\n<p>Label \u00ab&nbsp;Lis des champs&nbsp;\u00bb pour nos paroisses<\/p>\n\n\n\n<p>Exposition Laudato si\u2019 illustr\u00e9 par Yann Arthus-Bertrand<\/p>\n\n\n\n<p>Collecte de papier au profit de l\u2019association \u00ab&nbsp;papiers de l\u2019espoir&nbsp;\u00bb<\/p>\n\n\n\n<p>Participation aux rencontres \u00c9glise Verte 44<\/p>\n\n\n\n<p><strong>Pour bient\u00f4t une proposition de partage en paroisse autour du<\/strong> <strong>texte Laudato si\u2019<\/strong><\/p>\n","protected":false},"excerpt":{"rendered":"<p>\u00c9glise verte est une initiative \u0153cum\u00e9nique, lanc\u00e9e d\u2019abord dans les pays anglo-saxons, puis en 2017 en France par la Conf\u00e9rence des \u00e9v\u00eaques de France, la [&hellip;] <span class=\"read-more-link\"><a class=\"read-more\" href=\"https:\/\/paroissespentecotesaintpaul.ovh\/index.php\/eglise-verte-2\/\">Read More<\/a><\/span><\/p>\n","protected":false},"author":1,"featured_media":0,"parent":0,"menu_order":0,"comment_status":"closed","ping_status":"closed","template":"","meta":{"_monsterinsights_skip_tracking":false,"_monsterinsights_sitenote_active":false,"_monsterinsights_sitenote_note":"","_monsterinsights_sitenote_category":0,"footnotes":""},"yoast_head":"<!-- This site is optimized with the Yoast SEO plugin v23.5 - https:\/\/yoast.com\/wordpress\/plugins\/seo\/ -->\n<title>Eglise Verte - Paroisses de la Pentec\u00f4te et de Saint-Paul Notre-Dame du Rosaire<\/title>\n<meta name=\"robots\" content=\"index, follow, max-snippet:-1, max-image-preview:large, max-video-preview:-1\" \/>\n<link rel=\"canonical\" href=\"https:\/\/paroissespentecotesaintpaul.ovh\/index.php\/eglise-verte-2\/\" \/>\n<meta property=\"og:locale\" content=\"fr_FR\" \/>\n<meta property=\"og:type\" content=\"article\" \/>\n<meta property=\"og:title\" content=\"Eglise Verte - Paroisses de la Pentec\u00f4te et de Saint-Paul Notre-Dame du Rosaire\" \/>\n<meta property=\"og:description\" content=\"\u00c9glise verte est une initiative \u0153cum\u00e9nique, lanc\u00e9e d\u2019abord dans les pays anglo-saxons, puis en 2017 en France par la Conf\u00e9rence des \u00e9v\u00eaques de France, la [&hellip;] Read More\" \/>\n<meta property=\"og:url\" content=\"https:\/\/paroissespentecotesaintpaul.ovh\/index.php\/eglise-verte-2\/\" \/>\n<meta property=\"og:site_name\" content=\"Paroisses de la Pentec\u00f4te et de Saint-Paul Notre-Dame du Rosaire\" \/>\n<meta property=\"article:modified_time\" content=\"2024-11-18T11:56:57+00:00\" \/>\n<meta property=\"og:image\" content=\"http:\/\/paroissespentecotesaintpaul.ovh\/wp-content\/uploads\/2021\/09\/Eglise-Verte.png\" \/>\n<meta name=\"twitter:card\" content=\"summary_large_image\" \/>\n<meta name=\"twitter:label1\" content=\"Dur\u00e9e de lecture estim\u00e9e\" \/>\n\t<meta name=\"twitter:data1\" content=\"3 minutes\" \/>\n<script type=\"application\/ld+json\" class=\"yoast-schema-graph\">{\"@context\":\"https:\/\/schema.org\",\"@graph\":[{\"@type\":\"WebPage\",\"@id\":\"https:\/\/paroissespentecotesaintpaul.ovh\/index.php\/eglise-verte-2\/\",\"url\":\"https:\/\/paroissespentecotesaintpaul.ovh\/index.php\/eglise-verte-2\/\",\"name\":\"Eglise Verte - Paroisses de la Pentec\u00f4te et de Saint-Paul Notre-Dame du Rosaire\",\"isPartOf\":{\"@id\":\"https:\/\/paroissespentecotesaintpaul.ovh\/#website\"},\"primaryImageOfPage\":{\"@id\":\"https:\/\/paroissespentecotesaintpaul.ovh\/index.php\/eglise-verte-2\/#primaryimage\"},\"image\":{\"@id\":\"https:\/\/paroissespentecotesaintpaul.ovh\/index.php\/eglise-verte-2\/#primaryimage\"},\"thumbnailUrl\":\"http:\/\/paroissespentecotesaintpaul.ovh\/wp-content\/uploads\/2021\/09\/Eglise-Verte.png\",\"datePublished\":\"2021-09-10T15:33:58+00:00\",\"dateModified\":\"2024-11-18T11:56:57+00:00\",\"breadcrumb\":{\"@id\":\"https:\/\/paroissespentecotesaintpaul.ovh\/index.php\/eglise-verte-2\/#breadcrumb\"},\"inLanguage\":\"fr-FR\",\"potentialAction\":[{\"@type\":\"ReadAction\",\"target\":[\"https:\/\/paroissespentecotesaintpaul.ovh\/index.php\/eglise-verte-2\/\"]}]},{\"@type\":\"ImageObject\",\"inLanguage\":\"fr-FR\",\"@id\":\"https:\/\/paroissespentecotesaintpaul.ovh\/index.php\/eglise-verte-2\/#primaryimage\",\"url\":\"http:\/\/paroissespentecotesaintpaul.ovh\/wp-content\/uploads\/2021\/09\/Eglise-Verte.png\",\"contentUrl\":\"http:\/\/paroissespentecotesaintpaul.ovh\/wp-content\/uploads\/2021\/09\/Eglise-Verte.png\"},{\"@type\":\"BreadcrumbList\",\"@id\":\"https:\/\/paroissespentecotesaintpaul.ovh\/index.php\/eglise-verte-2\/#breadcrumb\",\"itemListElement\":[{\"@type\":\"ListItem\",\"position\":1,\"name\":\"Home\",\"item\":\"https:\/\/paroissespentecotesaintpaul.ovh\/\"},{\"@type\":\"ListItem\",\"position\":2,\"name\":\"Eglise Verte\"}]},{\"@type\":\"WebSite\",\"@id\":\"https:\/\/paroissespentecotesaintpaul.ovh\/#website\",\"url\":\"https:\/\/paroissespentecotesaintpaul.ovh\/\",\"name\":\"Paroisses de la Pentec\u00f4te et de Saint-Paul Notre-Dame du Rosaire\",\"description\":\"Saint-Pierre -  Saint-Paul - Saint-Andr\u00e9 -  Notre-Dame des Ap\u00f4tres - Notre-Dame du Rosaire \",\"publisher\":{\"@id\":\"https:\/\/paroissespentecotesaintpaul.ovh\/#organization\"},\"potentialAction\":[{\"@type\":\"SearchAction\",\"target\":{\"@type\":\"EntryPoint\",\"urlTemplate\":\"https:\/\/paroissespentecotesaintpaul.ovh\/?s={search_term_string}\"},\"query-input\":{\"@type\":\"PropertyValueSpecification\",\"valueRequired\":true,\"valueName\":\"search_term_string\"}}],\"inLanguage\":\"fr-FR\"},{\"@type\":\"Organization\",\"@id\":\"https:\/\/paroissespentecotesaintpaul.ovh\/#organization\",\"name\":\"Paroisses de la Pentecote Saint-Paul Notre-Dame du Rosaire\",\"url\":\"https:\/\/paroissespentecotesaintpaul.ovh\/\",\"logo\":{\"@type\":\"ImageObject\",\"inLanguage\":\"fr-FR\",\"@id\":\"https:\/\/paroissespentecotesaintpaul.ovh\/#\/schema\/logo\/image\/\",\"url\":\"http:\/\/paroissespentecotesaintpaul.ovh\/wp-content\/uploads\/2020\/09\/logo-commun.png\",\"contentUrl\":\"http:\/\/paroissespentecotesaintpaul.ovh\/wp-content\/uploads\/2020\/09\/logo-commun.png\",\"width\":453,\"height\":235,\"caption\":\"Paroisses de la Pentecote Saint-Paul Notre-Dame du Rosaire\"},\"image\":{\"@id\":\"https:\/\/paroissespentecotesaintpaul.ovh\/#\/schema\/logo\/image\/\"}}]}<\/script>\n<!-- \/ Yoast SEO plugin. -->","yoast_head_json":{"title":"Eglise Verte - Paroisses de la Pentec\u00f4te et de Saint-Paul Notre-Dame du Rosaire","robots":{"index":"index","follow":"follow","max-snippet":"max-snippet:-1","max-image-preview":"max-image-preview:large","max-video-preview":"max-video-preview:-1"},"canonical":"https:\/\/paroissespentecotesaintpaul.ovh\/index.php\/eglise-verte-2\/","og_locale":"fr_FR","og_type":"article","og_title":"Eglise Verte - Paroisses de la Pentec\u00f4te et de Saint-Paul Notre-Dame du Rosaire","og_description":"\u00c9glise verte est une initiative \u0153cum\u00e9nique, lanc\u00e9e d\u2019abord dans les pays anglo-saxons, puis en 2017 en France par la Conf\u00e9rence des \u00e9v\u00eaques de France, la [&hellip;] Read More","og_url":"https:\/\/paroissespentecotesaintpaul.ovh\/index.php\/eglise-verte-2\/","og_site_name":"Paroisses de la Pentec\u00f4te et de Saint-Paul Notre-Dame du Rosaire","article_modified_time":"2024-11-18T11:56:57+00:00","og_image":[{"url":"http:\/\/paroissespentecotesaintpaul.ovh\/wp-content\/uploads\/2021\/09\/Eglise-Verte.png"}],"twitter_card":"summary_large_image","twitter_misc":{"Dur\u00e9e de lecture estim\u00e9e":"3 minutes"},"schema":{"@context":"https:\/\/schema.org","@graph":[{"@type":"WebPage","@id":"https:\/\/paroissespentecotesaintpaul.ovh\/index.php\/eglise-verte-2\/","url":"https:\/\/paroissespentecotesaintpaul.ovh\/index.php\/eglise-verte-2\/","name":"Eglise Verte - Paroisses de la Pentec\u00f4te et de Saint-Paul Notre-Dame du Rosaire","isPartOf":{"@id":"https:\/\/paroissespentecotesaintpaul.ovh\/#website"},"primaryImageOfPage":{"@id":"https:\/\/paroissespentecotesaintpaul.ovh\/index.php\/eglise-verte-2\/#primaryimage"},"image":{"@id":"https:\/\/paroissespentecotesaintpaul.ovh\/index.php\/eglise-verte-2\/#primaryimage"},"thumbnailUrl":"http:\/\/paroissespentecotesaintpaul.ovh\/wp-content\/uploads\/2021\/09\/Eglise-Verte.png","datePublished":"2021-09-10T15:33:58+00:00","dateModified":"2024-11-18T11:56:57+00:00","breadcrumb":{"@id":"https:\/\/paroissespentecotesaintpaul.ovh\/index.php\/eglise-verte-2\/#breadcrumb"},"inLanguage":"fr-FR","potentialAction":[{"@type":"ReadAction","target":["https:\/\/paroissespentecotesaintpaul.ovh\/index.php\/eglise-verte-2\/"]}]},{"@type":"ImageObject","inLanguage":"fr-FR","@id":"https:\/\/paroissespentecotesaintpaul.ovh\/index.php\/eglise-verte-2\/#primaryimage","url":"http:\/\/paroissespentecotesaintpaul.ovh\/wp-content\/uploads\/2021\/09\/Eglise-Verte.png","contentUrl":"http:\/\/paroissespentecotesaintpaul.ovh\/wp-content\/uploads\/2021\/09\/Eglise-Verte.png"},{"@type":"BreadcrumbList","@id":"https:\/\/paroissespentecotesaintpaul.ovh\/index.php\/eglise-verte-2\/#breadcrumb","itemListElement":[{"@type":"ListItem","position":1,"name":"Home","item":"https:\/\/paroissespentecotesaintpaul.ovh\/"},{"@type":"ListItem","position":2,"name":"Eglise Verte"}]},{"@type":"WebSite","@id":"https:\/\/paroissespentecotesaintpaul.ovh\/#website","url":"https:\/\/paroissespentecotesaintpaul.ovh\/","name":"Paroisses de la Pentec\u00f4te et de Saint-Paul Notre-Dame du Rosaire","description":"Saint-Pierre -  Saint-Paul - Saint-Andr\u00e9 -  Notre-Dame des Ap\u00f4tres - Notre-Dame du Rosaire ","publisher":{"@id":"https:\/\/paroissespentecotesaintpaul.ovh\/#organization"},"potentialAction":[{"@type":"SearchAction","target":{"@type":"EntryPoint","urlTemplate":"https:\/\/paroissespentecotesaintpaul.ovh\/?s={search_term_string}"},"query-input":{"@type":"PropertyValueSpecification","valueRequired":true,"valueName":"search_term_string"}}],"inLanguage":"fr-FR"},{"@type":"Organization","@id":"https:\/\/paroissespentecotesaintpaul.ovh\/#organization","name":"Paroisses de la Pentecote Saint-Paul Notre-Dame du Rosaire","url":"https:\/\/paroissespentecotesaintpaul.ovh\/","logo":{"@type":"ImageObject","inLanguage":"fr-FR","@id":"https:\/\/paroissespentecotesaintpaul.ovh\/#\/schema\/logo\/image\/","url":"http:\/\/paroissespentecotesaintpaul.ovh\/wp-content\/uploads\/2020\/09\/logo-commun.png","contentUrl":"http:\/\/paroissespentecotesaintpaul.ovh\/wp-content\/uploads\/2020\/09\/logo-commun.png","width":453,"height":235,"caption":"Paroisses de la Pentecote Saint-Paul Notre-Dame du Rosaire"},"image":{"@id":"https:\/\/paroissespentecotesaintpaul.ovh\/#\/schema\/logo\/image\/"}}]}},"_links":{"self":[{"href":"https:\/\/paroissespentecotesaintpaul.ovh\/index.php\/wp-json\/wp\/v2\/pages\/3572"}],"collection":[{"href":"https:\/\/paroissespentecotesaintpaul.ovh\/index.php\/wp-json\/wp\/v2\/pages"}],"about":[{"href":"https:\/\/paroissespentecotesaintpaul.ovh\/index.php\/wp-json\/wp\/v2\/types\/page"}],"author":[{"embeddable":true,"href":"https:\/\/paroissespentecotesaintpaul.ovh\/index.php\/wp-json\/wp\/v2\/users\/1"}],"replies":[{"embeddable":true,"href":"https:\/\/paroissespentecotesaintpaul.ovh\/index.php\/wp-json\/wp\/v2\/comments?post=3572"}],"version-history":[{"count":4,"href":"https:\/\/paroissespentecotesaintpaul.ovh\/index.php\/wp-json\/wp\/v2\/pages\/3572\/revisions"}],"predecessor-version":[{"id":4259,"href":"https:\/\/paroissespentecotesaintpaul.ovh\/index.php\/wp-json\/wp\/v2\/pages\/3572\/revisions\/4259"}],"wp:attachment":[{"href":"https:\/\/paroissespentecotesaintpaul.ovh\/index.php\/wp-json\/wp\/v2\/media?parent=3572"}],"curies":[{"name":"wp","href":"https:\/\/api.w.org\/{rel}","templated":true}]}}