{"id":3622,"date":"2021-10-13T16:40:43","date_gmt":"2021-10-13T14:40:43","guid":{"rendered":"http:\/\/paroissespentecotesaintpaul.ovh\/?page_id=3622"},"modified":"2021-11-12T16:43:21","modified_gmt":"2021-11-12T15:43:21","slug":"realisations-en-cours","status":"publish","type":"page","link":"https:\/\/paroissespentecotesaintpaul.ovh\/index.php\/eglise-verte-2\/realisations-en-cours\/","title":{"rendered":"Actions et \u00e9v\u00e8nements"},"content":{"rendered":"\n<p>Vous \u00eates invit\u00e9s \u00e0 une <strong>lecture<\/strong>, <strong>d\u00e9couverte<\/strong> et partage de l\u2019<strong>Encyclique Laudato Si\u2019<\/strong><\/p>\n\n\n\n<p>Que vous souhaitiez d\u00e9couvrir Laudato Si\u2019 ou,<\/p>\n\n\n\n<p>qu\u2019un th\u00e8me de cette encyclique vous interpelle ou vous touche,<\/p>\n\n\n\n<p>Venez le partager au cours de 4 rencontres pr\u00e9vues<\/p>\n\n\n\n<p>mi-D\u00e9cembre, fin janvier, fin mars, mi-mai.<\/p>\n\n\n\n<p>Vous trouverez ci-dessous un bulletin d\u2019inscription qui permettra de les organiser<\/p>\n\n\n\n<p>Ainsi, la paroisse, avec le groupe \u00c9glise Verte, pourra vous proposer les dates retenues en fonction de vos r\u00e9ponses.<\/p>\n\n\n\n<p>Nous nous retrouvons dans l\u2019une des salles paroissiales.<\/p>\n\n\n\n<p>Un covoiturage pourra \u00eatre organis\u00e9 entre nous pour ces rencontres.<\/p>\n\n\n\n<p><img loading=\"lazy\" decoding=\"async\" width=\"228\" height=\"109\" src=\"\">contact:<strong>eglisevertereze@gmail.com<\/strong><\/p>\n\n\n\n<p><strong>Coupon r\u00e9ponse <\/strong><strong>\u00e0 d\u00e9poser<\/strong><strong> <\/strong>aux secr\u00e9tariats des paroisses<\/p>\n\n\n\n<p>ou <strong>\u00e0 remettre<\/strong> lors de nos c\u00e9l\u00e9brations dans le panier de la qu\u00eate,<\/p>\n\n\n\n<p>ou <strong>\u00e0 transmettre<\/strong> par mail \u00e0 <a href=\"mailto:eglisevertereze@gmail.com\">eglisevertereze@gmail.com<\/a><strong>pour le mercredi 1<sup>er<\/sup> d\u00e9cembre<\/strong><\/p>\n\n\n\n<figure class=\"wp-block-image size-full\"><img decoding=\"async\" src=\"https:\/\/paroissespentecotesaintpaul.ovh\/wp-content\/uploads\/2021\/11\/inscription-Laudato-Si.png\" alt=\"\" class=\"wp-image-3654\"\/><\/figure>\n\n\n\n<p><em>La paroisse vous invite \u00e0 une lecture, d\u00e9couverte et partage de l\u2019Encyclique Laudato S<\/em>i<\/p>\n\n\n\n<p><em>Que vous souhaitiez d\u00e9couvrir Laudato Si ou qu\u2019un th\u00e8me de cette encyclique vous interpelle ou vous touche, venez le partager au cours de rencontres.<\/em><\/p>\n\n\n\n<p><em>Nous vous proposons de d\u00e9marrer ces \u00e9changes mi-d\u00e9cembre, puis 2 ou 3 autres temps au cours de cette ann\u00e9e scolaire.<\/em><\/p>\n\n\n\n<p><em>Pour l\u2019organisation de ces rencontres, vous trouverez dans le prochain Trait d&rsquo;Union du mois de novembre, un bulletin d\u2019inscription.<\/em><\/p>\n","protected":false},"excerpt":{"rendered":"<p>Vous \u00eates invit\u00e9s \u00e0 une lecture, d\u00e9couverte et partage de l\u2019Encyclique Laudato Si\u2019 Que vous souhaitiez d\u00e9couvrir Laudato Si\u2019 ou, qu\u2019un th\u00e8me de cette encyclique [&hellip;] <span class=\"read-more-link\"><a class=\"read-more\" href=\"https:\/\/paroissespentecotesaintpaul.ovh\/index.php\/eglise-verte-2\/realisations-en-cours\/\">Read More<\/a><\/span><\/p>\n","protected":false},"author":1,"featured_media":0,"parent":3572,"menu_order":1,"comment_status":"closed","ping_status":"closed","template":"","meta":{"_monsterinsights_skip_tracking":false,"_monsterinsights_sitenote_active":false,"_monsterinsights_sitenote_note":"","_monsterinsights_sitenote_category":0,"footnotes":""},"yoast_head":"<!-- This site is optimized with the Yoast SEO plugin v23.5 - https:\/\/yoast.com\/wordpress\/plugins\/seo\/ -->\n<title>Actions et \u00e9v\u00e8nements - Paroisses de la Pentec\u00f4te et de Saint-Paul Notre-Dame du Rosaire<\/title>\n<meta name=\"robots\" content=\"index, follow, max-snippet:-1, max-image-preview:large, max-video-preview:-1\" \/>\n<link rel=\"canonical\" href=\"https:\/\/paroissespentecotesaintpaul.ovh\/index.php\/eglise-verte-2\/realisations-en-cours\/\" \/>\n<meta property=\"og:locale\" content=\"fr_FR\" \/>\n<meta property=\"og:type\" content=\"article\" \/>\n<meta property=\"og:title\" content=\"Actions et \u00e9v\u00e8nements - Paroisses de la Pentec\u00f4te et de Saint-Paul Notre-Dame du Rosaire\" \/>\n<meta property=\"og:description\" content=\"Vous \u00eates invit\u00e9s \u00e0 une lecture, d\u00e9couverte et partage de l\u2019Encyclique Laudato Si\u2019 Que vous souhaitiez d\u00e9couvrir Laudato Si\u2019 ou, qu\u2019un th\u00e8me de cette encyclique [&hellip;] Read More\" \/>\n<meta property=\"og:url\" content=\"https:\/\/paroissespentecotesaintpaul.ovh\/index.php\/eglise-verte-2\/realisations-en-cours\/\" \/>\n<meta property=\"og:site_name\" content=\"Paroisses de la Pentec\u00f4te et de Saint-Paul Notre-Dame du Rosaire\" \/>\n<meta property=\"article:modified_time\" content=\"2021-11-12T15:43:21+00:00\" \/>\n<meta property=\"og:image\" content=\"http:\/\/paroissespentecotesaintpaul.ovh\/wp-content\/uploads\/2021\/11\/inscription-Laudato-Si.png\" \/>\n<meta name=\"twitter:card\" content=\"summary_large_image\" \/>\n<meta name=\"twitter:label1\" content=\"Dur\u00e9e de lecture estim\u00e9e\" \/>\n\t<meta name=\"twitter:data1\" content=\"2 minutes\" \/>\n<script type=\"application\/ld+json\" class=\"yoast-schema-graph\">{\"@context\":\"https:\/\/schema.org\",\"@graph\":[{\"@type\":\"WebPage\",\"@id\":\"https:\/\/paroissespentecotesaintpaul.ovh\/index.php\/eglise-verte-2\/realisations-en-cours\/\",\"url\":\"https:\/\/paroissespentecotesaintpaul.ovh\/index.php\/eglise-verte-2\/realisations-en-cours\/\",\"name\":\"Actions et \u00e9v\u00e8nements - Paroisses de la Pentec\u00f4te et de Saint-Paul Notre-Dame du Rosaire\",\"isPartOf\":{\"@id\":\"https:\/\/paroissespentecotesaintpaul.ovh\/#website\"},\"primaryImageOfPage\":{\"@id\":\"https:\/\/paroissespentecotesaintpaul.ovh\/index.php\/eglise-verte-2\/realisations-en-cours\/#primaryimage\"},\"image\":{\"@id\":\"https:\/\/paroissespentecotesaintpaul.ovh\/index.php\/eglise-verte-2\/realisations-en-cours\/#primaryimage\"},\"thumbnailUrl\":\"http:\/\/paroissespentecotesaintpaul.ovh\/wp-content\/uploads\/2021\/11\/inscription-Laudato-Si.png\",\"datePublished\":\"2021-10-13T14:40:43+00:00\",\"dateModified\":\"2021-11-12T15:43:21+00:00\",\"breadcrumb\":{\"@id\":\"https:\/\/paroissespentecotesaintpaul.ovh\/index.php\/eglise-verte-2\/realisations-en-cours\/#breadcrumb\"},\"inLanguage\":\"fr-FR\",\"potentialAction\":[{\"@type\":\"ReadAction\",\"target\":[\"https:\/\/paroissespentecotesaintpaul.ovh\/index.php\/eglise-verte-2\/realisations-en-cours\/\"]}]},{\"@type\":\"ImageObject\",\"inLanguage\":\"fr-FR\",\"@id\":\"https:\/\/paroissespentecotesaintpaul.ovh\/index.php\/eglise-verte-2\/realisations-en-cours\/#primaryimage\",\"url\":\"\",\"contentUrl\":\"\"},{\"@type\":\"BreadcrumbList\",\"@id\":\"https:\/\/paroissespentecotesaintpaul.ovh\/index.php\/eglise-verte-2\/realisations-en-cours\/#breadcrumb\",\"itemListElement\":[{\"@type\":\"ListItem\",\"position\":1,\"name\":\"Home\",\"item\":\"https:\/\/paroissespentecotesaintpaul.ovh\/\"},{\"@type\":\"ListItem\",\"position\":2,\"name\":\"Eglise Verte\",\"item\":\"https:\/\/paroissespentecotesaintpaul.ovh\/index.php\/eglise-verte-2\/\"},{\"@type\":\"ListItem\",\"position\":3,\"name\":\"Actions et \u00e9v\u00e8nements\"}]},{\"@type\":\"WebSite\",\"@id\":\"https:\/\/paroissespentecotesaintpaul.ovh\/#website\",\"url\":\"https:\/\/paroissespentecotesaintpaul.ovh\/\",\"name\":\"Paroisses de la Pentec\u00f4te et de Saint-Paul Notre-Dame du Rosaire\",\"description\":\"Saint-Pierre -  Saint-Paul - Saint-Andr\u00e9 -  Notre-Dame des Ap\u00f4tres - Notre-Dame du Rosaire \",\"publisher\":{\"@id\":\"https:\/\/paroissespentecotesaintpaul.ovh\/#organization\"},\"potentialAction\":[{\"@type\":\"SearchAction\",\"target\":{\"@type\":\"EntryPoint\",\"urlTemplate\":\"https:\/\/paroissespentecotesaintpaul.ovh\/?s={search_term_string}\"},\"query-input\":{\"@type\":\"PropertyValueSpecification\",\"valueRequired\":true,\"valueName\":\"search_term_string\"}}],\"inLanguage\":\"fr-FR\"},{\"@type\":\"Organization\",\"@id\":\"https:\/\/paroissespentecotesaintpaul.ovh\/#organization\",\"name\":\"Paroisses de la Pentecote Saint-Paul Notre-Dame du Rosaire\",\"url\":\"https:\/\/paroissespentecotesaintpaul.ovh\/\",\"logo\":{\"@type\":\"ImageObject\",\"inLanguage\":\"fr-FR\",\"@id\":\"https:\/\/paroissespentecotesaintpaul.ovh\/#\/schema\/logo\/image\/\",\"url\":\"http:\/\/paroissespentecotesaintpaul.ovh\/wp-content\/uploads\/2020\/09\/logo-commun.png\",\"contentUrl\":\"http:\/\/paroissespentecotesaintpaul.ovh\/wp-content\/uploads\/2020\/09\/logo-commun.png\",\"width\":453,\"height\":235,\"caption\":\"Paroisses de la Pentecote Saint-Paul Notre-Dame du Rosaire\"},\"image\":{\"@id\":\"https:\/\/paroissespentecotesaintpaul.ovh\/#\/schema\/logo\/image\/\"}}]}<\/script>\n<!-- \/ Yoast SEO plugin. -->","yoast_head_json":{"title":"Actions et \u00e9v\u00e8nements - Paroisses de la Pentec\u00f4te et de Saint-Paul Notre-Dame du Rosaire","robots":{"index":"index","follow":"follow","max-snippet":"max-snippet:-1","max-image-preview":"max-image-preview:large","max-video-preview":"max-video-preview:-1"},"canonical":"https:\/\/paroissespentecotesaintpaul.ovh\/index.php\/eglise-verte-2\/realisations-en-cours\/","og_locale":"fr_FR","og_type":"article","og_title":"Actions et \u00e9v\u00e8nements - Paroisses de la Pentec\u00f4te et de Saint-Paul Notre-Dame du Rosaire","og_description":"Vous \u00eates invit\u00e9s \u00e0 une lecture, d\u00e9couverte et partage de l\u2019Encyclique Laudato Si\u2019 Que vous souhaitiez d\u00e9couvrir Laudato Si\u2019 ou, qu\u2019un th\u00e8me de cette encyclique [&hellip;] Read More","og_url":"https:\/\/paroissespentecotesaintpaul.ovh\/index.php\/eglise-verte-2\/realisations-en-cours\/","og_site_name":"Paroisses de la Pentec\u00f4te et de Saint-Paul Notre-Dame du Rosaire","article_modified_time":"2021-11-12T15:43:21+00:00","og_image":[{"url":"http:\/\/paroissespentecotesaintpaul.ovh\/wp-content\/uploads\/2021\/11\/inscription-Laudato-Si.png"}],"twitter_card":"summary_large_image","twitter_misc":{"Dur\u00e9e de lecture estim\u00e9e":"2 minutes"},"schema":{"@context":"https:\/\/schema.org","@graph":[{"@type":"WebPage","@id":"https:\/\/paroissespentecotesaintpaul.ovh\/index.php\/eglise-verte-2\/realisations-en-cours\/","url":"https:\/\/paroissespentecotesaintpaul.ovh\/index.php\/eglise-verte-2\/realisations-en-cours\/","name":"Actions et \u00e9v\u00e8nements - Paroisses de la Pentec\u00f4te et de Saint-Paul Notre-Dame du Rosaire","isPartOf":{"@id":"https:\/\/paroissespentecotesaintpaul.ovh\/#website"},"primaryImageOfPage":{"@id":"https:\/\/paroissespentecotesaintpaul.ovh\/index.php\/eglise-verte-2\/realisations-en-cours\/#primaryimage"},"image":{"@id":"https:\/\/paroissespentecotesaintpaul.ovh\/index.php\/eglise-verte-2\/realisations-en-cours\/#primaryimage"},"thumbnailUrl":"http:\/\/paroissespentecotesaintpaul.ovh\/wp-content\/uploads\/2021\/11\/inscription-Laudato-Si.png","datePublished":"2021-10-13T14:40:43+00:00","dateModified":"2021-11-12T15:43:21+00:00","breadcrumb":{"@id":"https:\/\/paroissespentecotesaintpaul.ovh\/index.php\/eglise-verte-2\/realisations-en-cours\/#breadcrumb"},"inLanguage":"fr-FR","potentialAction":[{"@type":"ReadAction","target":["https:\/\/paroissespentecotesaintpaul.ovh\/index.php\/eglise-verte-2\/realisations-en-cours\/"]}]},{"@type":"ImageObject","inLanguage":"fr-FR","@id":"https:\/\/paroissespentecotesaintpaul.ovh\/index.php\/eglise-verte-2\/realisations-en-cours\/#primaryimage","url":"","contentUrl":""},{"@type":"BreadcrumbList","@id":"https:\/\/paroissespentecotesaintpaul.ovh\/index.php\/eglise-verte-2\/realisations-en-cours\/#breadcrumb","itemListElement":[{"@type":"ListItem","position":1,"name":"Home","item":"https:\/\/paroissespentecotesaintpaul.ovh\/"},{"@type":"ListItem","position":2,"name":"Eglise Verte","item":"https:\/\/paroissespentecotesaintpaul.ovh\/index.php\/eglise-verte-2\/"},{"@type":"ListItem","position":3,"name":"Actions et \u00e9v\u00e8nements"}]},{"@type":"WebSite","@id":"https:\/\/paroissespentecotesaintpaul.ovh\/#website","url":"https:\/\/paroissespentecotesaintpaul.ovh\/","name":"Paroisses de la Pentec\u00f4te et de Saint-Paul Notre-Dame du Rosaire","description":"Saint-Pierre -  Saint-Paul - Saint-Andr\u00e9 -  Notre-Dame des Ap\u00f4tres - Notre-Dame du Rosaire ","publisher":{"@id":"https:\/\/paroissespentecotesaintpaul.ovh\/#organization"},"potentialAction":[{"@type":"SearchAction","target":{"@type":"EntryPoint","urlTemplate":"https:\/\/paroissespentecotesaintpaul.ovh\/?s={search_term_string}"},"query-input":{"@type":"PropertyValueSpecification","valueRequired":true,"valueName":"search_term_string"}}],"inLanguage":"fr-FR"},{"@type":"Organization","@id":"https:\/\/paroissespentecotesaintpaul.ovh\/#organization","name":"Paroisses de la Pentecote Saint-Paul Notre-Dame du Rosaire","url":"https:\/\/paroissespentecotesaintpaul.ovh\/","logo":{"@type":"ImageObject","inLanguage":"fr-FR","@id":"https:\/\/paroissespentecotesaintpaul.ovh\/#\/schema\/logo\/image\/","url":"http:\/\/paroissespentecotesaintpaul.ovh\/wp-content\/uploads\/2020\/09\/logo-commun.png","contentUrl":"http:\/\/paroissespentecotesaintpaul.ovh\/wp-content\/uploads\/2020\/09\/logo-commun.png","width":453,"height":235,"caption":"Paroisses de la Pentecote Saint-Paul Notre-Dame du Rosaire"},"image":{"@id":"https:\/\/paroissespentecotesaintpaul.ovh\/#\/schema\/logo\/image\/"}}]}},"_links":{"self":[{"href":"https:\/\/paroissespentecotesaintpaul.ovh\/index.php\/wp-json\/wp\/v2\/pages\/3622"}],"collection":[{"href":"https:\/\/paroissespentecotesaintpaul.ovh\/index.php\/wp-json\/wp\/v2\/pages"}],"about":[{"href":"https:\/\/paroissespentecotesaintpaul.ovh\/index.php\/wp-json\/wp\/v2\/types\/page"}],"author":[{"embeddable":true,"href":"https:\/\/paroissespentecotesaintpaul.ovh\/index.php\/wp-json\/wp\/v2\/users\/1"}],"replies":[{"embeddable":true,"href":"https:\/\/paroissespentecotesaintpaul.ovh\/index.php\/wp-json\/wp\/v2\/comments?post=3622"}],"version-history":[{"count":3,"href":"https:\/\/paroissespentecotesaintpaul.ovh\/index.php\/wp-json\/wp\/v2\/pages\/3622\/revisions"}],"predecessor-version":[{"id":3658,"href":"https:\/\/paroissespentecotesaintpaul.ovh\/index.php\/wp-json\/wp\/v2\/pages\/3622\/revisions\/3658"}],"up":[{"embeddable":true,"href":"https:\/\/paroissespentecotesaintpaul.ovh\/index.php\/wp-json\/wp\/v2\/pages\/3572"}],"wp:attachment":[{"href":"https:\/\/paroissespentecotesaintpaul.ovh\/index.php\/wp-json\/wp\/v2\/media?parent=3622"}],"curies":[{"name":"wp","href":"https:\/\/api.w.org\/{rel}","templated":true}]}}