{"id":71,"date":"2020-03-06T18:08:07","date_gmt":"2020-03-06T18:08:07","guid":{"rendered":"http:\/\/127.0.0.1:10080\/wordpress\/?page_id=71"},"modified":"2020-03-06T18:08:07","modified_gmt":"2020-03-06T18:08:07","slug":"paroisse-de-la-pentecote","status":"publish","type":"page","link":"https:\/\/paroissespentecotesaintpaul.ovh\/index.php\/paroisse-de-la-pentecote\/","title":{"rendered":"PAROISSE DE LA PENTECOTE"},"content":{"rendered":"<div id=\"wppb-builder-container\" class=\"wppb-builder-container\">                <div  class=\"wppb-row-parent  wppb-row-1600113683879 \"  >\n\t\t\t\t\t\n\t\t\t\t\t\t\t\t\t\t\n\t\t\t\t\t\t\t\t\t\t\n\t\t\t\t\t<div class=\"wppb-container \">\n\t\t\t\t\t\t\t\t\t\t\t\t\t\n                        <div class=\"wppb-row\">\n\t\t\t\t\t\t\t                                    <div  class=\"wppb-column-parent wppb-column-parent-view wppb-col-1600113683878  \"  >\n                                        <div class=\"wppb-column\">\n\t\t\t\t\t\n\t\t\t\t\t\t\t\t\t\t\t\n                                            <div class=\"wppb-builder-addons\">\n\t\t\t\t\t\t\t\t\t\t\t\t<div class='wppb-builder-addon wppb-addon-1600113737248'  data-addon-id='1600113737248'><div class='wppb-addon'><div class=\"wppb-button-group-addon\"><div class=\"wppb-button-addon-content\"><div class=\"wppb-button-group repeater-0\"><a  href=\"http:\/\/paroissespentecotesaintpaul.ovh\/index.php\/paroisse-de-la-pentecote\/les-eglises-2\/\" target=_self class=\"wppb-btn-addons  wppb-btn-warning wppb-btn-rounded wppb-btn-standard\">LES EGLISES<\/a><\/div><div class=\"wppb-button-group repeater-1\"><a  href=\"http:\/\/paroissespentecotesaintpaul.ovh\/index.php\/paroisse-de-la-pentecote\/informations-pratiques\/\" target=_self class=\"wppb-btn-addons  wppb-btn-warning wppb-btn-rounded wppb-btn-standard\">INFORMATIONS PRATIQUES<\/a><\/div><\/div><\/div><\/div><\/div>                                            <\/div>\n                                        <\/div>\n                                    <\/div>\n\t\t\t\t\t\t\t\t\t                        <\/div>\n\n                    <\/div>\n                <\/div>\n\t\t\t\t                <div  class=\"wppb-row-parent  wppb-row-1600113684107 \"  >\n\t\t\t\t\t\n\t\t\t\t\t\t\t\t\t\t\n\t\t\t\t\t\t\t\t\t\t\n\t\t\t\t\t<div class=\"wppb-container \">\n\t\t\t\t\t\t\t\t\t\t\t\t\t\n                        <div class=\"wppb-row\">\n\t\t\t\t\t\t\t                                    <div  class=\"wppb-column-parent wppb-column-parent-view wppb-col-1600113684106  \"  >\n                                        <div class=\"wppb-column\">\n\t\t\t\t\t\n\t\t\t\t\t\t\t\t\t\t\t\n                                            <div class=\"wppb-builder-addons\">\n\t\t\t\t\t\t\t\t\t\t\t\t<div class='wppb-builder-addon wppb-addon-1600114562832'  data-addon-id='1600114562832'><div class='wppb-addon'><div class=\"wppb-addon wppb-button-addon\"><div class=\"wppb-button-addon-content\"><a  href=\"http:\/\/paroissespentecotesaintpaul.ovh\/index.php\/paroisse-de-la-pentecote\/equipe-animation-paroissiale\/\" target=_self class=\"wppb-btn-addons  wppb-btn-warning wppb-btn-rounded wppb-btn-standard wppb-btn-full-yes\">EQUIPE D&#039;ANIMATION PAROISSIALE<\/a><\/div><\/div><\/div><\/div>                                            <\/div>\n                                        <\/div>\n                                    <\/div>\n\t\t\t\t\t\t\t\t\t                        <\/div>\n\n                    <\/div>\n                <\/div>\n\t\t\t\t                <div  class=\"wppb-row-parent  wppb-row-1600113684229 \"  >\n\t\t\t\t\t\n\t\t\t\t\t\t\t\t\t\t\n\t\t\t\t\t\t\t\t\t\t\n\t\t\t\t\t<div class=\"wppb-container \">\n\t\t\t\t\t\t\t\t\t\t\t\t\t\n                        <div class=\"wppb-row\">\n\t\t\t\t\t\t\t                                    <div  class=\"wppb-column-parent wppb-column-parent-view wppb-col-1600113684228  \"  >\n                                        <div class=\"wppb-column\">\n\t\t\t\t\t\n\t\t\t\t\t\t\t\t\t\t\t\n                                            <div class=\"wppb-builder-addons\">\n\t\t\t\t\t\t\t\t\t\t\t\t<div class='wppb-builder-addon wppb-addon-1600114328153'  data-addon-id='1600114328153'><div class='wppb-addon'><div class=\"wppb-addon wppb-button-addon\"><div class=\"wppb-button-addon-content\"><a  href=\"http:\/\/paroissespentecotesaintpaul.ovh\/index.php\/paroisse-de-la-pentecote\/conseil-pour-les-affaires-economiques-paroissiales\/\" target=_self class=\"wppb-btn-addons  wppb-btn-warning wppb-btn-rounded wppb-btn-standard wppb-btn-full-yes\">CONSEIL POUR LES AFFAIRES ECONOMIQUES PAROISSIALES<\/a><\/div><\/div><\/div><\/div>                                            <\/div>\n                                        <\/div>\n                                    <\/div>\n\t\t\t\t\t\t\t\t\t                        <\/div>\n\n                    <\/div>\n                <\/div>\n\t\t\t\t                <div  class=\"wppb-row-parent  wppb-row-1600113684385 \"  >\n\t\t\t\t\t\n\t\t\t\t\t\t\t\t\t\t\n\t\t\t\t\t\t\t\t\t\t\n\t\t\t\t\t<div class=\"wppb-container \">\n\t\t\t\t\t\t\t\t\t\t\t\t\t\n                        <div class=\"wppb-row\">\n\t\t\t\t\t\t\t                                    <div  class=\"wppb-column-parent wppb-column-parent-view wppb-col-1600113684384  \"  >\n                                        <div class=\"wppb-column\">\n\t\t\t\t\t\n\t\t\t\t\t\t\t\t\t\t\t\n                                            <div class=\"wppb-builder-addons\">\n\t\t\t\t\t\t\t\t\t\t\t\t<div class='wppb-builder-addon wppb-addon-1600114461347'  data-addon-id='1600114461347'><div class='wppb-addon'><div class=\"wppb-addon wppb-button-addon\"><div class=\"wppb-button-addon-content\"><a  href=\"http:\/\/paroissespentecotesaintpaul.ovh\/index.php\/paroisse-de-la-pentecote\/calendrier-paroissial\/\" target=_self class=\"wppb-btn-addons  wppb-btn-warning wppb-btn-rounded wppb-btn-standard wppb-btn-full-yes\">CALENDRIER PAROISSIAL<\/a><\/div><\/div><\/div><\/div>                                            <\/div>\n                                        <\/div>\n                                    <\/div>\n\t\t\t\t\t\t\t\t\t                        <\/div>\n\n                    <\/div>\n                <\/div>\n\t\t\t\t<\/div>","protected":false},"excerpt":{"rendered":"<p>LES EGLISESINFORMATIONS PRATIQUES EQUIPE D&#039;ANIMATION PAROISSIALE CONSEIL POUR LES AFFAIRES ECONOMIQUES PAROISSIALES CALENDRIER PAROISSIAL<\/p>\n","protected":false},"author":1,"featured_media":0,"parent":0,"menu_order":0,"comment_status":"closed","ping_status":"closed","template":"","meta":{"_monsterinsights_skip_tracking":false,"_monsterinsights_sitenote_active":false,"_monsterinsights_sitenote_note":"","_monsterinsights_sitenote_category":0,"footnotes":""},"yoast_head":"<!-- This site is optimized with the Yoast SEO plugin v23.5 - https:\/\/yoast.com\/wordpress\/plugins\/seo\/ -->\n<title>PAROISSE DE LA PENTECOTE - Paroisses de la Pentec\u00f4te et de Saint-Paul Notre-Dame du Rosaire<\/title>\n<meta name=\"robots\" content=\"index, follow, max-snippet:-1, max-image-preview:large, max-video-preview:-1\" \/>\n<link rel=\"canonical\" href=\"https:\/\/paroissespentecotesaintpaul.ovh\/index.php\/paroisse-de-la-pentecote\/\" \/>\n<meta property=\"og:locale\" content=\"fr_FR\" \/>\n<meta property=\"og:type\" content=\"article\" \/>\n<meta property=\"og:title\" content=\"PAROISSE DE LA PENTECOTE - Paroisses de la Pentec\u00f4te et de Saint-Paul Notre-Dame du Rosaire\" \/>\n<meta property=\"og:description\" content=\"LES EGLISESINFORMATIONS PRATIQUES EQUIPE D&#039;ANIMATION PAROISSIALE CONSEIL POUR LES AFFAIRES ECONOMIQUES PAROISSIALES CALENDRIER PAROISSIAL\" \/>\n<meta property=\"og:url\" content=\"https:\/\/paroissespentecotesaintpaul.ovh\/index.php\/paroisse-de-la-pentecote\/\" \/>\n<meta property=\"og:site_name\" content=\"Paroisses de la Pentec\u00f4te et de Saint-Paul Notre-Dame du Rosaire\" \/>\n<meta property=\"og:image\" content=\"http:\/\/127.0.0.1:10080\/wordpress\/wp-content\/uploads\/2020\/03\/st-pierre2-300x180.jpg\" \/>\n<meta name=\"twitter:card\" content=\"summary_large_image\" \/>\n<script type=\"application\/ld+json\" class=\"yoast-schema-graph\">{\"@context\":\"https:\/\/schema.org\",\"@graph\":[{\"@type\":\"WebPage\",\"@id\":\"https:\/\/paroissespentecotesaintpaul.ovh\/index.php\/paroisse-de-la-pentecote\/\",\"url\":\"https:\/\/paroissespentecotesaintpaul.ovh\/index.php\/paroisse-de-la-pentecote\/\",\"name\":\"PAROISSE DE LA PENTECOTE - Paroisses de la Pentec\u00f4te et de Saint-Paul Notre-Dame du Rosaire\",\"isPartOf\":{\"@id\":\"https:\/\/paroissespentecotesaintpaul.ovh\/#website\"},\"primaryImageOfPage\":{\"@id\":\"https:\/\/paroissespentecotesaintpaul.ovh\/index.php\/paroisse-de-la-pentecote\/#primaryimage\"},\"image\":{\"@id\":\"https:\/\/paroissespentecotesaintpaul.ovh\/index.php\/paroisse-de-la-pentecote\/#primaryimage\"},\"thumbnailUrl\":\"http:\/\/127.0.0.1:10080\/wordpress\/wp-content\/uploads\/2020\/03\/st-pierre2-300x180.jpg\",\"datePublished\":\"2020-03-06T18:08:07+00:00\",\"dateModified\":\"2020-03-06T18:08:07+00:00\",\"breadcrumb\":{\"@id\":\"https:\/\/paroissespentecotesaintpaul.ovh\/index.php\/paroisse-de-la-pentecote\/#breadcrumb\"},\"inLanguage\":\"fr-FR\",\"potentialAction\":[{\"@type\":\"ReadAction\",\"target\":[\"https:\/\/paroissespentecotesaintpaul.ovh\/index.php\/paroisse-de-la-pentecote\/\"]}]},{\"@type\":\"ImageObject\",\"inLanguage\":\"fr-FR\",\"@id\":\"https:\/\/paroissespentecotesaintpaul.ovh\/index.php\/paroisse-de-la-pentecote\/#primaryimage\",\"url\":\"http:\/\/127.0.0.1:10080\/wordpress\/wp-content\/uploads\/2020\/03\/st-pierre2-300x180.jpg\",\"contentUrl\":\"http:\/\/127.0.0.1:10080\/wordpress\/wp-content\/uploads\/2020\/03\/st-pierre2-300x180.jpg\"},{\"@type\":\"BreadcrumbList\",\"@id\":\"https:\/\/paroissespentecotesaintpaul.ovh\/index.php\/paroisse-de-la-pentecote\/#breadcrumb\",\"itemListElement\":[{\"@type\":\"ListItem\",\"position\":1,\"name\":\"Home\",\"item\":\"https:\/\/paroissespentecotesaintpaul.ovh\/\"},{\"@type\":\"ListItem\",\"position\":2,\"name\":\"PAROISSE DE LA PENTECOTE\"}]},{\"@type\":\"WebSite\",\"@id\":\"https:\/\/paroissespentecotesaintpaul.ovh\/#website\",\"url\":\"https:\/\/paroissespentecotesaintpaul.ovh\/\",\"name\":\"Paroisses de la Pentec\u00f4te et de Saint-Paul Notre-Dame du Rosaire\",\"description\":\"Saint-Pierre -  Saint-Paul - Saint-Andr\u00e9 -  Notre-Dame des Ap\u00f4tres - Notre-Dame du Rosaire \",\"publisher\":{\"@id\":\"https:\/\/paroissespentecotesaintpaul.ovh\/#organization\"},\"potentialAction\":[{\"@type\":\"SearchAction\",\"target\":{\"@type\":\"EntryPoint\",\"urlTemplate\":\"https:\/\/paroissespentecotesaintpaul.ovh\/?s={search_term_string}\"},\"query-input\":{\"@type\":\"PropertyValueSpecification\",\"valueRequired\":true,\"valueName\":\"search_term_string\"}}],\"inLanguage\":\"fr-FR\"},{\"@type\":\"Organization\",\"@id\":\"https:\/\/paroissespentecotesaintpaul.ovh\/#organization\",\"name\":\"Paroisses de la Pentecote Saint-Paul Notre-Dame du Rosaire\",\"url\":\"https:\/\/paroissespentecotesaintpaul.ovh\/\",\"logo\":{\"@type\":\"ImageObject\",\"inLanguage\":\"fr-FR\",\"@id\":\"https:\/\/paroissespentecotesaintpaul.ovh\/#\/schema\/logo\/image\/\",\"url\":\"http:\/\/paroissespentecotesaintpaul.ovh\/wp-content\/uploads\/2020\/09\/logo-commun.png\",\"contentUrl\":\"http:\/\/paroissespentecotesaintpaul.ovh\/wp-content\/uploads\/2020\/09\/logo-commun.png\",\"width\":453,\"height\":235,\"caption\":\"Paroisses de la Pentecote Saint-Paul Notre-Dame du Rosaire\"},\"image\":{\"@id\":\"https:\/\/paroissespentecotesaintpaul.ovh\/#\/schema\/logo\/image\/\"}}]}<\/script>\n<!-- \/ Yoast SEO plugin. -->","yoast_head_json":{"title":"PAROISSE DE LA PENTECOTE - Paroisses de la Pentec\u00f4te et de Saint-Paul Notre-Dame du Rosaire","robots":{"index":"index","follow":"follow","max-snippet":"max-snippet:-1","max-image-preview":"max-image-preview:large","max-video-preview":"max-video-preview:-1"},"canonical":"https:\/\/paroissespentecotesaintpaul.ovh\/index.php\/paroisse-de-la-pentecote\/","og_locale":"fr_FR","og_type":"article","og_title":"PAROISSE DE LA PENTECOTE - Paroisses de la Pentec\u00f4te et de Saint-Paul Notre-Dame du Rosaire","og_description":"LES EGLISESINFORMATIONS PRATIQUES EQUIPE D&#039;ANIMATION PAROISSIALE CONSEIL POUR LES AFFAIRES ECONOMIQUES PAROISSIALES CALENDRIER PAROISSIAL","og_url":"https:\/\/paroissespentecotesaintpaul.ovh\/index.php\/paroisse-de-la-pentecote\/","og_site_name":"Paroisses de la Pentec\u00f4te et de Saint-Paul Notre-Dame du Rosaire","og_image":[{"url":"http:\/\/127.0.0.1:10080\/wordpress\/wp-content\/uploads\/2020\/03\/st-pierre2-300x180.jpg"}],"twitter_card":"summary_large_image","schema":{"@context":"https:\/\/schema.org","@graph":[{"@type":"WebPage","@id":"https:\/\/paroissespentecotesaintpaul.ovh\/index.php\/paroisse-de-la-pentecote\/","url":"https:\/\/paroissespentecotesaintpaul.ovh\/index.php\/paroisse-de-la-pentecote\/","name":"PAROISSE DE LA PENTECOTE - Paroisses de la Pentec\u00f4te et de Saint-Paul Notre-Dame du Rosaire","isPartOf":{"@id":"https:\/\/paroissespentecotesaintpaul.ovh\/#website"},"primaryImageOfPage":{"@id":"https:\/\/paroissespentecotesaintpaul.ovh\/index.php\/paroisse-de-la-pentecote\/#primaryimage"},"image":{"@id":"https:\/\/paroissespentecotesaintpaul.ovh\/index.php\/paroisse-de-la-pentecote\/#primaryimage"},"thumbnailUrl":"http:\/\/127.0.0.1:10080\/wordpress\/wp-content\/uploads\/2020\/03\/st-pierre2-300x180.jpg","datePublished":"2020-03-06T18:08:07+00:00","dateModified":"2020-03-06T18:08:07+00:00","breadcrumb":{"@id":"https:\/\/paroissespentecotesaintpaul.ovh\/index.php\/paroisse-de-la-pentecote\/#breadcrumb"},"inLanguage":"fr-FR","potentialAction":[{"@type":"ReadAction","target":["https:\/\/paroissespentecotesaintpaul.ovh\/index.php\/paroisse-de-la-pentecote\/"]}]},{"@type":"ImageObject","inLanguage":"fr-FR","@id":"https:\/\/paroissespentecotesaintpaul.ovh\/index.php\/paroisse-de-la-pentecote\/#primaryimage","url":"http:\/\/127.0.0.1:10080\/wordpress\/wp-content\/uploads\/2020\/03\/st-pierre2-300x180.jpg","contentUrl":"http:\/\/127.0.0.1:10080\/wordpress\/wp-content\/uploads\/2020\/03\/st-pierre2-300x180.jpg"},{"@type":"BreadcrumbList","@id":"https:\/\/paroissespentecotesaintpaul.ovh\/index.php\/paroisse-de-la-pentecote\/#breadcrumb","itemListElement":[{"@type":"ListItem","position":1,"name":"Home","item":"https:\/\/paroissespentecotesaintpaul.ovh\/"},{"@type":"ListItem","position":2,"name":"PAROISSE DE LA PENTECOTE"}]},{"@type":"WebSite","@id":"https:\/\/paroissespentecotesaintpaul.ovh\/#website","url":"https:\/\/paroissespentecotesaintpaul.ovh\/","name":"Paroisses de la Pentec\u00f4te et de Saint-Paul Notre-Dame du Rosaire","description":"Saint-Pierre -  Saint-Paul - Saint-Andr\u00e9 -  Notre-Dame des Ap\u00f4tres - Notre-Dame du Rosaire ","publisher":{"@id":"https:\/\/paroissespentecotesaintpaul.ovh\/#organization"},"potentialAction":[{"@type":"SearchAction","target":{"@type":"EntryPoint","urlTemplate":"https:\/\/paroissespentecotesaintpaul.ovh\/?s={search_term_string}"},"query-input":{"@type":"PropertyValueSpecification","valueRequired":true,"valueName":"search_term_string"}}],"inLanguage":"fr-FR"},{"@type":"Organization","@id":"https:\/\/paroissespentecotesaintpaul.ovh\/#organization","name":"Paroisses de la Pentecote Saint-Paul Notre-Dame du Rosaire","url":"https:\/\/paroissespentecotesaintpaul.ovh\/","logo":{"@type":"ImageObject","inLanguage":"fr-FR","@id":"https:\/\/paroissespentecotesaintpaul.ovh\/#\/schema\/logo\/image\/","url":"http:\/\/paroissespentecotesaintpaul.ovh\/wp-content\/uploads\/2020\/09\/logo-commun.png","contentUrl":"http:\/\/paroissespentecotesaintpaul.ovh\/wp-content\/uploads\/2020\/09\/logo-commun.png","width":453,"height":235,"caption":"Paroisses de la Pentecote Saint-Paul Notre-Dame du Rosaire"},"image":{"@id":"https:\/\/paroissespentecotesaintpaul.ovh\/#\/schema\/logo\/image\/"}}]}},"_links":{"self":[{"href":"https:\/\/paroissespentecotesaintpaul.ovh\/index.php\/wp-json\/wp\/v2\/pages\/71"}],"collection":[{"href":"https:\/\/paroissespentecotesaintpaul.ovh\/index.php\/wp-json\/wp\/v2\/pages"}],"about":[{"href":"https:\/\/paroissespentecotesaintpaul.ovh\/index.php\/wp-json\/wp\/v2\/types\/page"}],"author":[{"embeddable":true,"href":"https:\/\/paroissespentecotesaintpaul.ovh\/index.php\/wp-json\/wp\/v2\/users\/1"}],"replies":[{"embeddable":true,"href":"https:\/\/paroissespentecotesaintpaul.ovh\/index.php\/wp-json\/wp\/v2\/comments?post=71"}],"version-history":[{"count":1,"href":"https:\/\/paroissespentecotesaintpaul.ovh\/index.php\/wp-json\/wp\/v2\/pages\/71\/revisions"}],"predecessor-version":[{"id":3625,"href":"https:\/\/paroissespentecotesaintpaul.ovh\/index.php\/wp-json\/wp\/v2\/pages\/71\/revisions\/3625"}],"wp:attachment":[{"href":"https:\/\/paroissespentecotesaintpaul.ovh\/index.php\/wp-json\/wp\/v2\/media?parent=71"}],"curies":[{"name":"wp","href":"https:\/\/api.w.org\/{rel}","templated":true}]}}