{"id":92,"date":"2020-08-16T15:50:01","date_gmt":"2020-08-16T13:50:01","guid":{"rendered":"http:\/\/127.0.0.1:10080\/wordpress\/?page_id=92"},"modified":"2020-09-19T19:49:43","modified_gmt":"2020-09-19T17:49:43","slug":"la-croix-de-reze","status":"publish","type":"page","link":"https:\/\/paroissespentecotesaintpaul.ovh\/index.php\/paroisse-saint-paul-notre-dame-du-rosaire\/la-croix-de-reze\/","title":{"rendered":"LA CROIX DE L&rsquo;EGLISE NOTRE DAME DU ROSAIRE"},"content":{"rendered":"<div id=\"wppb-builder-container\" class=\"wppb-builder-container\">                <div  class=\"wppb-row-parent  wppb-row-1600532837736 \"  >\n\t\t\t\t\t\n\t\t\t\t\t\t\t\t\t\t\n\t\t\t\t\t\t\t\t\t\t\n\t\t\t\t\t<div class=\"wppb-container \">\n\t\t\t\t\t\t\t\t\t\t\t\t\t\n                        <div class=\"wppb-row\">\n\t\t\t\t\t\t\t                                    <div  class=\"wppb-column-parent wppb-column-parent-view wppb-col-1600532837735  \"  >\n                                        <div class=\"wppb-column\">\n\t\t\t\t\t\n\t\t\t\t\t\t\t\t\t\t\t\n                                            <div class=\"wppb-builder-addons\">\n\t\t\t\t\t\t\t\t\t\t\t\t<div class='wppb-builder-addon wppb-addon-1600534072433'  data-addon-id='1600534072433'><div class='wppb-addon'><div class=\"wppb-text-block-addon\"><div class=\"wppb-text-block-content 0\"><p>De g\u00e9n\u00e9reux donateurs ont permis l'acquisition de cette superbe sculpture, qui est install\u00e9e d\u00e9finitivement \u00e0 Notre-Dame du Rosaire .<\/p><\/div><\/div><\/div><\/div>                                            <\/div>\n                                        <\/div>\n                                    <\/div>\n\t\t\t\t\t\t\t\t\t                        <\/div>\n\n                    <\/div>\n                <\/div>\n\t\t\t\t                <div  class=\"wppb-row-parent  wppb-row-1600532837904 \"  >\n\t\t\t\t\t\n\t\t\t\t\t\t\t\t\t\t\n\t\t\t\t\t\t\t\t\t\t\n\t\t\t\t\t<div class=\"wppb-container \">\n\t\t\t\t\t\t\t\t\t\t\t\t\t\n                        <div class=\"wppb-row\">\n\t\t\t\t\t\t\t                                    <div  class=\"wppb-column-parent wppb-column-parent-view wppb-col-1600532837903  \"  >\n                                        <div class=\"wppb-column\">\n\t\t\t\t\t\n\t\t\t\t\t\t\t\t\t\t\t\n                                            <div class=\"wppb-builder-addons\">\n\t\t\t\t\t\t\t\t\t\t\t\t<div class='wppb-builder-addon wppb-addon-1600534156464'  data-addon-id='1600534156464'><div class='wppb-addon'><div class=\"wppb-text-block-addon\"><div class=\"wppb-text-block-content 0\"><h3><strong>Notre Dame du Rosaire et sa Croix transfigurante<\/strong><\/h3><\/div><\/div><\/div><\/div>                                            <\/div>\n                                        <\/div>\n                                    <\/div>\n\t\t\t\t\t\t\t\t\t                        <\/div>\n\n                    <\/div>\n                <\/div>\n\t\t\t\t                <div  class=\"wppb-row-parent  wppb-row-1600532837260 \"  >\n\t\t\t\t\t\n\t\t\t\t\t\t\t\t\t\t\n\t\t\t\t\t\t\t\t\t\t\n\t\t\t\t\t<div class=\"wppb-container \">\n\t\t\t\t\t\t\t\t\t\t\t\t\t\n                        <div class=\"wppb-row\">\n\t\t\t\t\t\t\t                                    <div  class=\"wppb-column-parent wppb-column-parent-view wppb-col-1600532837258  \"  >\n                                        <div class=\"wppb-column\">\n\t\t\t\t\t\n\t\t\t\t\t\t\t\t\t\t\t\n                                            <div class=\"wppb-builder-addons\">\n\t\t\t\t\t\t\t\t\t\t\t\t<div class='wppb-builder-addon wppb-addon-1600532883047'  data-addon-id='1600532883047'><div class='wppb-addon'><div class=\"wppb-image-addon\"><figure class=\"wppb-image-addon-content-wrap\"><div class=\"wppb-image-addon-content wppb-imginlineblock\"><img decoding=\"async\" class=\"wppb-image-addon-img\" src=\"http:\/\/paroissespentecotesaintpaul.ovh\/wp-content\/uploads\/2020\/08\/croix-de-reze-1.png\" alt=\"Image\"><\/div><figcaption class=\"wppb-addon-image-caption\">Croix de Notre Dame du Rosaire<\/figcaption><\/figure><\/div><\/div><\/div>                                            <\/div>\n                                        <\/div>\n                                    <\/div>\n\t\t\t\t\t\t\t\t\t                                    <div  class=\"wppb-column-parent wppb-column-parent-view wppb-col-1600532837259  \"  >\n                                        <div class=\"wppb-column\">\n\t\t\t\t\t\n\t\t\t\t\t\t\t\t\t\t\t\n                                            <div class=\"wppb-builder-addons\">\n\t\t\t\t\t\t\t\t\t\t\t\t<div class='wppb-builder-addon wppb-addon-1600533674781'  data-addon-id='1600533674781'><div class='wppb-addon'><div class=\"wppb-text-block-addon\"><div class=\"wppb-text-block-content 0\"><p>Si ce n\u2019est une cascade d\u2019eau et de lumi\u00e8re.<\/p>\n<p>Rien,<\/p>\n<p>Sinon deux bras, humbles, engageants, pudiques.<\/p>\n<p>Rien,<\/p>\n<p>Sinon cet interstice de haut en bas,<\/p>\n<p>Etonnant comme un pliage Japonais,<\/p>\n<p>myst\u00e9rieux comme la vie qui resplendit.<\/p>\n<p>Rien,<\/p>\n<p>Sinon ce sommet, t\u00eate d\u00e9j\u00e0 dans le ciel, inaccessible et proche;<\/p>\n<p>\u00f4 homme qui te tient au pied de ma croix,<\/p>\n<p>re\u00e7oit d\u2019elle la simplicit\u00e9 de l\u2019innocence,<\/p>\n<p>La o\u00f9 ne r\u00e8gneront jamais plus ni le p\u00each\u00e9, ni le mal, ni la mort.<\/p>\n<p>Re\u00e7oit la simplicit\u00e9 des origines, celle d\u2019o\u00f9 tu viens, celle vers laquelle tu vas, d\u00e9vers\u00e9e \u00e0 grands flots<\/p>\n<p>Comme l\u2019\u00e9pouse re\u00e7oit l\u2019\u00e9poux, Et l\u2019\u00e9glise son Seigneur de gloire, Don gracieux du P\u00e8re et \u0153uvre de l\u2019Esprit.<\/p>\n<p>\u00ab Comme toujours la beaut\u00e9 sauvera le monde \u00bb. Bernard Grenierr<\/p><\/div><\/div><\/div><\/div>                                            <\/div>\n                                        <\/div>\n                                    <\/div>\n\t\t\t\t\t\t\t\t\t                        <\/div>\n\n                    <\/div>\n                <\/div>\n\t\t\t\t<\/div>","protected":false},"excerpt":{"rendered":"<p>De g\u00e9n\u00e9reux donateurs ont permis l&rsquo;acquisition de cette superbe sculpture, qui est install\u00e9e d\u00e9finitivement \u00e0 Notre-Dame du Rosaire . Notre Dame du Rosaire et sa [&hellip;] <span class=\"read-more-link\"><a class=\"read-more\" href=\"https:\/\/paroissespentecotesaintpaul.ovh\/index.php\/paroisse-saint-paul-notre-dame-du-rosaire\/la-croix-de-reze\/\">Read More<\/a><\/span><\/p>\n","protected":false},"author":1,"featured_media":0,"parent":88,"menu_order":5,"comment_status":"closed","ping_status":"closed","template":"","meta":{"_monsterinsights_skip_tracking":false,"_monsterinsights_sitenote_active":false,"_monsterinsights_sitenote_note":"","_monsterinsights_sitenote_category":0,"footnotes":""},"yoast_head":"<!-- This site is optimized with the Yoast SEO plugin v23.5 - https:\/\/yoast.com\/wordpress\/plugins\/seo\/ -->\n<title>LA CROIX DE L&#039;EGLISE NOTRE DAME DU ROSAIRE - Paroisses de la Pentec\u00f4te et de Saint-Paul Notre-Dame du Rosaire<\/title>\n<meta name=\"robots\" content=\"index, follow, max-snippet:-1, max-image-preview:large, max-video-preview:-1\" \/>\n<link rel=\"canonical\" href=\"https:\/\/paroissespentecotesaintpaul.ovh\/index.php\/paroisse-saint-paul-notre-dame-du-rosaire\/la-croix-de-reze\/\" \/>\n<meta property=\"og:locale\" content=\"fr_FR\" \/>\n<meta property=\"og:type\" content=\"article\" \/>\n<meta property=\"og:title\" content=\"LA CROIX DE L&#039;EGLISE NOTRE DAME DU ROSAIRE - Paroisses de la Pentec\u00f4te et de Saint-Paul Notre-Dame du Rosaire\" \/>\n<meta property=\"og:description\" content=\"De g\u00e9n\u00e9reux donateurs ont permis l&#039;acquisition de cette superbe sculpture, qui est install\u00e9e d\u00e9finitivement \u00e0 Notre-Dame du Rosaire . Notre Dame du Rosaire et sa [&hellip;] Read More\" \/>\n<meta property=\"og:url\" content=\"https:\/\/paroissespentecotesaintpaul.ovh\/index.php\/paroisse-saint-paul-notre-dame-du-rosaire\/la-croix-de-reze\/\" \/>\n<meta property=\"og:site_name\" content=\"Paroisses de la Pentec\u00f4te et de Saint-Paul Notre-Dame du Rosaire\" \/>\n<meta property=\"article:modified_time\" content=\"2020-09-19T17:49:43+00:00\" \/>\n<meta name=\"twitter:card\" content=\"summary_large_image\" \/>\n<script type=\"application\/ld+json\" class=\"yoast-schema-graph\">{\"@context\":\"https:\/\/schema.org\",\"@graph\":[{\"@type\":\"WebPage\",\"@id\":\"https:\/\/paroissespentecotesaintpaul.ovh\/index.php\/paroisse-saint-paul-notre-dame-du-rosaire\/la-croix-de-reze\/\",\"url\":\"https:\/\/paroissespentecotesaintpaul.ovh\/index.php\/paroisse-saint-paul-notre-dame-du-rosaire\/la-croix-de-reze\/\",\"name\":\"LA CROIX DE L'EGLISE NOTRE DAME DU ROSAIRE - Paroisses de la Pentec\u00f4te et de Saint-Paul Notre-Dame du Rosaire\",\"isPartOf\":{\"@id\":\"https:\/\/paroissespentecotesaintpaul.ovh\/#website\"},\"datePublished\":\"2020-08-16T13:50:01+00:00\",\"dateModified\":\"2020-09-19T17:49:43+00:00\",\"breadcrumb\":{\"@id\":\"https:\/\/paroissespentecotesaintpaul.ovh\/index.php\/paroisse-saint-paul-notre-dame-du-rosaire\/la-croix-de-reze\/#breadcrumb\"},\"inLanguage\":\"fr-FR\",\"potentialAction\":[{\"@type\":\"ReadAction\",\"target\":[\"https:\/\/paroissespentecotesaintpaul.ovh\/index.php\/paroisse-saint-paul-notre-dame-du-rosaire\/la-croix-de-reze\/\"]}]},{\"@type\":\"BreadcrumbList\",\"@id\":\"https:\/\/paroissespentecotesaintpaul.ovh\/index.php\/paroisse-saint-paul-notre-dame-du-rosaire\/la-croix-de-reze\/#breadcrumb\",\"itemListElement\":[{\"@type\":\"ListItem\",\"position\":1,\"name\":\"Home\",\"item\":\"https:\/\/paroissespentecotesaintpaul.ovh\/\"},{\"@type\":\"ListItem\",\"position\":2,\"name\":\"PAROISSE SAINT PAUL NOTRE DAME DU ROSAIRE\",\"item\":\"https:\/\/paroissespentecotesaintpaul.ovh\/index.php\/paroisse-saint-paul-notre-dame-du-rosaire\/\"},{\"@type\":\"ListItem\",\"position\":3,\"name\":\"LA CROIX DE L&rsquo;EGLISE NOTRE DAME DU ROSAIRE\"}]},{\"@type\":\"WebSite\",\"@id\":\"https:\/\/paroissespentecotesaintpaul.ovh\/#website\",\"url\":\"https:\/\/paroissespentecotesaintpaul.ovh\/\",\"name\":\"Paroisses de la Pentec\u00f4te et de Saint-Paul Notre-Dame du Rosaire\",\"description\":\"Saint-Pierre -  Saint-Paul - Saint-Andr\u00e9 -  Notre-Dame des Ap\u00f4tres - Notre-Dame du Rosaire \",\"publisher\":{\"@id\":\"https:\/\/paroissespentecotesaintpaul.ovh\/#organization\"},\"potentialAction\":[{\"@type\":\"SearchAction\",\"target\":{\"@type\":\"EntryPoint\",\"urlTemplate\":\"https:\/\/paroissespentecotesaintpaul.ovh\/?s={search_term_string}\"},\"query-input\":{\"@type\":\"PropertyValueSpecification\",\"valueRequired\":true,\"valueName\":\"search_term_string\"}}],\"inLanguage\":\"fr-FR\"},{\"@type\":\"Organization\",\"@id\":\"https:\/\/paroissespentecotesaintpaul.ovh\/#organization\",\"name\":\"Paroisses de la Pentecote Saint-Paul Notre-Dame du Rosaire\",\"url\":\"https:\/\/paroissespentecotesaintpaul.ovh\/\",\"logo\":{\"@type\":\"ImageObject\",\"inLanguage\":\"fr-FR\",\"@id\":\"https:\/\/paroissespentecotesaintpaul.ovh\/#\/schema\/logo\/image\/\",\"url\":\"http:\/\/paroissespentecotesaintpaul.ovh\/wp-content\/uploads\/2020\/09\/logo-commun.png\",\"contentUrl\":\"http:\/\/paroissespentecotesaintpaul.ovh\/wp-content\/uploads\/2020\/09\/logo-commun.png\",\"width\":453,\"height\":235,\"caption\":\"Paroisses de la Pentecote Saint-Paul Notre-Dame du Rosaire\"},\"image\":{\"@id\":\"https:\/\/paroissespentecotesaintpaul.ovh\/#\/schema\/logo\/image\/\"}}]}<\/script>\n<!-- \/ Yoast SEO plugin. -->","yoast_head_json":{"title":"LA CROIX DE L'EGLISE NOTRE DAME DU ROSAIRE - Paroisses de la Pentec\u00f4te et de Saint-Paul Notre-Dame du Rosaire","robots":{"index":"index","follow":"follow","max-snippet":"max-snippet:-1","max-image-preview":"max-image-preview:large","max-video-preview":"max-video-preview:-1"},"canonical":"https:\/\/paroissespentecotesaintpaul.ovh\/index.php\/paroisse-saint-paul-notre-dame-du-rosaire\/la-croix-de-reze\/","og_locale":"fr_FR","og_type":"article","og_title":"LA CROIX DE L'EGLISE NOTRE DAME DU ROSAIRE - Paroisses de la Pentec\u00f4te et de Saint-Paul Notre-Dame du Rosaire","og_description":"De g\u00e9n\u00e9reux donateurs ont permis l'acquisition de cette superbe sculpture, qui est install\u00e9e d\u00e9finitivement \u00e0 Notre-Dame du Rosaire . Notre Dame du Rosaire et sa [&hellip;] Read More","og_url":"https:\/\/paroissespentecotesaintpaul.ovh\/index.php\/paroisse-saint-paul-notre-dame-du-rosaire\/la-croix-de-reze\/","og_site_name":"Paroisses de la Pentec\u00f4te et de Saint-Paul Notre-Dame du Rosaire","article_modified_time":"2020-09-19T17:49:43+00:00","twitter_card":"summary_large_image","schema":{"@context":"https:\/\/schema.org","@graph":[{"@type":"WebPage","@id":"https:\/\/paroissespentecotesaintpaul.ovh\/index.php\/paroisse-saint-paul-notre-dame-du-rosaire\/la-croix-de-reze\/","url":"https:\/\/paroissespentecotesaintpaul.ovh\/index.php\/paroisse-saint-paul-notre-dame-du-rosaire\/la-croix-de-reze\/","name":"LA CROIX DE L'EGLISE NOTRE DAME DU ROSAIRE - Paroisses de la Pentec\u00f4te et de Saint-Paul Notre-Dame du Rosaire","isPartOf":{"@id":"https:\/\/paroissespentecotesaintpaul.ovh\/#website"},"datePublished":"2020-08-16T13:50:01+00:00","dateModified":"2020-09-19T17:49:43+00:00","breadcrumb":{"@id":"https:\/\/paroissespentecotesaintpaul.ovh\/index.php\/paroisse-saint-paul-notre-dame-du-rosaire\/la-croix-de-reze\/#breadcrumb"},"inLanguage":"fr-FR","potentialAction":[{"@type":"ReadAction","target":["https:\/\/paroissespentecotesaintpaul.ovh\/index.php\/paroisse-saint-paul-notre-dame-du-rosaire\/la-croix-de-reze\/"]}]},{"@type":"BreadcrumbList","@id":"https:\/\/paroissespentecotesaintpaul.ovh\/index.php\/paroisse-saint-paul-notre-dame-du-rosaire\/la-croix-de-reze\/#breadcrumb","itemListElement":[{"@type":"ListItem","position":1,"name":"Home","item":"https:\/\/paroissespentecotesaintpaul.ovh\/"},{"@type":"ListItem","position":2,"name":"PAROISSE SAINT PAUL NOTRE DAME DU ROSAIRE","item":"https:\/\/paroissespentecotesaintpaul.ovh\/index.php\/paroisse-saint-paul-notre-dame-du-rosaire\/"},{"@type":"ListItem","position":3,"name":"LA CROIX DE L&rsquo;EGLISE NOTRE DAME DU ROSAIRE"}]},{"@type":"WebSite","@id":"https:\/\/paroissespentecotesaintpaul.ovh\/#website","url":"https:\/\/paroissespentecotesaintpaul.ovh\/","name":"Paroisses de la Pentec\u00f4te et de Saint-Paul Notre-Dame du Rosaire","description":"Saint-Pierre -  Saint-Paul - Saint-Andr\u00e9 -  Notre-Dame des Ap\u00f4tres - Notre-Dame du Rosaire ","publisher":{"@id":"https:\/\/paroissespentecotesaintpaul.ovh\/#organization"},"potentialAction":[{"@type":"SearchAction","target":{"@type":"EntryPoint","urlTemplate":"https:\/\/paroissespentecotesaintpaul.ovh\/?s={search_term_string}"},"query-input":{"@type":"PropertyValueSpecification","valueRequired":true,"valueName":"search_term_string"}}],"inLanguage":"fr-FR"},{"@type":"Organization","@id":"https:\/\/paroissespentecotesaintpaul.ovh\/#organization","name":"Paroisses de la Pentecote Saint-Paul Notre-Dame du Rosaire","url":"https:\/\/paroissespentecotesaintpaul.ovh\/","logo":{"@type":"ImageObject","inLanguage":"fr-FR","@id":"https:\/\/paroissespentecotesaintpaul.ovh\/#\/schema\/logo\/image\/","url":"http:\/\/paroissespentecotesaintpaul.ovh\/wp-content\/uploads\/2020\/09\/logo-commun.png","contentUrl":"http:\/\/paroissespentecotesaintpaul.ovh\/wp-content\/uploads\/2020\/09\/logo-commun.png","width":453,"height":235,"caption":"Paroisses de la Pentecote Saint-Paul Notre-Dame du Rosaire"},"image":{"@id":"https:\/\/paroissespentecotesaintpaul.ovh\/#\/schema\/logo\/image\/"}}]}},"_links":{"self":[{"href":"https:\/\/paroissespentecotesaintpaul.ovh\/index.php\/wp-json\/wp\/v2\/pages\/92"}],"collection":[{"href":"https:\/\/paroissespentecotesaintpaul.ovh\/index.php\/wp-json\/wp\/v2\/pages"}],"about":[{"href":"https:\/\/paroissespentecotesaintpaul.ovh\/index.php\/wp-json\/wp\/v2\/types\/page"}],"author":[{"embeddable":true,"href":"https:\/\/paroissespentecotesaintpaul.ovh\/index.php\/wp-json\/wp\/v2\/users\/1"}],"replies":[{"embeddable":true,"href":"https:\/\/paroissespentecotesaintpaul.ovh\/index.php\/wp-json\/wp\/v2\/comments?post=92"}],"version-history":[{"count":10,"href":"https:\/\/paroissespentecotesaintpaul.ovh\/index.php\/wp-json\/wp\/v2\/pages\/92\/revisions"}],"predecessor-version":[{"id":3075,"href":"https:\/\/paroissespentecotesaintpaul.ovh\/index.php\/wp-json\/wp\/v2\/pages\/92\/revisions\/3075"}],"up":[{"embeddable":true,"href":"https:\/\/paroissespentecotesaintpaul.ovh\/index.php\/wp-json\/wp\/v2\/pages\/88"}],"wp:attachment":[{"href":"https:\/\/paroissespentecotesaintpaul.ovh\/index.php\/wp-json\/wp\/v2\/media?parent=92"}],"curies":[{"name":"wp","href":"https:\/\/api.w.org\/{rel}","templated":true}]}}